{"id":27796,"date":"2023-06-19T12:30:17","date_gmt":"2023-06-19T12:30:17","guid":{"rendered":"https:\/\/holz-authentisch.de\/produkt\/tondo-di-eucalipto"},"modified":"2023-06-19T12:30:17","modified_gmt":"2023-06-19T12:30:17","slug":"tondo-di-eucalipto","status":"publish","type":"product","link":"https:\/\/holz-authentisch.de\/it\/produkt\/tondo-di-eucalipto","title":{"rendered":"Tondo di eucalipto"},"content":{"rendered":"<p>Il genere Eucacypts comprende 700-800 specie, originarie soprattutto dell&#8217;Australia. Raramente un albero d\u00e0 forma a un Paese come l&#8217;eucalipto all&#8217;Australia. Nel frattempo, alcune specie come l&#8217;eucalipto rosso si trovano anche nell&#8217;Europa meridionale. Il profumo degli oli essenziali di eucalipto \u00e8 probabilmente il pi\u00f9 noto nel campo del trattamento del raffreddore. Le sue propriet\u00e0 curative erano gi\u00e0 note agli aborigeni. Il colore del durame dell&#8217;eucalipto rosso varia dal rosso vivo a tonalit\u00e0 marroni profonde. Mostra bellissimi gradienti di struttura fluida e ondulata. Grazie alla sua elevata resistenza agli agenti atmosferici, viene spesso utilizzato anche nella costruzione di navi. Come si pu\u00f2 vedere dai koala, l&#8217;eucalipto ha un effetto rilassante, ma anche purificante e liberatorio.<\/p>\n","protected":false},"excerpt":{"rendered":"<p>Vari tronchi di eucalipto<\/p>\n<p><strong>Diametro: circa 5-12 cm<\/strong><\/p>\n<p><strong>Lunghezze: 20-50 cm<\/strong><\/p>\n<p><strong>Inviate la vostra richiesta direttamente a info@holz-authentisch.de o tramite il modulo di contatto.<\/strong><\/p>\n","protected":false},"featured_media":27760,"template":"","meta":[],"product_brand":[],"product_cat":[753,769],"product_tag":[],"class_list":{"0":"post-27796","1":"product","2":"type-product","3":"status-publish","4":"has-post-thumbnail","6":"product_cat-registri","7":"product_cat-eucalipto","9":"first","10":"instock","11":"taxable","12":"shipping-taxable","13":"product-type-simple","14":"add-to-wishlist-after_add_to_cart"},"yoast_head":"<!-- This site is optimized with the Yoast SEO plugin v27.6 - https:\/\/yoast.com\/product\/yoast-seo-wordpress\/ -->\n<title>Tondo di eucalipto - Holz Authentisch<\/title>\n<meta name=\"description\" content=\"Tondo di eucalipto\" \/>\n<meta name=\"robots\" content=\"index, follow, max-snippet:-1, max-image-preview:large, max-video-preview:-1\" \/>\n<link rel=\"canonical\" href=\"https:\/\/holz-authentisch.de\/it\/produkt\/tondo-di-eucalipto\" \/>\n<meta property=\"og:locale\" content=\"it_IT\" \/>\n<meta property=\"og:type\" content=\"article\" \/>\n<meta property=\"og:title\" content=\"Tondo di eucalipto - Holz Authentisch\" \/>\n<meta property=\"og:description\" content=\"Tondo di eucalipto\" \/>\n<meta property=\"og:url\" content=\"https:\/\/holz-authentisch.de\/it\/produkt\/tondo-di-eucalipto\" \/>\n<meta property=\"og:site_name\" content=\"Holz Authentisch\" \/>\n<meta property=\"og:image\" content=\"https:\/\/holz-authentisch.de\/wp-content\/uploads\/2023\/06\/Eukalyptus-Rundholz.jpg\" \/>\n\t<meta property=\"og:image:width\" content=\"662\" \/>\n\t<meta property=\"og:image:height\" content=\"1000\" \/>\n\t<meta property=\"og:image:type\" content=\"image\/jpeg\" \/>\n<meta name=\"twitter:card\" content=\"summary_large_image\" \/>\n<meta name=\"twitter:label1\" content=\"Tempo di lettura stimato\" \/>\n\t<meta name=\"twitter:data1\" content=\"1 minuto\" \/>\n<script type=\"application\/ld+json\" class=\"yoast-schema-graph\">{\"@context\":\"https:\\\/\\\/schema.org\",\"@graph\":[{\"@type\":\"WebPage\",\"@id\":\"https:\\\/\\\/holz-authentisch.de\\\/it\\\/produkt\\\/tondo-di-eucalipto\",\"url\":\"https:\\\/\\\/holz-authentisch.de\\\/it\\\/produkt\\\/tondo-di-eucalipto\",\"name\":\"Tondo di eucalipto - Holz Authentisch\",\"isPartOf\":{\"@id\":\"https:\\\/\\\/holz-authentisch.de\\\/it#website\"},\"primaryImageOfPage\":{\"@id\":\"https:\\\/\\\/holz-authentisch.de\\\/it\\\/produkt\\\/tondo-di-eucalipto#primaryimage\"},\"image\":{\"@id\":\"https:\\\/\\\/holz-authentisch.de\\\/it\\\/produkt\\\/tondo-di-eucalipto#primaryimage\"},\"thumbnailUrl\":\"https:\\\/\\\/holz-authentisch.de\\\/wp-content\\\/uploads\\\/2023\\\/06\\\/Eukalyptus-Rundholz.jpg\",\"datePublished\":\"2023-06-19T12:30:17+00:00\",\"description\":\"Tondo di eucalipto\",\"breadcrumb\":{\"@id\":\"https:\\\/\\\/holz-authentisch.de\\\/it\\\/produkt\\\/tondo-di-eucalipto#breadcrumb\"},\"inLanguage\":\"it-IT\",\"potentialAction\":[{\"@type\":\"ReadAction\",\"target\":[\"https:\\\/\\\/holz-authentisch.de\\\/it\\\/produkt\\\/tondo-di-eucalipto\"]}]},{\"@type\":\"ImageObject\",\"inLanguage\":\"it-IT\",\"@id\":\"https:\\\/\\\/holz-authentisch.de\\\/it\\\/produkt\\\/tondo-di-eucalipto#primaryimage\",\"url\":\"https:\\\/\\\/holz-authentisch.de\\\/wp-content\\\/uploads\\\/2023\\\/06\\\/Eukalyptus-Rundholz.jpg\",\"contentUrl\":\"https:\\\/\\\/holz-authentisch.de\\\/wp-content\\\/uploads\\\/2023\\\/06\\\/Eukalyptus-Rundholz.jpg\",\"width\":662,\"height\":1000,\"caption\":\"Eukalyptus Rundholz\"},{\"@type\":\"BreadcrumbList\",\"@id\":\"https:\\\/\\\/holz-authentisch.de\\\/it\\\/produkt\\\/tondo-di-eucalipto#breadcrumb\",\"itemListElement\":[{\"@type\":\"ListItem\",\"position\":1,\"name\":\"Startseite\",\"item\":\"https:\\\/\\\/holz-authentisch.de\\\/it\"},{\"@type\":\"ListItem\",\"position\":2,\"name\":\"Negozio\",\"item\":\"https:\\\/\\\/holz-authentisch.de\\\/it\\\/negozio\"},{\"@type\":\"ListItem\",\"position\":3,\"name\":\"Tondo di eucalipto\"}]},{\"@type\":\"WebSite\",\"@id\":\"https:\\\/\\\/holz-authentisch.de\\\/it#website\",\"url\":\"https:\\\/\\\/holz-authentisch.de\\\/it\",\"name\":\"Holz Authentisch\",\"description\":\"Schnittholz \u00b7 M\u00f6bel \u00b7 B\u00f6den \u00b7 Verarbeitung &amp; mehr\",\"potentialAction\":[{\"@type\":\"SearchAction\",\"target\":{\"@type\":\"EntryPoint\",\"urlTemplate\":\"https:\\\/\\\/holz-authentisch.de\\\/it?s={search_term_string}\"},\"query-input\":{\"@type\":\"PropertyValueSpecification\",\"valueRequired\":true,\"valueName\":\"search_term_string\"}}],\"inLanguage\":\"it-IT\"}]}<\/script>\n<!-- \/ Yoast SEO plugin. -->","yoast_head_json":{"title":"Tondo di eucalipto - Holz Authentisch","description":"Tondo di eucalipto","robots":{"index":"index","follow":"follow","max-snippet":"max-snippet:-1","max-image-preview":"max-image-preview:large","max-video-preview":"max-video-preview:-1"},"canonical":"https:\/\/holz-authentisch.de\/it\/produkt\/tondo-di-eucalipto","og_locale":"it_IT","og_type":"article","og_title":"Tondo di eucalipto - Holz Authentisch","og_description":"Tondo di eucalipto","og_url":"https:\/\/holz-authentisch.de\/it\/produkt\/tondo-di-eucalipto","og_site_name":"Holz Authentisch","og_image":[{"width":662,"height":1000,"url":"https:\/\/holz-authentisch.de\/wp-content\/uploads\/2023\/06\/Eukalyptus-Rundholz.jpg","type":"image\/jpeg"}],"twitter_card":"summary_large_image","twitter_misc":{"Tempo di lettura stimato":"1 minuto"},"schema":{"@context":"https:\/\/schema.org","@graph":[{"@type":"WebPage","@id":"https:\/\/holz-authentisch.de\/it\/produkt\/tondo-di-eucalipto","url":"https:\/\/holz-authentisch.de\/it\/produkt\/tondo-di-eucalipto","name":"Tondo di eucalipto - Holz Authentisch","isPartOf":{"@id":"https:\/\/holz-authentisch.de\/it#website"},"primaryImageOfPage":{"@id":"https:\/\/holz-authentisch.de\/it\/produkt\/tondo-di-eucalipto#primaryimage"},"image":{"@id":"https:\/\/holz-authentisch.de\/it\/produkt\/tondo-di-eucalipto#primaryimage"},"thumbnailUrl":"https:\/\/holz-authentisch.de\/wp-content\/uploads\/2023\/06\/Eukalyptus-Rundholz.jpg","datePublished":"2023-06-19T12:30:17+00:00","description":"Tondo di eucalipto","breadcrumb":{"@id":"https:\/\/holz-authentisch.de\/it\/produkt\/tondo-di-eucalipto#breadcrumb"},"inLanguage":"it-IT","potentialAction":[{"@type":"ReadAction","target":["https:\/\/holz-authentisch.de\/it\/produkt\/tondo-di-eucalipto"]}]},{"@type":"ImageObject","inLanguage":"it-IT","@id":"https:\/\/holz-authentisch.de\/it\/produkt\/tondo-di-eucalipto#primaryimage","url":"https:\/\/holz-authentisch.de\/wp-content\/uploads\/2023\/06\/Eukalyptus-Rundholz.jpg","contentUrl":"https:\/\/holz-authentisch.de\/wp-content\/uploads\/2023\/06\/Eukalyptus-Rundholz.jpg","width":662,"height":1000,"caption":"Eukalyptus Rundholz"},{"@type":"BreadcrumbList","@id":"https:\/\/holz-authentisch.de\/it\/produkt\/tondo-di-eucalipto#breadcrumb","itemListElement":[{"@type":"ListItem","position":1,"name":"Startseite","item":"https:\/\/holz-authentisch.de\/it"},{"@type":"ListItem","position":2,"name":"Negozio","item":"https:\/\/holz-authentisch.de\/it\/negozio"},{"@type":"ListItem","position":3,"name":"Tondo di eucalipto"}]},{"@type":"WebSite","@id":"https:\/\/holz-authentisch.de\/it#website","url":"https:\/\/holz-authentisch.de\/it","name":"Holz Authentisch","description":"Schnittholz \u00b7 M\u00f6bel \u00b7 B\u00f6den \u00b7 Verarbeitung &amp; mehr","potentialAction":[{"@type":"SearchAction","target":{"@type":"EntryPoint","urlTemplate":"https:\/\/holz-authentisch.de\/it?s={search_term_string}"},"query-input":{"@type":"PropertyValueSpecification","valueRequired":true,"valueName":"search_term_string"}}],"inLanguage":"it-IT"}]}},"_links":{"self":[{"href":"https:\/\/holz-authentisch.de\/it\/wp-json\/wp\/v2\/product\/27796","targetHints":{"allow":["GET"]}}],"collection":[{"href":"https:\/\/holz-authentisch.de\/it\/wp-json\/wp\/v2\/product"}],"about":[{"href":"https:\/\/holz-authentisch.de\/it\/wp-json\/wp\/v2\/types\/product"}],"wp:featuredmedia":[{"embeddable":true,"href":"https:\/\/holz-authentisch.de\/it\/wp-json\/wp\/v2\/media\/27760"}],"wp:attachment":[{"href":"https:\/\/holz-authentisch.de\/it\/wp-json\/wp\/v2\/media?parent=27796"}],"wp:term":[{"taxonomy":"product_brand","embeddable":true,"href":"https:\/\/holz-authentisch.de\/it\/wp-json\/wp\/v2\/product_brand?post=27796"},{"taxonomy":"product_cat","embeddable":true,"href":"https:\/\/holz-authentisch.de\/it\/wp-json\/wp\/v2\/product_cat?post=27796"},{"taxonomy":"product_tag","embeddable":true,"href":"https:\/\/holz-authentisch.de\/it\/wp-json\/wp\/v2\/product_tag?post=27796"}],"curies":[{"name":"wp","href":"https:\/\/api.w.org\/{rel}","templated":true}]}}