{"id":27794,"date":"2023-06-19T12:38:40","date_gmt":"2023-06-19T12:38:40","guid":{"rendered":"https:\/\/holz-authentisch.de\/produkt\/cipresso-tondello"},"modified":"2023-06-19T12:38:40","modified_gmt":"2023-06-19T12:38:40","slug":"cipressp-cipresso-legno-tondo","status":"publish","type":"product","link":"https:\/\/holz-authentisch.de\/it\/produkt\/cipressp-cipresso-legno-tondo","title":{"rendered":"Cipresso (tondello)"},"content":{"rendered":"<p>Il cipresso, che ha plasmato l&#8217;aspetto della Toscana come nessun altro albero, offre un legno estremamente resistente agli agenti atmosferici. Ha un legno chiaro, giallo oro, per lo pi\u00f9 rivestito dalle caratteristiche inclusioni di pietra. Nonostante la sua struttura piuttosto fine, \u00e8 relativamente pesante e stabile, e pu\u00f2 essere lavorato e lucidato bene. \u00c8 molto adatto alla tornitura del legno e a tutti i tipi di artigianato. Viene spesso utilizzato all&#8217;esterno per porte e finestre grazie alla sua resistenza agli agenti atmosferici. Quando il legno di cipresso \u00e8 appena tagliato, emana un profumo speziato che ricorda il coriandolo e il prezzemolo e si ritiene che favorisca la concentrazione. Come albero cimiteriale, come i suoi parenti Thuja molto noti, sostiene le persone nell&#8217;elaborazione delle perdite e d\u00e0 forza. In Toscana, spesso si trova ai bordi dei vialetti o delle strade e serve a orientare e centrare i viaggiatori.<\/p>\n","protected":false},"excerpt":{"rendered":"<p>Vari tronchi di cipresso<\/p>\n<p><strong>Diametro: circa 10-15 cm<\/strong><\/p>\n<p><strong>Lunghezze: 30-100 cm<\/strong><\/p>\n<p><strong>Inviate la vostra richiesta direttamente a info@holz-authentisch.de o tramite il modulo di contatto.<\/strong><\/p>\n","protected":false},"featured_media":27764,"template":"","meta":[],"product_brand":[],"product_cat":[753,765],"product_tag":[],"class_list":{"0":"post-27794","1":"product","2":"type-product","3":"status-publish","4":"has-post-thumbnail","6":"product_cat-registri","7":"product_cat-cipresso","9":"first","10":"instock","11":"taxable","12":"shipping-taxable","13":"product-type-simple","14":"add-to-wishlist-after_add_to_cart"},"yoast_head":"<!-- This site is optimized with the Yoast SEO plugin v27.6 - https:\/\/yoast.com\/product\/yoast-seo-wordpress\/ -->\n<title>Cipresso (tondello) - Holz Authentisch<\/title>\n<meta name=\"description\" content=\"Cipresso (tondello)\" \/>\n<meta name=\"robots\" content=\"index, follow, max-snippet:-1, max-image-preview:large, max-video-preview:-1\" \/>\n<link rel=\"canonical\" href=\"https:\/\/holz-authentisch.de\/it\/produkt\/cipressp-cipresso-legno-tondo\" \/>\n<meta property=\"og:locale\" content=\"it_IT\" \/>\n<meta property=\"og:type\" content=\"article\" \/>\n<meta property=\"og:title\" content=\"Cipresso (tondello) - Holz Authentisch\" \/>\n<meta property=\"og:description\" content=\"Cipresso (tondello)\" \/>\n<meta property=\"og:url\" content=\"https:\/\/holz-authentisch.de\/it\/produkt\/cipressp-cipresso-legno-tondo\" \/>\n<meta property=\"og:site_name\" content=\"Holz Authentisch\" \/>\n<meta property=\"og:image\" content=\"https:\/\/holz-authentisch.de\/wp-content\/uploads\/2023\/06\/Cipresso-Zypresse-Rundholz.jpg\" \/>\n\t<meta property=\"og:image:width\" content=\"662\" \/>\n\t<meta property=\"og:image:height\" content=\"1000\" \/>\n\t<meta property=\"og:image:type\" content=\"image\/jpeg\" \/>\n<meta name=\"twitter:card\" content=\"summary_large_image\" \/>\n<meta name=\"twitter:label1\" content=\"Tempo di lettura stimato\" \/>\n\t<meta name=\"twitter:data1\" content=\"1 minuto\" \/>\n<script type=\"application\/ld+json\" class=\"yoast-schema-graph\">{\"@context\":\"https:\\\/\\\/schema.org\",\"@graph\":[{\"@type\":\"WebPage\",\"@id\":\"https:\\\/\\\/holz-authentisch.de\\\/it\\\/produkt\\\/cipressp-cipresso-legno-tondo\",\"url\":\"https:\\\/\\\/holz-authentisch.de\\\/it\\\/produkt\\\/cipressp-cipresso-legno-tondo\",\"name\":\"Cipresso (tondello) - Holz Authentisch\",\"isPartOf\":{\"@id\":\"https:\\\/\\\/holz-authentisch.de\\\/it#website\"},\"primaryImageOfPage\":{\"@id\":\"https:\\\/\\\/holz-authentisch.de\\\/it\\\/produkt\\\/cipressp-cipresso-legno-tondo#primaryimage\"},\"image\":{\"@id\":\"https:\\\/\\\/holz-authentisch.de\\\/it\\\/produkt\\\/cipressp-cipresso-legno-tondo#primaryimage\"},\"thumbnailUrl\":\"https:\\\/\\\/holz-authentisch.de\\\/wp-content\\\/uploads\\\/2023\\\/06\\\/Cipresso-Zypresse-Rundholz.jpg\",\"datePublished\":\"2023-06-19T12:38:40+00:00\",\"description\":\"Cipresso (tondello)\",\"breadcrumb\":{\"@id\":\"https:\\\/\\\/holz-authentisch.de\\\/it\\\/produkt\\\/cipressp-cipresso-legno-tondo#breadcrumb\"},\"inLanguage\":\"it-IT\",\"potentialAction\":[{\"@type\":\"ReadAction\",\"target\":[\"https:\\\/\\\/holz-authentisch.de\\\/it\\\/produkt\\\/cipressp-cipresso-legno-tondo\"]}]},{\"@type\":\"ImageObject\",\"inLanguage\":\"it-IT\",\"@id\":\"https:\\\/\\\/holz-authentisch.de\\\/it\\\/produkt\\\/cipressp-cipresso-legno-tondo#primaryimage\",\"url\":\"https:\\\/\\\/holz-authentisch.de\\\/wp-content\\\/uploads\\\/2023\\\/06\\\/Cipresso-Zypresse-Rundholz.jpg\",\"contentUrl\":\"https:\\\/\\\/holz-authentisch.de\\\/wp-content\\\/uploads\\\/2023\\\/06\\\/Cipresso-Zypresse-Rundholz.jpg\",\"width\":662,\"height\":1000,\"caption\":\"Cipresso (Zypresse) Rundholz\"},{\"@type\":\"BreadcrumbList\",\"@id\":\"https:\\\/\\\/holz-authentisch.de\\\/it\\\/produkt\\\/cipressp-cipresso-legno-tondo#breadcrumb\",\"itemListElement\":[{\"@type\":\"ListItem\",\"position\":1,\"name\":\"Startseite\",\"item\":\"https:\\\/\\\/holz-authentisch.de\\\/it\"},{\"@type\":\"ListItem\",\"position\":2,\"name\":\"Negozio\",\"item\":\"https:\\\/\\\/holz-authentisch.de\\\/it\\\/negozio\"},{\"@type\":\"ListItem\",\"position\":3,\"name\":\"Cipresso (tondello)\"}]},{\"@type\":\"WebSite\",\"@id\":\"https:\\\/\\\/holz-authentisch.de\\\/it#website\",\"url\":\"https:\\\/\\\/holz-authentisch.de\\\/it\",\"name\":\"Holz Authentisch\",\"description\":\"Schnittholz \u00b7 M\u00f6bel \u00b7 B\u00f6den \u00b7 Verarbeitung &amp; mehr\",\"potentialAction\":[{\"@type\":\"SearchAction\",\"target\":{\"@type\":\"EntryPoint\",\"urlTemplate\":\"https:\\\/\\\/holz-authentisch.de\\\/it?s={search_term_string}\"},\"query-input\":{\"@type\":\"PropertyValueSpecification\",\"valueRequired\":true,\"valueName\":\"search_term_string\"}}],\"inLanguage\":\"it-IT\"}]}<\/script>\n<!-- \/ Yoast SEO plugin. -->","yoast_head_json":{"title":"Cipresso (tondello) - Holz Authentisch","description":"Cipresso (tondello)","robots":{"index":"index","follow":"follow","max-snippet":"max-snippet:-1","max-image-preview":"max-image-preview:large","max-video-preview":"max-video-preview:-1"},"canonical":"https:\/\/holz-authentisch.de\/it\/produkt\/cipressp-cipresso-legno-tondo","og_locale":"it_IT","og_type":"article","og_title":"Cipresso (tondello) - Holz Authentisch","og_description":"Cipresso (tondello)","og_url":"https:\/\/holz-authentisch.de\/it\/produkt\/cipressp-cipresso-legno-tondo","og_site_name":"Holz Authentisch","og_image":[{"width":662,"height":1000,"url":"https:\/\/holz-authentisch.de\/wp-content\/uploads\/2023\/06\/Cipresso-Zypresse-Rundholz.jpg","type":"image\/jpeg"}],"twitter_card":"summary_large_image","twitter_misc":{"Tempo di lettura stimato":"1 minuto"},"schema":{"@context":"https:\/\/schema.org","@graph":[{"@type":"WebPage","@id":"https:\/\/holz-authentisch.de\/it\/produkt\/cipressp-cipresso-legno-tondo","url":"https:\/\/holz-authentisch.de\/it\/produkt\/cipressp-cipresso-legno-tondo","name":"Cipresso (tondello) - Holz Authentisch","isPartOf":{"@id":"https:\/\/holz-authentisch.de\/it#website"},"primaryImageOfPage":{"@id":"https:\/\/holz-authentisch.de\/it\/produkt\/cipressp-cipresso-legno-tondo#primaryimage"},"image":{"@id":"https:\/\/holz-authentisch.de\/it\/produkt\/cipressp-cipresso-legno-tondo#primaryimage"},"thumbnailUrl":"https:\/\/holz-authentisch.de\/wp-content\/uploads\/2023\/06\/Cipresso-Zypresse-Rundholz.jpg","datePublished":"2023-06-19T12:38:40+00:00","description":"Cipresso (tondello)","breadcrumb":{"@id":"https:\/\/holz-authentisch.de\/it\/produkt\/cipressp-cipresso-legno-tondo#breadcrumb"},"inLanguage":"it-IT","potentialAction":[{"@type":"ReadAction","target":["https:\/\/holz-authentisch.de\/it\/produkt\/cipressp-cipresso-legno-tondo"]}]},{"@type":"ImageObject","inLanguage":"it-IT","@id":"https:\/\/holz-authentisch.de\/it\/produkt\/cipressp-cipresso-legno-tondo#primaryimage","url":"https:\/\/holz-authentisch.de\/wp-content\/uploads\/2023\/06\/Cipresso-Zypresse-Rundholz.jpg","contentUrl":"https:\/\/holz-authentisch.de\/wp-content\/uploads\/2023\/06\/Cipresso-Zypresse-Rundholz.jpg","width":662,"height":1000,"caption":"Cipresso (Zypresse) Rundholz"},{"@type":"BreadcrumbList","@id":"https:\/\/holz-authentisch.de\/it\/produkt\/cipressp-cipresso-legno-tondo#breadcrumb","itemListElement":[{"@type":"ListItem","position":1,"name":"Startseite","item":"https:\/\/holz-authentisch.de\/it"},{"@type":"ListItem","position":2,"name":"Negozio","item":"https:\/\/holz-authentisch.de\/it\/negozio"},{"@type":"ListItem","position":3,"name":"Cipresso (tondello)"}]},{"@type":"WebSite","@id":"https:\/\/holz-authentisch.de\/it#website","url":"https:\/\/holz-authentisch.de\/it","name":"Holz Authentisch","description":"Schnittholz \u00b7 M\u00f6bel \u00b7 B\u00f6den \u00b7 Verarbeitung &amp; mehr","potentialAction":[{"@type":"SearchAction","target":{"@type":"EntryPoint","urlTemplate":"https:\/\/holz-authentisch.de\/it?s={search_term_string}"},"query-input":{"@type":"PropertyValueSpecification","valueRequired":true,"valueName":"search_term_string"}}],"inLanguage":"it-IT"}]}},"_links":{"self":[{"href":"https:\/\/holz-authentisch.de\/it\/wp-json\/wp\/v2\/product\/27794","targetHints":{"allow":["GET"]}}],"collection":[{"href":"https:\/\/holz-authentisch.de\/it\/wp-json\/wp\/v2\/product"}],"about":[{"href":"https:\/\/holz-authentisch.de\/it\/wp-json\/wp\/v2\/types\/product"}],"wp:featuredmedia":[{"embeddable":true,"href":"https:\/\/holz-authentisch.de\/it\/wp-json\/wp\/v2\/media\/27764"}],"wp:attachment":[{"href":"https:\/\/holz-authentisch.de\/it\/wp-json\/wp\/v2\/media?parent=27794"}],"wp:term":[{"taxonomy":"product_brand","embeddable":true,"href":"https:\/\/holz-authentisch.de\/it\/wp-json\/wp\/v2\/product_brand?post=27794"},{"taxonomy":"product_cat","embeddable":true,"href":"https:\/\/holz-authentisch.de\/it\/wp-json\/wp\/v2\/product_cat?post=27794"},{"taxonomy":"product_tag","embeddable":true,"href":"https:\/\/holz-authentisch.de\/it\/wp-json\/wp\/v2\/product_tag?post=27794"}],"curies":[{"name":"wp","href":"https:\/\/api.w.org\/{rel}","templated":true}]}}