{"id":27790,"date":"2023-06-19T13:54:31","date_gmt":"2023-06-19T13:54:31","guid":{"rendered":"https:\/\/holz-authentisch.de\/produkt\/quercia-da-sughero-tondello"},"modified":"2023-06-19T13:54:31","modified_gmt":"2023-06-19T13:54:31","slug":"quercia-da-sughero-arrotondato","status":"publish","type":"product","link":"https:\/\/holz-authentisch.de\/it\/produkt\/quercia-da-sughero-arrotondato","title":{"rendered":"Quercia da sughero (tondello)"},"content":{"rendered":"<p>La quercia da sughero \u00e8 un albero che \u00e8 sinonimo di sostenibilit\u00e0, rigenerazione e versatilit\u00e0 come nessun altro. \u00c8 l&#8217;unico albero le cui cellule madri rimangono attive per tutta la vita, consentendo alla corteccia di replicarsi costantemente. Il loro legno \u00e8 molto forte, duro e pesante, ma meno denso in confronto. Ha bellissimi specchi e venature animalesche che, in combinazione con il colore grigiastro, rossastro o nero-marrone, trasmettono impressioni intense.<\/p>\n","protected":false},"excerpt":{"rendered":"<p>Tronchi di quercia da sughero<\/p>\n<p><strong>Diametro: circa 5-15 cm<\/strong><\/p>\n<p><strong>Lunghezze: 30-100 cm<\/strong><\/p>\n<p><strong>Inviate la vostra richiesta direttamente a info@holz-authentisch.de o tramite il modulo di contatto.<\/strong><\/p>\n","protected":false},"featured_media":27784,"template":"","meta":[],"product_brand":[],"product_cat":[753,763],"product_tag":[],"class_list":{"0":"post-27790","1":"product","2":"type-product","3":"status-publish","4":"has-post-thumbnail","6":"product_cat-registri","7":"product_cat-quercia-da-sughero","9":"first","10":"instock","11":"taxable","12":"shipping-taxable","13":"product-type-simple","14":"add-to-wishlist-after_add_to_cart"},"yoast_head":"<!-- This site is optimized with the Yoast SEO plugin v27.5 - https:\/\/yoast.com\/product\/yoast-seo-wordpress\/ -->\n<title>Quercia da sughero (tondello) - Holz Authentisch<\/title>\n<meta name=\"description\" content=\"Quercia da sughero (tondello)\" \/>\n<meta name=\"robots\" content=\"index, follow, max-snippet:-1, max-image-preview:large, max-video-preview:-1\" \/>\n<link rel=\"canonical\" href=\"https:\/\/holz-authentisch.de\/it\/produkt\/quercia-da-sughero-arrotondato\" \/>\n<meta property=\"og:locale\" content=\"it_IT\" \/>\n<meta property=\"og:type\" content=\"article\" \/>\n<meta property=\"og:title\" content=\"Quercia da sughero (tondello) - Holz Authentisch\" \/>\n<meta property=\"og:description\" content=\"Quercia da sughero (tondello)\" \/>\n<meta property=\"og:url\" content=\"https:\/\/holz-authentisch.de\/it\/produkt\/quercia-da-sughero-arrotondato\" \/>\n<meta property=\"og:site_name\" content=\"Holz Authentisch\" \/>\n<meta property=\"og:image\" content=\"https:\/\/holz-authentisch.de\/wp-content\/uploads\/2023\/06\/Quercia-da-sughero-Korkeiche.jpg\" \/>\n\t<meta property=\"og:image:width\" content=\"662\" \/>\n\t<meta property=\"og:image:height\" content=\"1000\" \/>\n\t<meta property=\"og:image:type\" content=\"image\/jpeg\" \/>\n<meta name=\"twitter:card\" content=\"summary_large_image\" \/>\n<script type=\"application\/ld+json\" class=\"yoast-schema-graph\">{\"@context\":\"https:\\\/\\\/schema.org\",\"@graph\":[{\"@type\":\"WebPage\",\"@id\":\"https:\\\/\\\/holz-authentisch.de\\\/it\\\/produkt\\\/quercia-da-sughero-arrotondato\",\"url\":\"https:\\\/\\\/holz-authentisch.de\\\/it\\\/produkt\\\/quercia-da-sughero-arrotondato\",\"name\":\"Quercia da sughero (tondello) - Holz Authentisch\",\"isPartOf\":{\"@id\":\"https:\\\/\\\/holz-authentisch.de\\\/it#website\"},\"primaryImageOfPage\":{\"@id\":\"https:\\\/\\\/holz-authentisch.de\\\/it\\\/produkt\\\/quercia-da-sughero-arrotondato#primaryimage\"},\"image\":{\"@id\":\"https:\\\/\\\/holz-authentisch.de\\\/it\\\/produkt\\\/quercia-da-sughero-arrotondato#primaryimage\"},\"thumbnailUrl\":\"https:\\\/\\\/holz-authentisch.de\\\/wp-content\\\/uploads\\\/2023\\\/06\\\/Quercia-da-sughero-Korkeiche.jpg\",\"datePublished\":\"2023-06-19T13:54:31+00:00\",\"description\":\"Quercia da sughero (tondello)\",\"breadcrumb\":{\"@id\":\"https:\\\/\\\/holz-authentisch.de\\\/it\\\/produkt\\\/quercia-da-sughero-arrotondato#breadcrumb\"},\"inLanguage\":\"it-IT\",\"potentialAction\":[{\"@type\":\"ReadAction\",\"target\":[\"https:\\\/\\\/holz-authentisch.de\\\/it\\\/produkt\\\/quercia-da-sughero-arrotondato\"]}]},{\"@type\":\"ImageObject\",\"inLanguage\":\"it-IT\",\"@id\":\"https:\\\/\\\/holz-authentisch.de\\\/it\\\/produkt\\\/quercia-da-sughero-arrotondato#primaryimage\",\"url\":\"https:\\\/\\\/holz-authentisch.de\\\/wp-content\\\/uploads\\\/2023\\\/06\\\/Quercia-da-sughero-Korkeiche.jpg\",\"contentUrl\":\"https:\\\/\\\/holz-authentisch.de\\\/wp-content\\\/uploads\\\/2023\\\/06\\\/Quercia-da-sughero-Korkeiche.jpg\",\"width\":662,\"height\":1000,\"caption\":\"Quercia da sughero (Korkeiche)\"},{\"@type\":\"BreadcrumbList\",\"@id\":\"https:\\\/\\\/holz-authentisch.de\\\/it\\\/produkt\\\/quercia-da-sughero-arrotondato#breadcrumb\",\"itemListElement\":[{\"@type\":\"ListItem\",\"position\":1,\"name\":\"Startseite\",\"item\":\"https:\\\/\\\/holz-authentisch.de\\\/it\"},{\"@type\":\"ListItem\",\"position\":2,\"name\":\"Negozio\",\"item\":\"https:\\\/\\\/holz-authentisch.de\\\/it\\\/negozio\"},{\"@type\":\"ListItem\",\"position\":3,\"name\":\"Quercia da sughero (tondello)\"}]},{\"@type\":\"WebSite\",\"@id\":\"https:\\\/\\\/holz-authentisch.de\\\/it#website\",\"url\":\"https:\\\/\\\/holz-authentisch.de\\\/it\",\"name\":\"Holz Authentisch\",\"description\":\"Schnittholz \u00b7 M\u00f6bel \u00b7 B\u00f6den \u00b7 Verarbeitung &amp; mehr\",\"potentialAction\":[{\"@type\":\"SearchAction\",\"target\":{\"@type\":\"EntryPoint\",\"urlTemplate\":\"https:\\\/\\\/holz-authentisch.de\\\/it?s={search_term_string}\"},\"query-input\":{\"@type\":\"PropertyValueSpecification\",\"valueRequired\":true,\"valueName\":\"search_term_string\"}}],\"inLanguage\":\"it-IT\"}]}<\/script>\n<!-- \/ Yoast SEO plugin. -->","yoast_head_json":{"title":"Quercia da sughero (tondello) - Holz Authentisch","description":"Quercia da sughero (tondello)","robots":{"index":"index","follow":"follow","max-snippet":"max-snippet:-1","max-image-preview":"max-image-preview:large","max-video-preview":"max-video-preview:-1"},"canonical":"https:\/\/holz-authentisch.de\/it\/produkt\/quercia-da-sughero-arrotondato","og_locale":"it_IT","og_type":"article","og_title":"Quercia da sughero (tondello) - Holz Authentisch","og_description":"Quercia da sughero (tondello)","og_url":"https:\/\/holz-authentisch.de\/it\/produkt\/quercia-da-sughero-arrotondato","og_site_name":"Holz Authentisch","og_image":[{"width":662,"height":1000,"url":"https:\/\/holz-authentisch.de\/wp-content\/uploads\/2023\/06\/Quercia-da-sughero-Korkeiche.jpg","type":"image\/jpeg"}],"twitter_card":"summary_large_image","schema":{"@context":"https:\/\/schema.org","@graph":[{"@type":"WebPage","@id":"https:\/\/holz-authentisch.de\/it\/produkt\/quercia-da-sughero-arrotondato","url":"https:\/\/holz-authentisch.de\/it\/produkt\/quercia-da-sughero-arrotondato","name":"Quercia da sughero (tondello) - Holz Authentisch","isPartOf":{"@id":"https:\/\/holz-authentisch.de\/it#website"},"primaryImageOfPage":{"@id":"https:\/\/holz-authentisch.de\/it\/produkt\/quercia-da-sughero-arrotondato#primaryimage"},"image":{"@id":"https:\/\/holz-authentisch.de\/it\/produkt\/quercia-da-sughero-arrotondato#primaryimage"},"thumbnailUrl":"https:\/\/holz-authentisch.de\/wp-content\/uploads\/2023\/06\/Quercia-da-sughero-Korkeiche.jpg","datePublished":"2023-06-19T13:54:31+00:00","description":"Quercia da sughero (tondello)","breadcrumb":{"@id":"https:\/\/holz-authentisch.de\/it\/produkt\/quercia-da-sughero-arrotondato#breadcrumb"},"inLanguage":"it-IT","potentialAction":[{"@type":"ReadAction","target":["https:\/\/holz-authentisch.de\/it\/produkt\/quercia-da-sughero-arrotondato"]}]},{"@type":"ImageObject","inLanguage":"it-IT","@id":"https:\/\/holz-authentisch.de\/it\/produkt\/quercia-da-sughero-arrotondato#primaryimage","url":"https:\/\/holz-authentisch.de\/wp-content\/uploads\/2023\/06\/Quercia-da-sughero-Korkeiche.jpg","contentUrl":"https:\/\/holz-authentisch.de\/wp-content\/uploads\/2023\/06\/Quercia-da-sughero-Korkeiche.jpg","width":662,"height":1000,"caption":"Quercia da sughero (Korkeiche)"},{"@type":"BreadcrumbList","@id":"https:\/\/holz-authentisch.de\/it\/produkt\/quercia-da-sughero-arrotondato#breadcrumb","itemListElement":[{"@type":"ListItem","position":1,"name":"Startseite","item":"https:\/\/holz-authentisch.de\/it"},{"@type":"ListItem","position":2,"name":"Negozio","item":"https:\/\/holz-authentisch.de\/it\/negozio"},{"@type":"ListItem","position":3,"name":"Quercia da sughero (tondello)"}]},{"@type":"WebSite","@id":"https:\/\/holz-authentisch.de\/it#website","url":"https:\/\/holz-authentisch.de\/it","name":"Holz Authentisch","description":"Schnittholz \u00b7 M\u00f6bel \u00b7 B\u00f6den \u00b7 Verarbeitung &amp; mehr","potentialAction":[{"@type":"SearchAction","target":{"@type":"EntryPoint","urlTemplate":"https:\/\/holz-authentisch.de\/it?s={search_term_string}"},"query-input":{"@type":"PropertyValueSpecification","valueRequired":true,"valueName":"search_term_string"}}],"inLanguage":"it-IT"}]}},"_links":{"self":[{"href":"https:\/\/holz-authentisch.de\/it\/wp-json\/wp\/v2\/product\/27790","targetHints":{"allow":["GET"]}}],"collection":[{"href":"https:\/\/holz-authentisch.de\/it\/wp-json\/wp\/v2\/product"}],"about":[{"href":"https:\/\/holz-authentisch.de\/it\/wp-json\/wp\/v2\/types\/product"}],"wp:featuredmedia":[{"embeddable":true,"href":"https:\/\/holz-authentisch.de\/it\/wp-json\/wp\/v2\/media\/27784"}],"wp:attachment":[{"href":"https:\/\/holz-authentisch.de\/it\/wp-json\/wp\/v2\/media?parent=27790"}],"wp:term":[{"taxonomy":"product_brand","embeddable":true,"href":"https:\/\/holz-authentisch.de\/it\/wp-json\/wp\/v2\/product_brand?post=27790"},{"taxonomy":"product_cat","embeddable":true,"href":"https:\/\/holz-authentisch.de\/it\/wp-json\/wp\/v2\/product_cat?post=27790"},{"taxonomy":"product_tag","embeddable":true,"href":"https:\/\/holz-authentisch.de\/it\/wp-json\/wp\/v2\/product_tag?post=27790"}],"curies":[{"name":"wp","href":"https:\/\/api.w.org\/{rel}","templated":true}]}}