{"id":27739,"date":"2023-06-19T11:00:41","date_gmt":"2023-06-19T11:00:41","guid":{"rendered":"https:\/\/holz-authentisch.de\/produkt\/olive-rundholz"},"modified":"2023-06-19T11:00:41","modified_gmt":"2023-06-19T11:00:41","slug":"tondo-fresco-mela-pera-ciliegia-copia","status":"publish","type":"product","link":"https:\/\/holz-authentisch.de\/it\/produkt\/tondo-fresco-mela-pera-ciliegia-copia","title":{"rendered":"Olive Rundholz"},"content":{"rendered":"<p><strong>Albero di ulivo<\/strong><\/p>\n<p>Il legno dell&#8217;ulivo emana una calda vivacit\u00e0 e saggezza. \u00c8 considerato un simbolo di pace (colomba con ramo d&#8217;ulivo) e di fiducia. La colorazione del durame varia dal marrone chiaro, al marrone giallastro, al marrone dorato fino a tonalit\u00e0 brune e coriacee, per lo pi\u00f9 a grana alternata. La grana \u00e8 uniforme, fine e succosa\/satura, grazie alla crescita molto lenta dell&#8217;oliva. Quando viene girato o lavorato in altri modi, emana un meraviglioso profumo di olive fresche. \u00c8 estremamente duro e pesante e resistente agli acidi, ai grassi e ai batteri, il che lo rende un materiale molto adatto per articoli da cucina di ogni tipo.<\/p>\n<p>&nbsp;<\/p>\n<p>&nbsp;<\/p>\n","protected":false},"excerpt":{"rendered":"<p>Vari tronchi di olivo<\/p>\n<p><strong>Diametro: circa 4-20 cm<\/strong><\/p>\n<p><strong>Lunghezze: 20 &#8211; 100 cm<\/strong><\/p>\n<p><strong>Inviate la vostra richiesta direttamente a info@holz-authentisch.de o tramite il <a href=\"https:\/\/holz-authentisch.de\/kontakt\">modulo di contatto<\/a>.<\/strong><\/p>\n","protected":false},"featured_media":27738,"template":"","meta":[],"product_brand":[],"product_cat":[729,753],"product_tag":[],"class_list":{"0":"post-27739","1":"product","2":"type-product","3":"status-publish","4":"has-post-thumbnail","6":"product_cat-albero-di-ulivo","7":"product_cat-registri","9":"first","10":"instock","11":"taxable","12":"shipping-taxable","13":"product-type-simple","14":"add-to-wishlist-after_add_to_cart"},"yoast_head":"<!-- This site is optimized with the Yoast SEO plugin v27.5 - https:\/\/yoast.com\/product\/yoast-seo-wordpress\/ -->\n<title>Olive Rundholz - Holz Authentisch<\/title>\n<meta name=\"description\" content=\"Olive Rundholz, Drechselholz\" \/>\n<meta name=\"robots\" content=\"index, follow, max-snippet:-1, max-image-preview:large, max-video-preview:-1\" \/>\n<link rel=\"canonical\" href=\"https:\/\/holz-authentisch.de\/it\/produkt\/tondo-fresco-mela-pera-ciliegia-copia\" \/>\n<meta property=\"og:locale\" content=\"it_IT\" \/>\n<meta property=\"og:type\" content=\"article\" \/>\n<meta property=\"og:title\" content=\"Olive Rundholz - Holz Authentisch\" \/>\n<meta property=\"og:description\" content=\"Olive Rundholz, Drechselholz\" \/>\n<meta property=\"og:url\" content=\"https:\/\/holz-authentisch.de\/it\/produkt\/tondo-fresco-mela-pera-ciliegia-copia\" \/>\n<meta property=\"og:site_name\" content=\"Holz Authentisch\" \/>\n<meta property=\"og:image\" content=\"https:\/\/holz-authentisch.de\/wp-content\/uploads\/2023\/06\/Olive-Rundholz.jpg\" \/>\n\t<meta property=\"og:image:width\" content=\"662\" \/>\n\t<meta property=\"og:image:height\" content=\"1000\" \/>\n\t<meta property=\"og:image:type\" content=\"image\/jpeg\" \/>\n<meta name=\"twitter:card\" content=\"summary_large_image\" \/>\n<meta name=\"twitter:label1\" content=\"Tempo di lettura stimato\" \/>\n\t<meta name=\"twitter:data1\" content=\"1 minuto\" \/>\n<script type=\"application\/ld+json\" class=\"yoast-schema-graph\">{\"@context\":\"https:\\\/\\\/schema.org\",\"@graph\":[{\"@type\":\"WebPage\",\"@id\":\"https:\\\/\\\/holz-authentisch.de\\\/it\\\/produkt\\\/tondo-fresco-mela-pera-ciliegia-copia\",\"url\":\"https:\\\/\\\/holz-authentisch.de\\\/it\\\/produkt\\\/tondo-fresco-mela-pera-ciliegia-copia\",\"name\":\"Olive Rundholz - Holz Authentisch\",\"isPartOf\":{\"@id\":\"https:\\\/\\\/holz-authentisch.de\\\/it#website\"},\"primaryImageOfPage\":{\"@id\":\"https:\\\/\\\/holz-authentisch.de\\\/it\\\/produkt\\\/tondo-fresco-mela-pera-ciliegia-copia#primaryimage\"},\"image\":{\"@id\":\"https:\\\/\\\/holz-authentisch.de\\\/it\\\/produkt\\\/tondo-fresco-mela-pera-ciliegia-copia#primaryimage\"},\"thumbnailUrl\":\"https:\\\/\\\/holz-authentisch.de\\\/wp-content\\\/uploads\\\/2023\\\/06\\\/Olive-Rundholz.jpg\",\"datePublished\":\"2023-06-19T11:00:41+00:00\",\"description\":\"Olive Rundholz, Drechselholz\",\"breadcrumb\":{\"@id\":\"https:\\\/\\\/holz-authentisch.de\\\/it\\\/produkt\\\/tondo-fresco-mela-pera-ciliegia-copia#breadcrumb\"},\"inLanguage\":\"it-IT\",\"potentialAction\":[{\"@type\":\"ReadAction\",\"target\":[\"https:\\\/\\\/holz-authentisch.de\\\/it\\\/produkt\\\/tondo-fresco-mela-pera-ciliegia-copia\"]}]},{\"@type\":\"ImageObject\",\"inLanguage\":\"it-IT\",\"@id\":\"https:\\\/\\\/holz-authentisch.de\\\/it\\\/produkt\\\/tondo-fresco-mela-pera-ciliegia-copia#primaryimage\",\"url\":\"https:\\\/\\\/holz-authentisch.de\\\/wp-content\\\/uploads\\\/2023\\\/06\\\/Olive-Rundholz.jpg\",\"contentUrl\":\"https:\\\/\\\/holz-authentisch.de\\\/wp-content\\\/uploads\\\/2023\\\/06\\\/Olive-Rundholz.jpg\",\"width\":662,\"height\":1000,\"caption\":\"Olive Rundholz\"},{\"@type\":\"BreadcrumbList\",\"@id\":\"https:\\\/\\\/holz-authentisch.de\\\/it\\\/produkt\\\/tondo-fresco-mela-pera-ciliegia-copia#breadcrumb\",\"itemListElement\":[{\"@type\":\"ListItem\",\"position\":1,\"name\":\"Startseite\",\"item\":\"https:\\\/\\\/holz-authentisch.de\\\/it\"},{\"@type\":\"ListItem\",\"position\":2,\"name\":\"Negozio\",\"item\":\"https:\\\/\\\/holz-authentisch.de\\\/it\\\/negozio\"},{\"@type\":\"ListItem\",\"position\":3,\"name\":\"Olive Rundholz\"}]},{\"@type\":\"WebSite\",\"@id\":\"https:\\\/\\\/holz-authentisch.de\\\/it#website\",\"url\":\"https:\\\/\\\/holz-authentisch.de\\\/it\",\"name\":\"Holz Authentisch\",\"description\":\"Schnittholz \u00b7 M\u00f6bel \u00b7 B\u00f6den \u00b7 Verarbeitung &amp; mehr\",\"potentialAction\":[{\"@type\":\"SearchAction\",\"target\":{\"@type\":\"EntryPoint\",\"urlTemplate\":\"https:\\\/\\\/holz-authentisch.de\\\/it?s={search_term_string}\"},\"query-input\":{\"@type\":\"PropertyValueSpecification\",\"valueRequired\":true,\"valueName\":\"search_term_string\"}}],\"inLanguage\":\"it-IT\"}]}<\/script>\n<!-- \/ Yoast SEO plugin. -->","yoast_head_json":{"title":"Olive Rundholz - Holz Authentisch","description":"Olive Rundholz, Drechselholz","robots":{"index":"index","follow":"follow","max-snippet":"max-snippet:-1","max-image-preview":"max-image-preview:large","max-video-preview":"max-video-preview:-1"},"canonical":"https:\/\/holz-authentisch.de\/it\/produkt\/tondo-fresco-mela-pera-ciliegia-copia","og_locale":"it_IT","og_type":"article","og_title":"Olive Rundholz - Holz Authentisch","og_description":"Olive Rundholz, Drechselholz","og_url":"https:\/\/holz-authentisch.de\/it\/produkt\/tondo-fresco-mela-pera-ciliegia-copia","og_site_name":"Holz Authentisch","og_image":[{"width":662,"height":1000,"url":"https:\/\/holz-authentisch.de\/wp-content\/uploads\/2023\/06\/Olive-Rundholz.jpg","type":"image\/jpeg"}],"twitter_card":"summary_large_image","twitter_misc":{"Tempo di lettura stimato":"1 minuto"},"schema":{"@context":"https:\/\/schema.org","@graph":[{"@type":"WebPage","@id":"https:\/\/holz-authentisch.de\/it\/produkt\/tondo-fresco-mela-pera-ciliegia-copia","url":"https:\/\/holz-authentisch.de\/it\/produkt\/tondo-fresco-mela-pera-ciliegia-copia","name":"Olive Rundholz - Holz Authentisch","isPartOf":{"@id":"https:\/\/holz-authentisch.de\/it#website"},"primaryImageOfPage":{"@id":"https:\/\/holz-authentisch.de\/it\/produkt\/tondo-fresco-mela-pera-ciliegia-copia#primaryimage"},"image":{"@id":"https:\/\/holz-authentisch.de\/it\/produkt\/tondo-fresco-mela-pera-ciliegia-copia#primaryimage"},"thumbnailUrl":"https:\/\/holz-authentisch.de\/wp-content\/uploads\/2023\/06\/Olive-Rundholz.jpg","datePublished":"2023-06-19T11:00:41+00:00","description":"Olive Rundholz, Drechselholz","breadcrumb":{"@id":"https:\/\/holz-authentisch.de\/it\/produkt\/tondo-fresco-mela-pera-ciliegia-copia#breadcrumb"},"inLanguage":"it-IT","potentialAction":[{"@type":"ReadAction","target":["https:\/\/holz-authentisch.de\/it\/produkt\/tondo-fresco-mela-pera-ciliegia-copia"]}]},{"@type":"ImageObject","inLanguage":"it-IT","@id":"https:\/\/holz-authentisch.de\/it\/produkt\/tondo-fresco-mela-pera-ciliegia-copia#primaryimage","url":"https:\/\/holz-authentisch.de\/wp-content\/uploads\/2023\/06\/Olive-Rundholz.jpg","contentUrl":"https:\/\/holz-authentisch.de\/wp-content\/uploads\/2023\/06\/Olive-Rundholz.jpg","width":662,"height":1000,"caption":"Olive Rundholz"},{"@type":"BreadcrumbList","@id":"https:\/\/holz-authentisch.de\/it\/produkt\/tondo-fresco-mela-pera-ciliegia-copia#breadcrumb","itemListElement":[{"@type":"ListItem","position":1,"name":"Startseite","item":"https:\/\/holz-authentisch.de\/it"},{"@type":"ListItem","position":2,"name":"Negozio","item":"https:\/\/holz-authentisch.de\/it\/negozio"},{"@type":"ListItem","position":3,"name":"Olive Rundholz"}]},{"@type":"WebSite","@id":"https:\/\/holz-authentisch.de\/it#website","url":"https:\/\/holz-authentisch.de\/it","name":"Holz Authentisch","description":"Schnittholz \u00b7 M\u00f6bel \u00b7 B\u00f6den \u00b7 Verarbeitung &amp; mehr","potentialAction":[{"@type":"SearchAction","target":{"@type":"EntryPoint","urlTemplate":"https:\/\/holz-authentisch.de\/it?s={search_term_string}"},"query-input":{"@type":"PropertyValueSpecification","valueRequired":true,"valueName":"search_term_string"}}],"inLanguage":"it-IT"}]}},"_links":{"self":[{"href":"https:\/\/holz-authentisch.de\/it\/wp-json\/wp\/v2\/product\/27739","targetHints":{"allow":["GET"]}}],"collection":[{"href":"https:\/\/holz-authentisch.de\/it\/wp-json\/wp\/v2\/product"}],"about":[{"href":"https:\/\/holz-authentisch.de\/it\/wp-json\/wp\/v2\/types\/product"}],"wp:featuredmedia":[{"embeddable":true,"href":"https:\/\/holz-authentisch.de\/it\/wp-json\/wp\/v2\/media\/27738"}],"wp:attachment":[{"href":"https:\/\/holz-authentisch.de\/it\/wp-json\/wp\/v2\/media?parent=27739"}],"wp:term":[{"taxonomy":"product_brand","embeddable":true,"href":"https:\/\/holz-authentisch.de\/it\/wp-json\/wp\/v2\/product_brand?post=27739"},{"taxonomy":"product_cat","embeddable":true,"href":"https:\/\/holz-authentisch.de\/it\/wp-json\/wp\/v2\/product_cat?post=27739"},{"taxonomy":"product_tag","embeddable":true,"href":"https:\/\/holz-authentisch.de\/it\/wp-json\/wp\/v2\/product_tag?post=27739"}],"curies":[{"name":"wp","href":"https:\/\/api.w.org\/{rel}","templated":true}]}}