{"id":27664,"date":"2020-05-13T15:57:28","date_gmt":"2020-05-13T15:57:28","guid":{"rendered":"https:\/\/holz-authentisch.de\/produkt\/piano-del-tavolo-in-rovere-massiccio-sardo-140x70x3-cm"},"modified":"2023-05-02T15:21:10","modified_gmt":"2023-05-02T15:21:10","slug":"tavolo-sardegna-quercia-solida-140x70x3-cm","status":"publish","type":"product","link":"https:\/\/holz-authentisch.de\/it\/produkt\/tavolo-sardegna-quercia-solida-140x70x3-cm","title":{"rendered":"Piano del tavolo in rovere massiccio sardo 140x70x3 cm"},"content":{"rendered":"<p><strong>Piano del tavolo in rovere massiccio sardo 140x70x3 cm<\/strong><\/p>\n<p>&nbsp;<\/p>\n","protected":false},"excerpt":{"rendered":"<p><strong>Piano del tavolo in rovere sardo<\/strong><\/p>\n<p>Piano individuale in legno massiccio di rovere sardo di dimensioni 140 x 70 x 3 cm. Il legno della quercia sarda \u00e8 un po&#8217; pi\u00f9 scuro, pi\u00f9 rosso e pi\u00f9 selvaggio di quello della quercia tedesca. Il raro legno della Sardegna colpisce anche per la sua durezza e durevolezza, che lo rende perfetto come piano d&#8217;appoggio. In combinazione con le cornici in metallo, ad esempio, si ottiene un bellissimo oggetto di design per la sala da pranzo.<\/p>\n","protected":false},"featured_media":27209,"template":"","meta":[],"product_brand":[],"product_cat":[791],"product_tag":[],"class_list":{"0":"post-27664","1":"product","2":"type-product","3":"status-publish","4":"has-post-thumbnail","6":"product_cat-piani-dappoggio","7":"product_shipping_class-merci-ingombranti","9":"first","10":"outofstock","11":"taxable","12":"shipping-taxable","13":"product-type-simple","14":"add-to-wishlist-after_add_to_cart"},"yoast_head":"<!-- This site is optimized with the Yoast SEO plugin v27.5 - https:\/\/yoast.com\/product\/yoast-seo-wordpress\/ -->\n<title>Piano del tavolo in rovere massiccio sardo 140x70x3 cm - Holz Authentisch<\/title>\n<meta name=\"description\" content=\"Piano del tavolo in rovere massiccio sardo 140x70x3 cm. Acquista piani per tavoli in legno massiccio in un&#039;ampia selezione da amolegno nel nostro negozio online.\" \/>\n<meta name=\"robots\" content=\"index, follow, max-snippet:-1, max-image-preview:large, max-video-preview:-1\" \/>\n<link rel=\"canonical\" href=\"https:\/\/holz-authentisch.de\/it\/produkt\/tavolo-sardegna-quercia-solida-140x70x3-cm\" \/>\n<meta property=\"og:locale\" content=\"it_IT\" \/>\n<meta property=\"og:type\" content=\"article\" \/>\n<meta property=\"og:title\" content=\"Piano del tavolo in rovere massiccio sardo 140x70x3 cm - Holz Authentisch\" \/>\n<meta property=\"og:description\" content=\"Piano del tavolo in rovere massiccio sardo 140x70x3 cm. Acquista piani per tavoli in legno massiccio in un&#039;ampia selezione da amolegno nel nostro negozio online.\" \/>\n<meta property=\"og:url\" content=\"https:\/\/holz-authentisch.de\/it\/produkt\/tavolo-sardegna-quercia-solida-140x70x3-cm\" \/>\n<meta property=\"og:site_name\" content=\"Holz Authentisch\" \/>\n<meta property=\"article:modified_time\" content=\"2023-05-02T15:21:10+00:00\" \/>\n<meta property=\"og:image\" content=\"https:\/\/holz-authentisch.de\/wp-content\/uploads\/2020\/05\/Tischplatte-Sardische-Eiche-2.jpg\" \/>\n\t<meta property=\"og:image:width\" content=\"700\" \/>\n\t<meta property=\"og:image:height\" content=\"700\" \/>\n\t<meta property=\"og:image:type\" content=\"image\/jpeg\" \/>\n<meta name=\"twitter:card\" content=\"summary_large_image\" \/>\n<script type=\"application\/ld+json\" class=\"yoast-schema-graph\">{\"@context\":\"https:\\\/\\\/schema.org\",\"@graph\":[{\"@type\":\"WebPage\",\"@id\":\"https:\\\/\\\/holz-authentisch.de\\\/it\\\/produkt\\\/tavolo-sardegna-quercia-solida-140x70x3-cm\",\"url\":\"https:\\\/\\\/holz-authentisch.de\\\/it\\\/produkt\\\/tavolo-sardegna-quercia-solida-140x70x3-cm\",\"name\":\"Piano del tavolo in rovere massiccio sardo 140x70x3 cm - Holz Authentisch\",\"isPartOf\":{\"@id\":\"https:\\\/\\\/holz-authentisch.de\\\/it#website\"},\"primaryImageOfPage\":{\"@id\":\"https:\\\/\\\/holz-authentisch.de\\\/it\\\/produkt\\\/tavolo-sardegna-quercia-solida-140x70x3-cm#primaryimage\"},\"image\":{\"@id\":\"https:\\\/\\\/holz-authentisch.de\\\/it\\\/produkt\\\/tavolo-sardegna-quercia-solida-140x70x3-cm#primaryimage\"},\"thumbnailUrl\":\"https:\\\/\\\/holz-authentisch.de\\\/wp-content\\\/uploads\\\/2020\\\/05\\\/Tischplatte-Sardische-Eiche-2.jpg\",\"datePublished\":\"2020-05-13T15:57:28+00:00\",\"dateModified\":\"2023-05-02T15:21:10+00:00\",\"description\":\"Piano del tavolo in rovere massiccio sardo 140x70x3 cm. Acquista piani per tavoli in legno massiccio in un'ampia selezione da amolegno nel nostro negozio online.\",\"breadcrumb\":{\"@id\":\"https:\\\/\\\/holz-authentisch.de\\\/it\\\/produkt\\\/tavolo-sardegna-quercia-solida-140x70x3-cm#breadcrumb\"},\"inLanguage\":\"it-IT\",\"potentialAction\":[{\"@type\":\"ReadAction\",\"target\":[\"https:\\\/\\\/holz-authentisch.de\\\/it\\\/produkt\\\/tavolo-sardegna-quercia-solida-140x70x3-cm\"]}]},{\"@type\":\"ImageObject\",\"inLanguage\":\"it-IT\",\"@id\":\"https:\\\/\\\/holz-authentisch.de\\\/it\\\/produkt\\\/tavolo-sardegna-quercia-solida-140x70x3-cm#primaryimage\",\"url\":\"https:\\\/\\\/holz-authentisch.de\\\/wp-content\\\/uploads\\\/2020\\\/05\\\/Tischplatte-Sardische-Eiche-2.jpg\",\"contentUrl\":\"https:\\\/\\\/holz-authentisch.de\\\/wp-content\\\/uploads\\\/2020\\\/05\\\/Tischplatte-Sardische-Eiche-2.jpg\",\"width\":700,\"height\":700,\"caption\":\"Tischplatte sardische Eiche massiv online kaufen\"},{\"@type\":\"BreadcrumbList\",\"@id\":\"https:\\\/\\\/holz-authentisch.de\\\/it\\\/produkt\\\/tavolo-sardegna-quercia-solida-140x70x3-cm#breadcrumb\",\"itemListElement\":[{\"@type\":\"ListItem\",\"position\":1,\"name\":\"Startseite\",\"item\":\"https:\\\/\\\/holz-authentisch.de\\\/it\"},{\"@type\":\"ListItem\",\"position\":2,\"name\":\"Negozio\",\"item\":\"https:\\\/\\\/holz-authentisch.de\\\/it\\\/negozio\"},{\"@type\":\"ListItem\",\"position\":3,\"name\":\"Piano del tavolo in rovere massiccio sardo 140x70x3 cm\"}]},{\"@type\":\"WebSite\",\"@id\":\"https:\\\/\\\/holz-authentisch.de\\\/it#website\",\"url\":\"https:\\\/\\\/holz-authentisch.de\\\/it\",\"name\":\"Holz Authentisch\",\"description\":\"Schnittholz \u00b7 M\u00f6bel \u00b7 B\u00f6den \u00b7 Verarbeitung &amp; mehr\",\"potentialAction\":[{\"@type\":\"SearchAction\",\"target\":{\"@type\":\"EntryPoint\",\"urlTemplate\":\"https:\\\/\\\/holz-authentisch.de\\\/it?s={search_term_string}\"},\"query-input\":{\"@type\":\"PropertyValueSpecification\",\"valueRequired\":true,\"valueName\":\"search_term_string\"}}],\"inLanguage\":\"it-IT\"}]}<\/script>\n<!-- \/ Yoast SEO plugin. -->","yoast_head_json":{"title":"Piano del tavolo in rovere massiccio sardo 140x70x3 cm - Holz Authentisch","description":"Piano del tavolo in rovere massiccio sardo 140x70x3 cm. Acquista piani per tavoli in legno massiccio in un'ampia selezione da amolegno nel nostro negozio online.","robots":{"index":"index","follow":"follow","max-snippet":"max-snippet:-1","max-image-preview":"max-image-preview:large","max-video-preview":"max-video-preview:-1"},"canonical":"https:\/\/holz-authentisch.de\/it\/produkt\/tavolo-sardegna-quercia-solida-140x70x3-cm","og_locale":"it_IT","og_type":"article","og_title":"Piano del tavolo in rovere massiccio sardo 140x70x3 cm - Holz Authentisch","og_description":"Piano del tavolo in rovere massiccio sardo 140x70x3 cm. Acquista piani per tavoli in legno massiccio in un'ampia selezione da amolegno nel nostro negozio online.","og_url":"https:\/\/holz-authentisch.de\/it\/produkt\/tavolo-sardegna-quercia-solida-140x70x3-cm","og_site_name":"Holz Authentisch","article_modified_time":"2023-05-02T15:21:10+00:00","og_image":[{"width":700,"height":700,"url":"https:\/\/holz-authentisch.de\/wp-content\/uploads\/2020\/05\/Tischplatte-Sardische-Eiche-2.jpg","type":"image\/jpeg"}],"twitter_card":"summary_large_image","schema":{"@context":"https:\/\/schema.org","@graph":[{"@type":"WebPage","@id":"https:\/\/holz-authentisch.de\/it\/produkt\/tavolo-sardegna-quercia-solida-140x70x3-cm","url":"https:\/\/holz-authentisch.de\/it\/produkt\/tavolo-sardegna-quercia-solida-140x70x3-cm","name":"Piano del tavolo in rovere massiccio sardo 140x70x3 cm - Holz Authentisch","isPartOf":{"@id":"https:\/\/holz-authentisch.de\/it#website"},"primaryImageOfPage":{"@id":"https:\/\/holz-authentisch.de\/it\/produkt\/tavolo-sardegna-quercia-solida-140x70x3-cm#primaryimage"},"image":{"@id":"https:\/\/holz-authentisch.de\/it\/produkt\/tavolo-sardegna-quercia-solida-140x70x3-cm#primaryimage"},"thumbnailUrl":"https:\/\/holz-authentisch.de\/wp-content\/uploads\/2020\/05\/Tischplatte-Sardische-Eiche-2.jpg","datePublished":"2020-05-13T15:57:28+00:00","dateModified":"2023-05-02T15:21:10+00:00","description":"Piano del tavolo in rovere massiccio sardo 140x70x3 cm. Acquista piani per tavoli in legno massiccio in un'ampia selezione da amolegno nel nostro negozio online.","breadcrumb":{"@id":"https:\/\/holz-authentisch.de\/it\/produkt\/tavolo-sardegna-quercia-solida-140x70x3-cm#breadcrumb"},"inLanguage":"it-IT","potentialAction":[{"@type":"ReadAction","target":["https:\/\/holz-authentisch.de\/it\/produkt\/tavolo-sardegna-quercia-solida-140x70x3-cm"]}]},{"@type":"ImageObject","inLanguage":"it-IT","@id":"https:\/\/holz-authentisch.de\/it\/produkt\/tavolo-sardegna-quercia-solida-140x70x3-cm#primaryimage","url":"https:\/\/holz-authentisch.de\/wp-content\/uploads\/2020\/05\/Tischplatte-Sardische-Eiche-2.jpg","contentUrl":"https:\/\/holz-authentisch.de\/wp-content\/uploads\/2020\/05\/Tischplatte-Sardische-Eiche-2.jpg","width":700,"height":700,"caption":"Tischplatte sardische Eiche massiv online kaufen"},{"@type":"BreadcrumbList","@id":"https:\/\/holz-authentisch.de\/it\/produkt\/tavolo-sardegna-quercia-solida-140x70x3-cm#breadcrumb","itemListElement":[{"@type":"ListItem","position":1,"name":"Startseite","item":"https:\/\/holz-authentisch.de\/it"},{"@type":"ListItem","position":2,"name":"Negozio","item":"https:\/\/holz-authentisch.de\/it\/negozio"},{"@type":"ListItem","position":3,"name":"Piano del tavolo in rovere massiccio sardo 140x70x3 cm"}]},{"@type":"WebSite","@id":"https:\/\/holz-authentisch.de\/it#website","url":"https:\/\/holz-authentisch.de\/it","name":"Holz Authentisch","description":"Schnittholz \u00b7 M\u00f6bel \u00b7 B\u00f6den \u00b7 Verarbeitung &amp; mehr","potentialAction":[{"@type":"SearchAction","target":{"@type":"EntryPoint","urlTemplate":"https:\/\/holz-authentisch.de\/it?s={search_term_string}"},"query-input":{"@type":"PropertyValueSpecification","valueRequired":true,"valueName":"search_term_string"}}],"inLanguage":"it-IT"}]}},"_links":{"self":[{"href":"https:\/\/holz-authentisch.de\/it\/wp-json\/wp\/v2\/product\/27664","targetHints":{"allow":["GET"]}}],"collection":[{"href":"https:\/\/holz-authentisch.de\/it\/wp-json\/wp\/v2\/product"}],"about":[{"href":"https:\/\/holz-authentisch.de\/it\/wp-json\/wp\/v2\/types\/product"}],"wp:featuredmedia":[{"embeddable":true,"href":"https:\/\/holz-authentisch.de\/it\/wp-json\/wp\/v2\/media\/27209"}],"wp:attachment":[{"href":"https:\/\/holz-authentisch.de\/it\/wp-json\/wp\/v2\/media?parent=27664"}],"wp:term":[{"taxonomy":"product_brand","embeddable":true,"href":"https:\/\/holz-authentisch.de\/it\/wp-json\/wp\/v2\/product_brand?post=27664"},{"taxonomy":"product_cat","embeddable":true,"href":"https:\/\/holz-authentisch.de\/it\/wp-json\/wp\/v2\/product_cat?post=27664"},{"taxonomy":"product_tag","embeddable":true,"href":"https:\/\/holz-authentisch.de\/it\/wp-json\/wp\/v2\/product_tag?post=27664"}],"curies":[{"name":"wp","href":"https:\/\/api.w.org\/{rel}","templated":true}]}}