{"id":27659,"date":"2021-03-25T08:42:55","date_gmt":"2021-03-25T08:42:55","guid":{"rendered":"https:\/\/holz-authentisch.de\/produkt\/eucalipto-cantel-30x30x200"},"modified":"2023-05-02T15:19:23","modified_gmt":"2023-05-02T15:19:23","slug":"eukalyptus-kantel-30x30x200","status":"publish","type":"product","link":"https:\/\/holz-authentisch.de\/it\/produkt\/eukalyptus-kantel-30x30x200","title":{"rendered":"Eucalipto Cantel 30x30x200"},"content":{"rendered":"<p><strong>Cantello in eucalipto 30x30x200mm<\/strong><\/p>\n<p>Il pezzo di legno mostrato \u00e8 esemplare. Riceverete un pezzo simile per venatura e colore nella dimensione interessata. Nella foto qui sotto potete vedere il legno direttamente in forma piallata e oliata e in varie dimensioni e forme.<\/p>\n","protected":false},"excerpt":{"rendered":"<p>Il genere Eucacypts comprende 700-800 specie, originarie soprattutto dell&#8217;Australia. Raramente un albero d\u00e0 forma a un Paese come l&#8217;eucalipto all&#8217;Australia. Nel frattempo, alcune specie come l&#8217;eucalipto rosso si trovano anche nell&#8217;Europa meridionale. Il profumo degli oli essenziali di eucalipto \u00e8 probabilmente il pi\u00f9 noto nel campo del trattamento del raffreddore. Le sue propriet\u00e0 curative erano gi\u00e0 note agli aborigeni. Il colore del durame dell&#8217;eucalipto rosso varia dal rosso vivo a tonalit\u00e0 marroni profonde. Mostra bellissimi gradienti di struttura fluida e ondulata. Grazie alla sua elevata resistenza agli agenti atmosferici, viene spesso utilizzato anche nella costruzione di navi. Come si pu\u00f2 vedere dai koala, l&#8217;eucalipto ha un effetto rilassante, ma anche purificante e liberatorio.<\/p>\n","protected":false},"featured_media":27170,"template":"","meta":[],"product_brand":[],"product_cat":[739,769],"product_tag":[],"class_list":{"0":"post-27659","1":"product","2":"type-product","3":"status-publish","4":"has-post-thumbnail","6":"product_cat-30x30x200-mm","7":"product_cat-eucalipto","9":"first","10":"outofstock","11":"taxable","12":"shipping-taxable","13":"purchasable","14":"product-type-simple","15":"add-to-wishlist-after_add_to_cart"},"yoast_head":"<!-- This site is optimized with the Yoast SEO plugin v27.6 - https:\/\/yoast.com\/product\/yoast-seo-wordpress\/ -->\n<title>Eucalipto Cantel 30x30x200 - Holz Authentisch<\/title>\n<meta name=\"description\" content=\"Cantile in eucalipto 30x30x200 mm. Acquistare legno di tornitura, segati online su amolegno. Il vostro commercio di legname in Allg\u00e4u per il legno pregiato.\" \/>\n<meta name=\"robots\" content=\"index, follow, max-snippet:-1, max-image-preview:large, max-video-preview:-1\" \/>\n<link rel=\"canonical\" href=\"https:\/\/holz-authentisch.de\/it\/produkt\/eukalyptus-kantel-30x30x200\" \/>\n<meta property=\"og:locale\" content=\"it_IT\" \/>\n<meta property=\"og:type\" content=\"article\" \/>\n<meta property=\"og:title\" content=\"Eucalipto Cantel 30x30x200 - Holz Authentisch\" \/>\n<meta property=\"og:description\" content=\"Cantile in eucalipto 30x30x200 mm. Acquistare legno di tornitura, segati online su amolegno. Il vostro commercio di legname in Allg\u00e4u per il legno pregiato.\" \/>\n<meta property=\"og:url\" content=\"https:\/\/holz-authentisch.de\/it\/produkt\/eukalyptus-kantel-30x30x200\" \/>\n<meta property=\"og:site_name\" content=\"Holz Authentisch\" \/>\n<meta property=\"article:modified_time\" content=\"2023-05-02T15:19:23+00:00\" \/>\n<meta property=\"og:image\" content=\"https:\/\/holz-authentisch.de\/wp-content\/uploads\/2017\/09\/Eukalyptus-Kantel-30x30x200.jpg\" \/>\n\t<meta property=\"og:image:width\" content=\"700\" \/>\n\t<meta property=\"og:image:height\" content=\"700\" \/>\n\t<meta property=\"og:image:type\" content=\"image\/jpeg\" \/>\n<meta name=\"twitter:card\" content=\"summary_large_image\" \/>\n<script type=\"application\/ld+json\" class=\"yoast-schema-graph\">{\"@context\":\"https:\\\/\\\/schema.org\",\"@graph\":[{\"@type\":\"WebPage\",\"@id\":\"https:\\\/\\\/holz-authentisch.de\\\/it\\\/produkt\\\/eukalyptus-kantel-30x30x200\",\"url\":\"https:\\\/\\\/holz-authentisch.de\\\/it\\\/produkt\\\/eukalyptus-kantel-30x30x200\",\"name\":\"Eucalipto Cantel 30x30x200 - Holz Authentisch\",\"isPartOf\":{\"@id\":\"https:\\\/\\\/holz-authentisch.de\\\/it#website\"},\"primaryImageOfPage\":{\"@id\":\"https:\\\/\\\/holz-authentisch.de\\\/it\\\/produkt\\\/eukalyptus-kantel-30x30x200#primaryimage\"},\"image\":{\"@id\":\"https:\\\/\\\/holz-authentisch.de\\\/it\\\/produkt\\\/eukalyptus-kantel-30x30x200#primaryimage\"},\"thumbnailUrl\":\"https:\\\/\\\/holz-authentisch.de\\\/wp-content\\\/uploads\\\/2017\\\/09\\\/Eukalyptus-Kantel-30x30x200.jpg\",\"datePublished\":\"2021-03-25T08:42:55+00:00\",\"dateModified\":\"2023-05-02T15:19:23+00:00\",\"description\":\"Cantile in eucalipto 30x30x200 mm. Acquistare legno di tornitura, segati online su amolegno. Il vostro commercio di legname in Allg\u00e4u per il legno pregiato.\",\"breadcrumb\":{\"@id\":\"https:\\\/\\\/holz-authentisch.de\\\/it\\\/produkt\\\/eukalyptus-kantel-30x30x200#breadcrumb\"},\"inLanguage\":\"it-IT\",\"potentialAction\":[{\"@type\":\"ReadAction\",\"target\":[\"https:\\\/\\\/holz-authentisch.de\\\/it\\\/produkt\\\/eukalyptus-kantel-30x30x200\"]}]},{\"@type\":\"ImageObject\",\"inLanguage\":\"it-IT\",\"@id\":\"https:\\\/\\\/holz-authentisch.de\\\/it\\\/produkt\\\/eukalyptus-kantel-30x30x200#primaryimage\",\"url\":\"https:\\\/\\\/holz-authentisch.de\\\/wp-content\\\/uploads\\\/2017\\\/09\\\/Eukalyptus-Kantel-30x30x200.jpg\",\"contentUrl\":\"https:\\\/\\\/holz-authentisch.de\\\/wp-content\\\/uploads\\\/2017\\\/09\\\/Eukalyptus-Kantel-30x30x200.jpg\",\"width\":700,\"height\":700,\"caption\":\"Eukalyptus Kantel 30x30x200\"},{\"@type\":\"BreadcrumbList\",\"@id\":\"https:\\\/\\\/holz-authentisch.de\\\/it\\\/produkt\\\/eukalyptus-kantel-30x30x200#breadcrumb\",\"itemListElement\":[{\"@type\":\"ListItem\",\"position\":1,\"name\":\"Startseite\",\"item\":\"https:\\\/\\\/holz-authentisch.de\\\/it\"},{\"@type\":\"ListItem\",\"position\":2,\"name\":\"Negozio\",\"item\":\"https:\\\/\\\/holz-authentisch.de\\\/it\\\/negozio\"},{\"@type\":\"ListItem\",\"position\":3,\"name\":\"Eucalipto Cantel 30x30x200\"}]},{\"@type\":\"WebSite\",\"@id\":\"https:\\\/\\\/holz-authentisch.de\\\/it#website\",\"url\":\"https:\\\/\\\/holz-authentisch.de\\\/it\",\"name\":\"Holz Authentisch\",\"description\":\"Schnittholz \u00b7 M\u00f6bel \u00b7 B\u00f6den \u00b7 Verarbeitung &amp; mehr\",\"potentialAction\":[{\"@type\":\"SearchAction\",\"target\":{\"@type\":\"EntryPoint\",\"urlTemplate\":\"https:\\\/\\\/holz-authentisch.de\\\/it?s={search_term_string}\"},\"query-input\":{\"@type\":\"PropertyValueSpecification\",\"valueRequired\":true,\"valueName\":\"search_term_string\"}}],\"inLanguage\":\"it-IT\"}]}<\/script>\n<!-- \/ Yoast SEO plugin. -->","yoast_head_json":{"title":"Eucalipto Cantel 30x30x200 - Holz Authentisch","description":"Cantile in eucalipto 30x30x200 mm. Acquistare legno di tornitura, segati online su amolegno. Il vostro commercio di legname in Allg\u00e4u per il legno pregiato.","robots":{"index":"index","follow":"follow","max-snippet":"max-snippet:-1","max-image-preview":"max-image-preview:large","max-video-preview":"max-video-preview:-1"},"canonical":"https:\/\/holz-authentisch.de\/it\/produkt\/eukalyptus-kantel-30x30x200","og_locale":"it_IT","og_type":"article","og_title":"Eucalipto Cantel 30x30x200 - Holz Authentisch","og_description":"Cantile in eucalipto 30x30x200 mm. Acquistare legno di tornitura, segati online su amolegno. Il vostro commercio di legname in Allg\u00e4u per il legno pregiato.","og_url":"https:\/\/holz-authentisch.de\/it\/produkt\/eukalyptus-kantel-30x30x200","og_site_name":"Holz Authentisch","article_modified_time":"2023-05-02T15:19:23+00:00","og_image":[{"width":700,"height":700,"url":"https:\/\/holz-authentisch.de\/wp-content\/uploads\/2017\/09\/Eukalyptus-Kantel-30x30x200.jpg","type":"image\/jpeg"}],"twitter_card":"summary_large_image","schema":{"@context":"https:\/\/schema.org","@graph":[{"@type":"WebPage","@id":"https:\/\/holz-authentisch.de\/it\/produkt\/eukalyptus-kantel-30x30x200","url":"https:\/\/holz-authentisch.de\/it\/produkt\/eukalyptus-kantel-30x30x200","name":"Eucalipto Cantel 30x30x200 - Holz Authentisch","isPartOf":{"@id":"https:\/\/holz-authentisch.de\/it#website"},"primaryImageOfPage":{"@id":"https:\/\/holz-authentisch.de\/it\/produkt\/eukalyptus-kantel-30x30x200#primaryimage"},"image":{"@id":"https:\/\/holz-authentisch.de\/it\/produkt\/eukalyptus-kantel-30x30x200#primaryimage"},"thumbnailUrl":"https:\/\/holz-authentisch.de\/wp-content\/uploads\/2017\/09\/Eukalyptus-Kantel-30x30x200.jpg","datePublished":"2021-03-25T08:42:55+00:00","dateModified":"2023-05-02T15:19:23+00:00","description":"Cantile in eucalipto 30x30x200 mm. Acquistare legno di tornitura, segati online su amolegno. Il vostro commercio di legname in Allg\u00e4u per il legno pregiato.","breadcrumb":{"@id":"https:\/\/holz-authentisch.de\/it\/produkt\/eukalyptus-kantel-30x30x200#breadcrumb"},"inLanguage":"it-IT","potentialAction":[{"@type":"ReadAction","target":["https:\/\/holz-authentisch.de\/it\/produkt\/eukalyptus-kantel-30x30x200"]}]},{"@type":"ImageObject","inLanguage":"it-IT","@id":"https:\/\/holz-authentisch.de\/it\/produkt\/eukalyptus-kantel-30x30x200#primaryimage","url":"https:\/\/holz-authentisch.de\/wp-content\/uploads\/2017\/09\/Eukalyptus-Kantel-30x30x200.jpg","contentUrl":"https:\/\/holz-authentisch.de\/wp-content\/uploads\/2017\/09\/Eukalyptus-Kantel-30x30x200.jpg","width":700,"height":700,"caption":"Eukalyptus Kantel 30x30x200"},{"@type":"BreadcrumbList","@id":"https:\/\/holz-authentisch.de\/it\/produkt\/eukalyptus-kantel-30x30x200#breadcrumb","itemListElement":[{"@type":"ListItem","position":1,"name":"Startseite","item":"https:\/\/holz-authentisch.de\/it"},{"@type":"ListItem","position":2,"name":"Negozio","item":"https:\/\/holz-authentisch.de\/it\/negozio"},{"@type":"ListItem","position":3,"name":"Eucalipto Cantel 30x30x200"}]},{"@type":"WebSite","@id":"https:\/\/holz-authentisch.de\/it#website","url":"https:\/\/holz-authentisch.de\/it","name":"Holz Authentisch","description":"Schnittholz \u00b7 M\u00f6bel \u00b7 B\u00f6den \u00b7 Verarbeitung &amp; mehr","potentialAction":[{"@type":"SearchAction","target":{"@type":"EntryPoint","urlTemplate":"https:\/\/holz-authentisch.de\/it?s={search_term_string}"},"query-input":{"@type":"PropertyValueSpecification","valueRequired":true,"valueName":"search_term_string"}}],"inLanguage":"it-IT"}]}},"_links":{"self":[{"href":"https:\/\/holz-authentisch.de\/it\/wp-json\/wp\/v2\/product\/27659","targetHints":{"allow":["GET"]}}],"collection":[{"href":"https:\/\/holz-authentisch.de\/it\/wp-json\/wp\/v2\/product"}],"about":[{"href":"https:\/\/holz-authentisch.de\/it\/wp-json\/wp\/v2\/types\/product"}],"wp:featuredmedia":[{"embeddable":true,"href":"https:\/\/holz-authentisch.de\/it\/wp-json\/wp\/v2\/media\/27170"}],"wp:attachment":[{"href":"https:\/\/holz-authentisch.de\/it\/wp-json\/wp\/v2\/media?parent=27659"}],"wp:term":[{"taxonomy":"product_brand","embeddable":true,"href":"https:\/\/holz-authentisch.de\/it\/wp-json\/wp\/v2\/product_brand?post=27659"},{"taxonomy":"product_cat","embeddable":true,"href":"https:\/\/holz-authentisch.de\/it\/wp-json\/wp\/v2\/product_cat?post=27659"},{"taxonomy":"product_tag","embeddable":true,"href":"https:\/\/holz-authentisch.de\/it\/wp-json\/wp\/v2\/product_tag?post=27659"}],"curies":[{"name":"wp","href":"https:\/\/api.w.org\/{rel}","templated":true}]}}