{"id":27640,"date":"2021-06-02T10:03:28","date_gmt":"2021-06-02T10:03:28","guid":{"rendered":"https:\/\/holz-authentisch.de\/produkt\/manico-di-coltello-in-sughero-grezzo-30x40x120-mm"},"modified":"2023-05-02T15:16:49","modified_gmt":"2023-05-02T15:16:49","slug":"korkeiche-messergriff-30x40x120","status":"publish","type":"product","link":"https:\/\/holz-authentisch.de\/it\/produkt\/korkeiche-messergriff-30x40x120","title":{"rendered":"Manico di coltello in sughero grezzo 30x40x120 mm"},"content":{"rendered":"<p>Il pezzo di legno mostrato \u00e8 esemplare. Riceverete un pezzo simile per venatura e colore nella dimensione interessata.<\/p>\n","protected":false},"excerpt":{"rendered":"<p>La quercia da sughero \u00e8 un albero che \u00e8 sinonimo di sostenibilit\u00e0, rigenerazione e versatilit\u00e0 come nessun altro. \u00c8 l&#8217;unico albero le cui cellule madri rimangono attive per tutta la vita, consentendo alla corteccia di replicarsi costantemente. Il loro legno \u00e8 molto forte, duro e pesante, ma meno denso in confronto. Ha bellissimi specchi e venature animalesche che, in combinazione con il colore grigiastro, rossastro o nero-marrone, trasmettono impressioni intense.<\/p>\n<p>La quercia da sughero presenta spesso piccole fessure, conci o piccoli fori di tarlo, poich\u00e9 gli alberi hanno una crescita molto selvaggia. Si tratta di condizioni naturali dell&#8217;albero e del suo legno.<\/p>\n","protected":false},"featured_media":27300,"template":"","meta":[],"product_brand":[],"product_cat":[730,763],"product_tag":[],"class_list":{"0":"post-27640","1":"product","2":"type-product","3":"status-publish","4":"has-post-thumbnail","6":"product_cat-manico-di-coltello-30x40x120-mm-in-bianco","7":"product_cat-quercia-da-sughero","9":"first","10":"instock","11":"taxable","12":"shipping-taxable","13":"purchasable","14":"product-type-simple","15":"add-to-wishlist-after_add_to_cart"},"yoast_head":"<!-- This site is optimized with the Yoast SEO plugin v27.5 - https:\/\/yoast.com\/product\/yoast-seo-wordpress\/ -->\n<title>Manico di coltello in sughero grezzo 30x40x120 mm - Holz Authentisch<\/title>\n<meta name=\"description\" content=\"Manico di coltello in sughero 30x40x120 . Legno di tornitura, legno pregiato, mobili, legno segato di quercia da sughero da amolegno nel negozio online.\" \/>\n<meta name=\"robots\" content=\"index, follow, max-snippet:-1, max-image-preview:large, max-video-preview:-1\" \/>\n<link rel=\"canonical\" href=\"https:\/\/holz-authentisch.de\/it\/produkt\/korkeiche-messergriff-30x40x120\" \/>\n<meta property=\"og:locale\" content=\"it_IT\" \/>\n<meta property=\"og:type\" content=\"article\" \/>\n<meta property=\"og:title\" content=\"Manico di coltello in sughero grezzo 30x40x120 mm - Holz Authentisch\" \/>\n<meta property=\"og:description\" content=\"Manico di coltello in sughero 30x40x120 . Legno di tornitura, legno pregiato, mobili, legno segato di quercia da sughero da amolegno nel negozio online.\" \/>\n<meta property=\"og:url\" content=\"https:\/\/holz-authentisch.de\/it\/produkt\/korkeiche-messergriff-30x40x120\" \/>\n<meta property=\"og:site_name\" content=\"Holz Authentisch\" \/>\n<meta property=\"article:modified_time\" content=\"2023-05-02T15:16:49+00:00\" \/>\n<meta property=\"og:image\" content=\"https:\/\/holz-authentisch.de\/wp-content\/uploads\/2021\/06\/Korkeiche-Messergriff-30x40x120.jpg\" \/>\n\t<meta property=\"og:image:width\" content=\"1738\" \/>\n\t<meta property=\"og:image:height\" content=\"1151\" \/>\n\t<meta property=\"og:image:type\" content=\"image\/jpeg\" \/>\n<meta name=\"twitter:card\" content=\"summary_large_image\" \/>\n<script type=\"application\/ld+json\" class=\"yoast-schema-graph\">{\"@context\":\"https:\\\/\\\/schema.org\",\"@graph\":[{\"@type\":\"WebPage\",\"@id\":\"https:\\\/\\\/holz-authentisch.de\\\/it\\\/produkt\\\/korkeiche-messergriff-30x40x120\",\"url\":\"https:\\\/\\\/holz-authentisch.de\\\/it\\\/produkt\\\/korkeiche-messergriff-30x40x120\",\"name\":\"Manico di coltello in sughero grezzo 30x40x120 mm - Holz Authentisch\",\"isPartOf\":{\"@id\":\"https:\\\/\\\/holz-authentisch.de\\\/it#website\"},\"primaryImageOfPage\":{\"@id\":\"https:\\\/\\\/holz-authentisch.de\\\/it\\\/produkt\\\/korkeiche-messergriff-30x40x120#primaryimage\"},\"image\":{\"@id\":\"https:\\\/\\\/holz-authentisch.de\\\/it\\\/produkt\\\/korkeiche-messergriff-30x40x120#primaryimage\"},\"thumbnailUrl\":\"https:\\\/\\\/holz-authentisch.de\\\/wp-content\\\/uploads\\\/2021\\\/06\\\/Korkeiche-Messergriff-30x40x120.jpg\",\"datePublished\":\"2021-06-02T10:03:28+00:00\",\"dateModified\":\"2023-05-02T15:16:49+00:00\",\"description\":\"Manico di coltello in sughero 30x40x120 . Legno di tornitura, legno pregiato, mobili, legno segato di quercia da sughero da amolegno nel negozio online.\",\"breadcrumb\":{\"@id\":\"https:\\\/\\\/holz-authentisch.de\\\/it\\\/produkt\\\/korkeiche-messergriff-30x40x120#breadcrumb\"},\"inLanguage\":\"it-IT\",\"potentialAction\":[{\"@type\":\"ReadAction\",\"target\":[\"https:\\\/\\\/holz-authentisch.de\\\/it\\\/produkt\\\/korkeiche-messergriff-30x40x120\"]}]},{\"@type\":\"ImageObject\",\"inLanguage\":\"it-IT\",\"@id\":\"https:\\\/\\\/holz-authentisch.de\\\/it\\\/produkt\\\/korkeiche-messergriff-30x40x120#primaryimage\",\"url\":\"https:\\\/\\\/holz-authentisch.de\\\/wp-content\\\/uploads\\\/2021\\\/06\\\/Korkeiche-Messergriff-30x40x120.jpg\",\"contentUrl\":\"https:\\\/\\\/holz-authentisch.de\\\/wp-content\\\/uploads\\\/2021\\\/06\\\/Korkeiche-Messergriff-30x40x120.jpg\",\"width\":1738,\"height\":1151,\"caption\":\"Korkeiche Messergriff 30x40x120 Edelholz Drechselholz\"},{\"@type\":\"BreadcrumbList\",\"@id\":\"https:\\\/\\\/holz-authentisch.de\\\/it\\\/produkt\\\/korkeiche-messergriff-30x40x120#breadcrumb\",\"itemListElement\":[{\"@type\":\"ListItem\",\"position\":1,\"name\":\"Startseite\",\"item\":\"https:\\\/\\\/holz-authentisch.de\\\/it\"},{\"@type\":\"ListItem\",\"position\":2,\"name\":\"Negozio\",\"item\":\"https:\\\/\\\/holz-authentisch.de\\\/it\\\/negozio\"},{\"@type\":\"ListItem\",\"position\":3,\"name\":\"Manico di coltello in sughero grezzo 30x40x120 mm\"}]},{\"@type\":\"WebSite\",\"@id\":\"https:\\\/\\\/holz-authentisch.de\\\/it#website\",\"url\":\"https:\\\/\\\/holz-authentisch.de\\\/it\",\"name\":\"Holz Authentisch\",\"description\":\"Schnittholz \u00b7 M\u00f6bel \u00b7 B\u00f6den \u00b7 Verarbeitung &amp; mehr\",\"potentialAction\":[{\"@type\":\"SearchAction\",\"target\":{\"@type\":\"EntryPoint\",\"urlTemplate\":\"https:\\\/\\\/holz-authentisch.de\\\/it?s={search_term_string}\"},\"query-input\":{\"@type\":\"PropertyValueSpecification\",\"valueRequired\":true,\"valueName\":\"search_term_string\"}}],\"inLanguage\":\"it-IT\"}]}<\/script>\n<!-- \/ Yoast SEO plugin. -->","yoast_head_json":{"title":"Manico di coltello in sughero grezzo 30x40x120 mm - Holz Authentisch","description":"Manico di coltello in sughero 30x40x120 . Legno di tornitura, legno pregiato, mobili, legno segato di quercia da sughero da amolegno nel negozio online.","robots":{"index":"index","follow":"follow","max-snippet":"max-snippet:-1","max-image-preview":"max-image-preview:large","max-video-preview":"max-video-preview:-1"},"canonical":"https:\/\/holz-authentisch.de\/it\/produkt\/korkeiche-messergriff-30x40x120","og_locale":"it_IT","og_type":"article","og_title":"Manico di coltello in sughero grezzo 30x40x120 mm - Holz Authentisch","og_description":"Manico di coltello in sughero 30x40x120 . Legno di tornitura, legno pregiato, mobili, legno segato di quercia da sughero da amolegno nel negozio online.","og_url":"https:\/\/holz-authentisch.de\/it\/produkt\/korkeiche-messergriff-30x40x120","og_site_name":"Holz Authentisch","article_modified_time":"2023-05-02T15:16:49+00:00","og_image":[{"width":1738,"height":1151,"url":"https:\/\/holz-authentisch.de\/wp-content\/uploads\/2021\/06\/Korkeiche-Messergriff-30x40x120.jpg","type":"image\/jpeg"}],"twitter_card":"summary_large_image","schema":{"@context":"https:\/\/schema.org","@graph":[{"@type":"WebPage","@id":"https:\/\/holz-authentisch.de\/it\/produkt\/korkeiche-messergriff-30x40x120","url":"https:\/\/holz-authentisch.de\/it\/produkt\/korkeiche-messergriff-30x40x120","name":"Manico di coltello in sughero grezzo 30x40x120 mm - Holz Authentisch","isPartOf":{"@id":"https:\/\/holz-authentisch.de\/it#website"},"primaryImageOfPage":{"@id":"https:\/\/holz-authentisch.de\/it\/produkt\/korkeiche-messergriff-30x40x120#primaryimage"},"image":{"@id":"https:\/\/holz-authentisch.de\/it\/produkt\/korkeiche-messergriff-30x40x120#primaryimage"},"thumbnailUrl":"https:\/\/holz-authentisch.de\/wp-content\/uploads\/2021\/06\/Korkeiche-Messergriff-30x40x120.jpg","datePublished":"2021-06-02T10:03:28+00:00","dateModified":"2023-05-02T15:16:49+00:00","description":"Manico di coltello in sughero 30x40x120 . Legno di tornitura, legno pregiato, mobili, legno segato di quercia da sughero da amolegno nel negozio online.","breadcrumb":{"@id":"https:\/\/holz-authentisch.de\/it\/produkt\/korkeiche-messergriff-30x40x120#breadcrumb"},"inLanguage":"it-IT","potentialAction":[{"@type":"ReadAction","target":["https:\/\/holz-authentisch.de\/it\/produkt\/korkeiche-messergriff-30x40x120"]}]},{"@type":"ImageObject","inLanguage":"it-IT","@id":"https:\/\/holz-authentisch.de\/it\/produkt\/korkeiche-messergriff-30x40x120#primaryimage","url":"https:\/\/holz-authentisch.de\/wp-content\/uploads\/2021\/06\/Korkeiche-Messergriff-30x40x120.jpg","contentUrl":"https:\/\/holz-authentisch.de\/wp-content\/uploads\/2021\/06\/Korkeiche-Messergriff-30x40x120.jpg","width":1738,"height":1151,"caption":"Korkeiche Messergriff 30x40x120 Edelholz Drechselholz"},{"@type":"BreadcrumbList","@id":"https:\/\/holz-authentisch.de\/it\/produkt\/korkeiche-messergriff-30x40x120#breadcrumb","itemListElement":[{"@type":"ListItem","position":1,"name":"Startseite","item":"https:\/\/holz-authentisch.de\/it"},{"@type":"ListItem","position":2,"name":"Negozio","item":"https:\/\/holz-authentisch.de\/it\/negozio"},{"@type":"ListItem","position":3,"name":"Manico di coltello in sughero grezzo 30x40x120 mm"}]},{"@type":"WebSite","@id":"https:\/\/holz-authentisch.de\/it#website","url":"https:\/\/holz-authentisch.de\/it","name":"Holz Authentisch","description":"Schnittholz \u00b7 M\u00f6bel \u00b7 B\u00f6den \u00b7 Verarbeitung &amp; mehr","potentialAction":[{"@type":"SearchAction","target":{"@type":"EntryPoint","urlTemplate":"https:\/\/holz-authentisch.de\/it?s={search_term_string}"},"query-input":{"@type":"PropertyValueSpecification","valueRequired":true,"valueName":"search_term_string"}}],"inLanguage":"it-IT"}]}},"_links":{"self":[{"href":"https:\/\/holz-authentisch.de\/it\/wp-json\/wp\/v2\/product\/27640","targetHints":{"allow":["GET"]}}],"collection":[{"href":"https:\/\/holz-authentisch.de\/it\/wp-json\/wp\/v2\/product"}],"about":[{"href":"https:\/\/holz-authentisch.de\/it\/wp-json\/wp\/v2\/types\/product"}],"wp:featuredmedia":[{"embeddable":true,"href":"https:\/\/holz-authentisch.de\/it\/wp-json\/wp\/v2\/media\/27300"}],"wp:attachment":[{"href":"https:\/\/holz-authentisch.de\/it\/wp-json\/wp\/v2\/media?parent=27640"}],"wp:term":[{"taxonomy":"product_brand","embeddable":true,"href":"https:\/\/holz-authentisch.de\/it\/wp-json\/wp\/v2\/product_brand?post=27640"},{"taxonomy":"product_cat","embeddable":true,"href":"https:\/\/holz-authentisch.de\/it\/wp-json\/wp\/v2\/product_cat?post=27640"},{"taxonomy":"product_tag","embeddable":true,"href":"https:\/\/holz-authentisch.de\/it\/wp-json\/wp\/v2\/product_tag?post=27640"}],"curies":[{"name":"wp","href":"https:\/\/api.w.org\/{rel}","templated":true}]}}