{"id":27625,"date":"2021-08-18T08:50:49","date_gmt":"2021-08-18T08:50:49","guid":{"rendered":"https:\/\/holz-authentisch.de\/produkt\/tronchi-di-tasso"},"modified":"2023-05-02T15:15:41","modified_gmt":"2023-05-02T15:15:41","slug":"tasso-arrotondatore","status":"publish","type":"product","link":"https:\/\/holz-authentisch.de\/it\/produkt\/tasso-arrotondatore","title":{"rendered":"Tronchi di tasso"},"content":{"rendered":"<p><em><strong>Tronco di tasso<\/strong><\/em><\/p>\n<p><strong>Se siete interessati ad uno spettacolo o desiderate ulteriori informazioni, inviateci un  <\/strong><\/p>\n<p><strong>Richiesta a info@holz-authentisch.de o tramite il modulo di contatto<\/strong> <strong><br \/>\n  <a href=\"https:\/\/holz-authentisch.de\/it\/contatto\">https:\/\/holz-authentisch.de\/kontakt<\/a><br \/>\n<\/strong><\/p>\n","protected":false},"excerpt":{"rendered":"<p>Il legno di tasso \u00e8 duro, elastico e altamente malleabile, motivo per cui veniva utilizzato soprattutto per costruire i famosi archi lunghi inglesi. Il tasso \u00e8 oggetto di molti miti antichi; era venerato come albero dell&#8217;immortalit\u00e0 ed \u00e8 sempre stato considerato una pianta della morte e della resurrezione. In termini di colore, il durame presenta tonalit\u00e0 dal marrone dorato al marrone arancio, fino a un riflesso violaceo. \u00c8 durevole e resistente. \u00c8 quindi molto adatto per lavori di tornitura speciali e viene spesso utilizzato anche come legno da impiallacciatura.<\/p>\n<p>Il legno \u00e8 un materiale naturale e vivo che cambia continuamente. Pertanto, \u00e8 possibile che si verifichino crepe o piccole deviazioni nel peso e nelle dimensioni.<\/p>\n","protected":false},"featured_media":27347,"template":"","meta":[],"product_brand":[],"product_cat":[727,753],"product_tag":[],"class_list":{"0":"post-27625","1":"product","2":"type-product","3":"status-publish","4":"has-post-thumbnail","6":"product_cat-tasso","7":"product_cat-registri","9":"first","10":"instock","11":"taxable","12":"shipping-taxable","13":"product-type-simple","14":"add-to-wishlist-after_add_to_cart"},"yoast_head":"<!-- This site is optimized with the Yoast SEO plugin v27.5 - https:\/\/yoast.com\/product\/yoast-seo-wordpress\/ -->\n<title>Tronchi di tasso - Holz Authentisch<\/title>\n<meta name=\"description\" content=\"Tronchi di tasso. Legno di tornitura, legno segato, legno pregiato della Sardegna. Legni di tornitura esotici e specie di legno domestico.\" \/>\n<meta name=\"robots\" content=\"index, follow, max-snippet:-1, max-image-preview:large, max-video-preview:-1\" \/>\n<link rel=\"canonical\" href=\"https:\/\/holz-authentisch.de\/it\/produkt\/tasso-arrotondatore\" \/>\n<meta property=\"og:locale\" content=\"it_IT\" \/>\n<meta property=\"og:type\" content=\"article\" \/>\n<meta property=\"og:title\" content=\"Tronchi di tasso - Holz Authentisch\" \/>\n<meta property=\"og:description\" content=\"Tronchi di tasso. Legno di tornitura, legno segato, legno pregiato della Sardegna. Legni di tornitura esotici e specie di legno domestico.\" \/>\n<meta property=\"og:url\" content=\"https:\/\/holz-authentisch.de\/it\/produkt\/tasso-arrotondatore\" \/>\n<meta property=\"og:site_name\" content=\"Holz Authentisch\" \/>\n<meta property=\"article:modified_time\" content=\"2023-05-02T15:15:41+00:00\" \/>\n<meta property=\"og:image\" content=\"https:\/\/holz-authentisch.de\/wp-content\/uploads\/2021\/08\/Eibe-Rundholz.jpg\" \/>\n\t<meta property=\"og:image:width\" content=\"869\" \/>\n\t<meta property=\"og:image:height\" content=\"575\" \/>\n\t<meta property=\"og:image:type\" content=\"image\/jpeg\" \/>\n<meta name=\"twitter:card\" content=\"summary_large_image\" \/>\n<script type=\"application\/ld+json\" class=\"yoast-schema-graph\">{\"@context\":\"https:\\\/\\\/schema.org\",\"@graph\":[{\"@type\":\"WebPage\",\"@id\":\"https:\\\/\\\/holz-authentisch.de\\\/it\\\/produkt\\\/tasso-arrotondatore\",\"url\":\"https:\\\/\\\/holz-authentisch.de\\\/it\\\/produkt\\\/tasso-arrotondatore\",\"name\":\"Tronchi di tasso - Holz Authentisch\",\"isPartOf\":{\"@id\":\"https:\\\/\\\/holz-authentisch.de\\\/it#website\"},\"primaryImageOfPage\":{\"@id\":\"https:\\\/\\\/holz-authentisch.de\\\/it\\\/produkt\\\/tasso-arrotondatore#primaryimage\"},\"image\":{\"@id\":\"https:\\\/\\\/holz-authentisch.de\\\/it\\\/produkt\\\/tasso-arrotondatore#primaryimage\"},\"thumbnailUrl\":\"https:\\\/\\\/holz-authentisch.de\\\/wp-content\\\/uploads\\\/2021\\\/08\\\/Eibe-Rundholz.jpg\",\"datePublished\":\"2021-08-18T08:50:49+00:00\",\"dateModified\":\"2023-05-02T15:15:41+00:00\",\"description\":\"Tronchi di tasso. Legno di tornitura, legno segato, legno pregiato della Sardegna. Legni di tornitura esotici e specie di legno domestico.\",\"breadcrumb\":{\"@id\":\"https:\\\/\\\/holz-authentisch.de\\\/it\\\/produkt\\\/tasso-arrotondatore#breadcrumb\"},\"inLanguage\":\"it-IT\",\"potentialAction\":[{\"@type\":\"ReadAction\",\"target\":[\"https:\\\/\\\/holz-authentisch.de\\\/it\\\/produkt\\\/tasso-arrotondatore\"]}]},{\"@type\":\"ImageObject\",\"inLanguage\":\"it-IT\",\"@id\":\"https:\\\/\\\/holz-authentisch.de\\\/it\\\/produkt\\\/tasso-arrotondatore#primaryimage\",\"url\":\"https:\\\/\\\/holz-authentisch.de\\\/wp-content\\\/uploads\\\/2021\\\/08\\\/Eibe-Rundholz.jpg\",\"contentUrl\":\"https:\\\/\\\/holz-authentisch.de\\\/wp-content\\\/uploads\\\/2021\\\/08\\\/Eibe-Rundholz.jpg\",\"width\":869,\"height\":575,\"caption\":\"Eibe Rundholz\"},{\"@type\":\"BreadcrumbList\",\"@id\":\"https:\\\/\\\/holz-authentisch.de\\\/it\\\/produkt\\\/tasso-arrotondatore#breadcrumb\",\"itemListElement\":[{\"@type\":\"ListItem\",\"position\":1,\"name\":\"Startseite\",\"item\":\"https:\\\/\\\/holz-authentisch.de\\\/it\"},{\"@type\":\"ListItem\",\"position\":2,\"name\":\"Negozio\",\"item\":\"https:\\\/\\\/holz-authentisch.de\\\/it\\\/negozio\"},{\"@type\":\"ListItem\",\"position\":3,\"name\":\"Tronchi di tasso\"}]},{\"@type\":\"WebSite\",\"@id\":\"https:\\\/\\\/holz-authentisch.de\\\/it#website\",\"url\":\"https:\\\/\\\/holz-authentisch.de\\\/it\",\"name\":\"Holz Authentisch\",\"description\":\"Schnittholz \u00b7 M\u00f6bel \u00b7 B\u00f6den \u00b7 Verarbeitung &amp; mehr\",\"potentialAction\":[{\"@type\":\"SearchAction\",\"target\":{\"@type\":\"EntryPoint\",\"urlTemplate\":\"https:\\\/\\\/holz-authentisch.de\\\/it?s={search_term_string}\"},\"query-input\":{\"@type\":\"PropertyValueSpecification\",\"valueRequired\":true,\"valueName\":\"search_term_string\"}}],\"inLanguage\":\"it-IT\"}]}<\/script>\n<!-- \/ Yoast SEO plugin. -->","yoast_head_json":{"title":"Tronchi di tasso - Holz Authentisch","description":"Tronchi di tasso. Legno di tornitura, legno segato, legno pregiato della Sardegna. Legni di tornitura esotici e specie di legno domestico.","robots":{"index":"index","follow":"follow","max-snippet":"max-snippet:-1","max-image-preview":"max-image-preview:large","max-video-preview":"max-video-preview:-1"},"canonical":"https:\/\/holz-authentisch.de\/it\/produkt\/tasso-arrotondatore","og_locale":"it_IT","og_type":"article","og_title":"Tronchi di tasso - Holz Authentisch","og_description":"Tronchi di tasso. Legno di tornitura, legno segato, legno pregiato della Sardegna. Legni di tornitura esotici e specie di legno domestico.","og_url":"https:\/\/holz-authentisch.de\/it\/produkt\/tasso-arrotondatore","og_site_name":"Holz Authentisch","article_modified_time":"2023-05-02T15:15:41+00:00","og_image":[{"width":869,"height":575,"url":"https:\/\/holz-authentisch.de\/wp-content\/uploads\/2021\/08\/Eibe-Rundholz.jpg","type":"image\/jpeg"}],"twitter_card":"summary_large_image","schema":{"@context":"https:\/\/schema.org","@graph":[{"@type":"WebPage","@id":"https:\/\/holz-authentisch.de\/it\/produkt\/tasso-arrotondatore","url":"https:\/\/holz-authentisch.de\/it\/produkt\/tasso-arrotondatore","name":"Tronchi di tasso - Holz Authentisch","isPartOf":{"@id":"https:\/\/holz-authentisch.de\/it#website"},"primaryImageOfPage":{"@id":"https:\/\/holz-authentisch.de\/it\/produkt\/tasso-arrotondatore#primaryimage"},"image":{"@id":"https:\/\/holz-authentisch.de\/it\/produkt\/tasso-arrotondatore#primaryimage"},"thumbnailUrl":"https:\/\/holz-authentisch.de\/wp-content\/uploads\/2021\/08\/Eibe-Rundholz.jpg","datePublished":"2021-08-18T08:50:49+00:00","dateModified":"2023-05-02T15:15:41+00:00","description":"Tronchi di tasso. Legno di tornitura, legno segato, legno pregiato della Sardegna. Legni di tornitura esotici e specie di legno domestico.","breadcrumb":{"@id":"https:\/\/holz-authentisch.de\/it\/produkt\/tasso-arrotondatore#breadcrumb"},"inLanguage":"it-IT","potentialAction":[{"@type":"ReadAction","target":["https:\/\/holz-authentisch.de\/it\/produkt\/tasso-arrotondatore"]}]},{"@type":"ImageObject","inLanguage":"it-IT","@id":"https:\/\/holz-authentisch.de\/it\/produkt\/tasso-arrotondatore#primaryimage","url":"https:\/\/holz-authentisch.de\/wp-content\/uploads\/2021\/08\/Eibe-Rundholz.jpg","contentUrl":"https:\/\/holz-authentisch.de\/wp-content\/uploads\/2021\/08\/Eibe-Rundholz.jpg","width":869,"height":575,"caption":"Eibe Rundholz"},{"@type":"BreadcrumbList","@id":"https:\/\/holz-authentisch.de\/it\/produkt\/tasso-arrotondatore#breadcrumb","itemListElement":[{"@type":"ListItem","position":1,"name":"Startseite","item":"https:\/\/holz-authentisch.de\/it"},{"@type":"ListItem","position":2,"name":"Negozio","item":"https:\/\/holz-authentisch.de\/it\/negozio"},{"@type":"ListItem","position":3,"name":"Tronchi di tasso"}]},{"@type":"WebSite","@id":"https:\/\/holz-authentisch.de\/it#website","url":"https:\/\/holz-authentisch.de\/it","name":"Holz Authentisch","description":"Schnittholz \u00b7 M\u00f6bel \u00b7 B\u00f6den \u00b7 Verarbeitung &amp; mehr","potentialAction":[{"@type":"SearchAction","target":{"@type":"EntryPoint","urlTemplate":"https:\/\/holz-authentisch.de\/it?s={search_term_string}"},"query-input":{"@type":"PropertyValueSpecification","valueRequired":true,"valueName":"search_term_string"}}],"inLanguage":"it-IT"}]}},"_links":{"self":[{"href":"https:\/\/holz-authentisch.de\/it\/wp-json\/wp\/v2\/product\/27625","targetHints":{"allow":["GET"]}}],"collection":[{"href":"https:\/\/holz-authentisch.de\/it\/wp-json\/wp\/v2\/product"}],"about":[{"href":"https:\/\/holz-authentisch.de\/it\/wp-json\/wp\/v2\/types\/product"}],"wp:featuredmedia":[{"embeddable":true,"href":"https:\/\/holz-authentisch.de\/it\/wp-json\/wp\/v2\/media\/27347"}],"wp:attachment":[{"href":"https:\/\/holz-authentisch.de\/it\/wp-json\/wp\/v2\/media?parent=27625"}],"wp:term":[{"taxonomy":"product_brand","embeddable":true,"href":"https:\/\/holz-authentisch.de\/it\/wp-json\/wp\/v2\/product_brand?post=27625"},{"taxonomy":"product_cat","embeddable":true,"href":"https:\/\/holz-authentisch.de\/it\/wp-json\/wp\/v2\/product_cat?post=27625"},{"taxonomy":"product_tag","embeddable":true,"href":"https:\/\/holz-authentisch.de\/it\/wp-json\/wp\/v2\/product_tag?post=27625"}],"curies":[{"name":"wp","href":"https:\/\/api.w.org\/{rel}","templated":true}]}}