{"id":27620,"date":"2021-09-02T20:08:02","date_gmt":"2021-09-02T20:08:02","guid":{"rendered":"https:\/\/holz-authentisch.de\/produkt\/betulla-grigia-35x35x300"},"modified":"2021-09-02T20:08:02","modified_gmt":"2021-09-02T20:08:02","slug":"betulla-grigia-graubirke-35x35x300","status":"publish","type":"product","link":"https:\/\/holz-authentisch.de\/it\/produkt\/betulla-grigia-graubirke-35x35x300","title":{"rendered":"Betulla Grigia 35x35x300"},"content":{"rendered":"<p>Il pezzo di legno mostrato \u00e8 esemplare. Riceverete un pezzo simile per venatura e colore nella dimensione interessata. Il legno \u00e8 un materiale naturale e vivo che cambia continuamente. Pertanto, \u00e8 possibile che si verifichino crepe o piccole deviazioni nel peso e nelle dimensioni.<\/p>\n","protected":false},"excerpt":{"rendered":"<p>La Betulla Grigia \u00e8 originaria della Sardegna. Il legno pu\u00f2 essere di colore molto diverso. Alcuni legni presentano grandi macchie grigiastre, altri macchie di colore rossastro, giallastro e verdastro.<\/p>\n<p>&nbsp;<\/p>\n","protected":false},"featured_media":27374,"template":"","meta":[],"product_brand":[],"product_cat":[771],"product_tag":[],"class_list":{"0":"post-27620","1":"product","2":"type-product","3":"status-publish","4":"has-post-thumbnail","6":"product_cat-betulla-grigia","8":"first","9":"outofstock","10":"taxable","11":"shipping-taxable","12":"purchasable","13":"product-type-simple","14":"add-to-wishlist-after_add_to_cart"},"yoast_head":"<!-- This site is optimized with the Yoast SEO plugin v27.5 - https:\/\/yoast.com\/product\/yoast-seo-wordpress\/ -->\n<title>Betulla Grigia 35x35x300 - Holz Authentisch<\/title>\n<meta name=\"description\" content=\"Betulla Grigia 35x35x300\" \/>\n<meta name=\"robots\" content=\"index, follow, max-snippet:-1, max-image-preview:large, max-video-preview:-1\" \/>\n<link rel=\"canonical\" href=\"https:\/\/holz-authentisch.de\/it\/produkt\/betulla-grigia-graubirke-35x35x300\" \/>\n<meta property=\"og:locale\" content=\"it_IT\" \/>\n<meta property=\"og:type\" content=\"article\" \/>\n<meta property=\"og:title\" content=\"Betulla Grigia 35x35x300 - Holz Authentisch\" \/>\n<meta property=\"og:description\" content=\"Betulla Grigia 35x35x300\" \/>\n<meta property=\"og:url\" content=\"https:\/\/holz-authentisch.de\/it\/produkt\/betulla-grigia-graubirke-35x35x300\" \/>\n<meta property=\"og:site_name\" content=\"Holz Authentisch\" \/>\n<meta property=\"og:image\" content=\"https:\/\/holz-authentisch.de\/wp-content\/uploads\/2021\/09\/Betulla-Grigia-Graubirke-35x35x300mm-1-scaled.jpg\" \/>\n\t<meta property=\"og:image:width\" content=\"2560\" \/>\n\t<meta property=\"og:image:height\" content=\"1696\" \/>\n\t<meta property=\"og:image:type\" content=\"image\/jpeg\" \/>\n<meta name=\"twitter:card\" content=\"summary_large_image\" \/>\n<script type=\"application\/ld+json\" class=\"yoast-schema-graph\">{\"@context\":\"https:\\\/\\\/schema.org\",\"@graph\":[{\"@type\":\"WebPage\",\"@id\":\"https:\\\/\\\/holz-authentisch.de\\\/it\\\/produkt\\\/betulla-grigia-graubirke-35x35x300\",\"url\":\"https:\\\/\\\/holz-authentisch.de\\\/it\\\/produkt\\\/betulla-grigia-graubirke-35x35x300\",\"name\":\"Betulla Grigia 35x35x300 - Holz Authentisch\",\"isPartOf\":{\"@id\":\"https:\\\/\\\/holz-authentisch.de\\\/it#website\"},\"primaryImageOfPage\":{\"@id\":\"https:\\\/\\\/holz-authentisch.de\\\/it\\\/produkt\\\/betulla-grigia-graubirke-35x35x300#primaryimage\"},\"image\":{\"@id\":\"https:\\\/\\\/holz-authentisch.de\\\/it\\\/produkt\\\/betulla-grigia-graubirke-35x35x300#primaryimage\"},\"thumbnailUrl\":\"https:\\\/\\\/holz-authentisch.de\\\/wp-content\\\/uploads\\\/2021\\\/09\\\/Betulla-Grigia-Graubirke-35x35x300mm-1-scaled.jpg\",\"datePublished\":\"2021-09-02T20:08:02+00:00\",\"description\":\"Betulla Grigia 35x35x300\",\"breadcrumb\":{\"@id\":\"https:\\\/\\\/holz-authentisch.de\\\/it\\\/produkt\\\/betulla-grigia-graubirke-35x35x300#breadcrumb\"},\"inLanguage\":\"it-IT\",\"potentialAction\":[{\"@type\":\"ReadAction\",\"target\":[\"https:\\\/\\\/holz-authentisch.de\\\/it\\\/produkt\\\/betulla-grigia-graubirke-35x35x300\"]}]},{\"@type\":\"ImageObject\",\"inLanguage\":\"it-IT\",\"@id\":\"https:\\\/\\\/holz-authentisch.de\\\/it\\\/produkt\\\/betulla-grigia-graubirke-35x35x300#primaryimage\",\"url\":\"https:\\\/\\\/holz-authentisch.de\\\/wp-content\\\/uploads\\\/2021\\\/09\\\/Betulla-Grigia-Graubirke-35x35x300mm-1-scaled.jpg\",\"contentUrl\":\"https:\\\/\\\/holz-authentisch.de\\\/wp-content\\\/uploads\\\/2021\\\/09\\\/Betulla-Grigia-Graubirke-35x35x300mm-1-scaled.jpg\",\"width\":2560,\"height\":1696,\"caption\":\"Betulla Grigia (Graubirke) 35x35x300mm\"},{\"@type\":\"BreadcrumbList\",\"@id\":\"https:\\\/\\\/holz-authentisch.de\\\/it\\\/produkt\\\/betulla-grigia-graubirke-35x35x300#breadcrumb\",\"itemListElement\":[{\"@type\":\"ListItem\",\"position\":1,\"name\":\"Startseite\",\"item\":\"https:\\\/\\\/holz-authentisch.de\\\/it\"},{\"@type\":\"ListItem\",\"position\":2,\"name\":\"Negozio\",\"item\":\"https:\\\/\\\/holz-authentisch.de\\\/it\\\/negozio\"},{\"@type\":\"ListItem\",\"position\":3,\"name\":\"Betulla Grigia 35x35x300\"}]},{\"@type\":\"WebSite\",\"@id\":\"https:\\\/\\\/holz-authentisch.de\\\/it#website\",\"url\":\"https:\\\/\\\/holz-authentisch.de\\\/it\",\"name\":\"Holz Authentisch\",\"description\":\"Schnittholz \u00b7 M\u00f6bel \u00b7 B\u00f6den \u00b7 Verarbeitung &amp; mehr\",\"potentialAction\":[{\"@type\":\"SearchAction\",\"target\":{\"@type\":\"EntryPoint\",\"urlTemplate\":\"https:\\\/\\\/holz-authentisch.de\\\/it?s={search_term_string}\"},\"query-input\":{\"@type\":\"PropertyValueSpecification\",\"valueRequired\":true,\"valueName\":\"search_term_string\"}}],\"inLanguage\":\"it-IT\"}]}<\/script>\n<!-- \/ Yoast SEO plugin. -->","yoast_head_json":{"title":"Betulla Grigia 35x35x300 - Holz Authentisch","description":"Betulla Grigia 35x35x300","robots":{"index":"index","follow":"follow","max-snippet":"max-snippet:-1","max-image-preview":"max-image-preview:large","max-video-preview":"max-video-preview:-1"},"canonical":"https:\/\/holz-authentisch.de\/it\/produkt\/betulla-grigia-graubirke-35x35x300","og_locale":"it_IT","og_type":"article","og_title":"Betulla Grigia 35x35x300 - Holz Authentisch","og_description":"Betulla Grigia 35x35x300","og_url":"https:\/\/holz-authentisch.de\/it\/produkt\/betulla-grigia-graubirke-35x35x300","og_site_name":"Holz Authentisch","og_image":[{"width":2560,"height":1696,"url":"https:\/\/holz-authentisch.de\/wp-content\/uploads\/2021\/09\/Betulla-Grigia-Graubirke-35x35x300mm-1-scaled.jpg","type":"image\/jpeg"}],"twitter_card":"summary_large_image","schema":{"@context":"https:\/\/schema.org","@graph":[{"@type":"WebPage","@id":"https:\/\/holz-authentisch.de\/it\/produkt\/betulla-grigia-graubirke-35x35x300","url":"https:\/\/holz-authentisch.de\/it\/produkt\/betulla-grigia-graubirke-35x35x300","name":"Betulla Grigia 35x35x300 - Holz Authentisch","isPartOf":{"@id":"https:\/\/holz-authentisch.de\/it#website"},"primaryImageOfPage":{"@id":"https:\/\/holz-authentisch.de\/it\/produkt\/betulla-grigia-graubirke-35x35x300#primaryimage"},"image":{"@id":"https:\/\/holz-authentisch.de\/it\/produkt\/betulla-grigia-graubirke-35x35x300#primaryimage"},"thumbnailUrl":"https:\/\/holz-authentisch.de\/wp-content\/uploads\/2021\/09\/Betulla-Grigia-Graubirke-35x35x300mm-1-scaled.jpg","datePublished":"2021-09-02T20:08:02+00:00","description":"Betulla Grigia 35x35x300","breadcrumb":{"@id":"https:\/\/holz-authentisch.de\/it\/produkt\/betulla-grigia-graubirke-35x35x300#breadcrumb"},"inLanguage":"it-IT","potentialAction":[{"@type":"ReadAction","target":["https:\/\/holz-authentisch.de\/it\/produkt\/betulla-grigia-graubirke-35x35x300"]}]},{"@type":"ImageObject","inLanguage":"it-IT","@id":"https:\/\/holz-authentisch.de\/it\/produkt\/betulla-grigia-graubirke-35x35x300#primaryimage","url":"https:\/\/holz-authentisch.de\/wp-content\/uploads\/2021\/09\/Betulla-Grigia-Graubirke-35x35x300mm-1-scaled.jpg","contentUrl":"https:\/\/holz-authentisch.de\/wp-content\/uploads\/2021\/09\/Betulla-Grigia-Graubirke-35x35x300mm-1-scaled.jpg","width":2560,"height":1696,"caption":"Betulla Grigia (Graubirke) 35x35x300mm"},{"@type":"BreadcrumbList","@id":"https:\/\/holz-authentisch.de\/it\/produkt\/betulla-grigia-graubirke-35x35x300#breadcrumb","itemListElement":[{"@type":"ListItem","position":1,"name":"Startseite","item":"https:\/\/holz-authentisch.de\/it"},{"@type":"ListItem","position":2,"name":"Negozio","item":"https:\/\/holz-authentisch.de\/it\/negozio"},{"@type":"ListItem","position":3,"name":"Betulla Grigia 35x35x300"}]},{"@type":"WebSite","@id":"https:\/\/holz-authentisch.de\/it#website","url":"https:\/\/holz-authentisch.de\/it","name":"Holz Authentisch","description":"Schnittholz \u00b7 M\u00f6bel \u00b7 B\u00f6den \u00b7 Verarbeitung &amp; mehr","potentialAction":[{"@type":"SearchAction","target":{"@type":"EntryPoint","urlTemplate":"https:\/\/holz-authentisch.de\/it?s={search_term_string}"},"query-input":{"@type":"PropertyValueSpecification","valueRequired":true,"valueName":"search_term_string"}}],"inLanguage":"it-IT"}]}},"_links":{"self":[{"href":"https:\/\/holz-authentisch.de\/it\/wp-json\/wp\/v2\/product\/27620","targetHints":{"allow":["GET"]}}],"collection":[{"href":"https:\/\/holz-authentisch.de\/it\/wp-json\/wp\/v2\/product"}],"about":[{"href":"https:\/\/holz-authentisch.de\/it\/wp-json\/wp\/v2\/types\/product"}],"wp:featuredmedia":[{"embeddable":true,"href":"https:\/\/holz-authentisch.de\/it\/wp-json\/wp\/v2\/media\/27374"}],"wp:attachment":[{"href":"https:\/\/holz-authentisch.de\/it\/wp-json\/wp\/v2\/media?parent=27620"}],"wp:term":[{"taxonomy":"product_brand","embeddable":true,"href":"https:\/\/holz-authentisch.de\/it\/wp-json\/wp\/v2\/product_brand?post=27620"},{"taxonomy":"product_cat","embeddable":true,"href":"https:\/\/holz-authentisch.de\/it\/wp-json\/wp\/v2\/product_cat?post=27620"},{"taxonomy":"product_tag","embeddable":true,"href":"https:\/\/holz-authentisch.de\/it\/wp-json\/wp\/v2\/product_tag?post=27620"}],"curies":[{"name":"wp","href":"https:\/\/api.w.org\/{rel}","templated":true}]}}