{"id":27605,"date":"2021-09-06T12:19:11","date_gmt":"2021-09-06T12:19:11","guid":{"rendered":"https:\/\/holz-authentisch.de\/produkt\/cedro-cedro-segato-40-50-80-mm"},"modified":"2023-05-02T15:14:43","modified_gmt":"2023-05-02T15:14:43","slug":"cedro-zeder-schnittholz-40-50-80mm","status":"publish","type":"product","link":"https:\/\/holz-authentisch.de\/it\/produkt\/cedro-zeder-schnittholz-40-50-80mm","title":{"rendered":"Cedro (cedro) segato 40\/50\/80 mm"},"content":{"rendered":"<p>Il cedro \u00e8 uno dei legni con l&#8217;odore pi\u00f9 carismatico e speziato. La fragranza ha un effetto liberatorio e rende pi\u00f9 profondo il respiro. Gi\u00e0 gli Egizi utilizzavano il cedro per l&#8217;imbalsamazione o per scopi cosmetici. Il suo carattere \u00e8 divertente, adattabile e paziente. In termini di colore, il cedro mostra un giallo dorato, che in parte raggiunge un marrone rossastro. L&#8217;andamento delle strutture \u00e8 caratteristico e di bella portata.<\/p>\n<p>&nbsp;<\/p>\n","protected":false},"excerpt":{"rendered":"<p><strong>Cedro (cedro) segato<br \/>\n<\/strong><\/p>\n<p>Cedro stagionato (essiccato all&#8217;aria) dalla Sardegna<\/p>\n<p>Spessori: 40, 50 e 80 mm<\/p>\n<p>Lunghezze fino a 3.500 mm<\/p>\n<p>Larghezza fino a 450 mm<\/p>\n<p>&nbsp;<\/p>\n<p><span style=\"font-size: 120%;\"><strong>Inviate la vostra richiesta direttamente a info@holz-authentisch.de o tramite il modulo di contatto <a href=\"https:\/\/holz-authentisch.de\/kontakt\">https:\/\/holz-authentisch.de\/kontakt<\/a>.<\/strong><\/span><\/p>\n","protected":false},"featured_media":27377,"template":"","meta":[],"product_brand":[],"product_cat":[732,770],"product_tag":[],"class_list":{"0":"post-27605","1":"product","2":"type-product","3":"status-publish","4":"has-post-thumbnail","6":"product_cat-cedro","7":"product_cat-legname-segato-oggetti-in-blocchi","9":"first","10":"instock","11":"taxable","12":"shipping-taxable","13":"product-type-simple","14":"add-to-wishlist-after_add_to_cart"},"yoast_head":"<!-- This site is optimized with the Yoast SEO plugin v27.6 - https:\/\/yoast.com\/product\/yoast-seo-wordpress\/ -->\n<title>Cedro (cedro) segato 40\/50\/80 mm - Holz Authentisch<\/title>\n<meta name=\"description\" content=\"Cedro (cedro) segato 40\/50\/80 mm\" \/>\n<meta name=\"robots\" content=\"index, follow, max-snippet:-1, max-image-preview:large, max-video-preview:-1\" \/>\n<link rel=\"canonical\" href=\"https:\/\/holz-authentisch.de\/it\/produkt\/cedro-zeder-schnittholz-40-50-80mm\" \/>\n<meta property=\"og:locale\" content=\"it_IT\" \/>\n<meta property=\"og:type\" content=\"article\" \/>\n<meta property=\"og:title\" content=\"Cedro (cedro) segato 40\/50\/80 mm - Holz Authentisch\" \/>\n<meta property=\"og:description\" content=\"Cedro (cedro) segato 40\/50\/80 mm\" \/>\n<meta property=\"og:url\" content=\"https:\/\/holz-authentisch.de\/it\/produkt\/cedro-zeder-schnittholz-40-50-80mm\" \/>\n<meta property=\"og:site_name\" content=\"Holz Authentisch\" \/>\n<meta property=\"article:modified_time\" content=\"2023-05-02T15:14:43+00:00\" \/>\n<meta property=\"og:image\" content=\"https:\/\/holz-authentisch.de\/wp-content\/uploads\/2021\/09\/Cedro-Zeder-Schnittholz.jpg\" \/>\n\t<meta property=\"og:image:width\" content=\"1229\" \/>\n\t<meta property=\"og:image:height\" content=\"814\" \/>\n\t<meta property=\"og:image:type\" content=\"image\/jpeg\" \/>\n<meta name=\"twitter:card\" content=\"summary_large_image\" \/>\n<script type=\"application\/ld+json\" class=\"yoast-schema-graph\">{\"@context\":\"https:\\\/\\\/schema.org\",\"@graph\":[{\"@type\":\"WebPage\",\"@id\":\"https:\\\/\\\/holz-authentisch.de\\\/it\\\/produkt\\\/cedro-zeder-schnittholz-40-50-80mm\",\"url\":\"https:\\\/\\\/holz-authentisch.de\\\/it\\\/produkt\\\/cedro-zeder-schnittholz-40-50-80mm\",\"name\":\"Cedro (cedro) segato 40\\\/50\\\/80 mm - Holz Authentisch\",\"isPartOf\":{\"@id\":\"https:\\\/\\\/holz-authentisch.de\\\/it#website\"},\"primaryImageOfPage\":{\"@id\":\"https:\\\/\\\/holz-authentisch.de\\\/it\\\/produkt\\\/cedro-zeder-schnittholz-40-50-80mm#primaryimage\"},\"image\":{\"@id\":\"https:\\\/\\\/holz-authentisch.de\\\/it\\\/produkt\\\/cedro-zeder-schnittholz-40-50-80mm#primaryimage\"},\"thumbnailUrl\":\"https:\\\/\\\/holz-authentisch.de\\\/wp-content\\\/uploads\\\/2021\\\/09\\\/Cedro-Zeder-Schnittholz.jpg\",\"datePublished\":\"2021-09-06T12:19:11+00:00\",\"dateModified\":\"2023-05-02T15:14:43+00:00\",\"description\":\"Cedro (cedro) segato 40\\\/50\\\/80 mm\",\"breadcrumb\":{\"@id\":\"https:\\\/\\\/holz-authentisch.de\\\/it\\\/produkt\\\/cedro-zeder-schnittholz-40-50-80mm#breadcrumb\"},\"inLanguage\":\"it-IT\",\"potentialAction\":[{\"@type\":\"ReadAction\",\"target\":[\"https:\\\/\\\/holz-authentisch.de\\\/it\\\/produkt\\\/cedro-zeder-schnittholz-40-50-80mm\"]}]},{\"@type\":\"ImageObject\",\"inLanguage\":\"it-IT\",\"@id\":\"https:\\\/\\\/holz-authentisch.de\\\/it\\\/produkt\\\/cedro-zeder-schnittholz-40-50-80mm#primaryimage\",\"url\":\"https:\\\/\\\/holz-authentisch.de\\\/wp-content\\\/uploads\\\/2021\\\/09\\\/Cedro-Zeder-Schnittholz.jpg\",\"contentUrl\":\"https:\\\/\\\/holz-authentisch.de\\\/wp-content\\\/uploads\\\/2021\\\/09\\\/Cedro-Zeder-Schnittholz.jpg\",\"width\":1229,\"height\":814,\"caption\":\"Cedro (Zeder) Schnittholz\"},{\"@type\":\"BreadcrumbList\",\"@id\":\"https:\\\/\\\/holz-authentisch.de\\\/it\\\/produkt\\\/cedro-zeder-schnittholz-40-50-80mm#breadcrumb\",\"itemListElement\":[{\"@type\":\"ListItem\",\"position\":1,\"name\":\"Startseite\",\"item\":\"https:\\\/\\\/holz-authentisch.de\\\/it\"},{\"@type\":\"ListItem\",\"position\":2,\"name\":\"Negozio\",\"item\":\"https:\\\/\\\/holz-authentisch.de\\\/it\\\/negozio\"},{\"@type\":\"ListItem\",\"position\":3,\"name\":\"Cedro (cedro) segato 40\\\/50\\\/80 mm\"}]},{\"@type\":\"WebSite\",\"@id\":\"https:\\\/\\\/holz-authentisch.de\\\/it#website\",\"url\":\"https:\\\/\\\/holz-authentisch.de\\\/it\",\"name\":\"Holz Authentisch\",\"description\":\"Schnittholz \u00b7 M\u00f6bel \u00b7 B\u00f6den \u00b7 Verarbeitung &amp; mehr\",\"potentialAction\":[{\"@type\":\"SearchAction\",\"target\":{\"@type\":\"EntryPoint\",\"urlTemplate\":\"https:\\\/\\\/holz-authentisch.de\\\/it?s={search_term_string}\"},\"query-input\":{\"@type\":\"PropertyValueSpecification\",\"valueRequired\":true,\"valueName\":\"search_term_string\"}}],\"inLanguage\":\"it-IT\"}]}<\/script>\n<!-- \/ Yoast SEO plugin. -->","yoast_head_json":{"title":"Cedro (cedro) segato 40\/50\/80 mm - Holz Authentisch","description":"Cedro (cedro) segato 40\/50\/80 mm","robots":{"index":"index","follow":"follow","max-snippet":"max-snippet:-1","max-image-preview":"max-image-preview:large","max-video-preview":"max-video-preview:-1"},"canonical":"https:\/\/holz-authentisch.de\/it\/produkt\/cedro-zeder-schnittholz-40-50-80mm","og_locale":"it_IT","og_type":"article","og_title":"Cedro (cedro) segato 40\/50\/80 mm - Holz Authentisch","og_description":"Cedro (cedro) segato 40\/50\/80 mm","og_url":"https:\/\/holz-authentisch.de\/it\/produkt\/cedro-zeder-schnittholz-40-50-80mm","og_site_name":"Holz Authentisch","article_modified_time":"2023-05-02T15:14:43+00:00","og_image":[{"width":1229,"height":814,"url":"https:\/\/holz-authentisch.de\/wp-content\/uploads\/2021\/09\/Cedro-Zeder-Schnittholz.jpg","type":"image\/jpeg"}],"twitter_card":"summary_large_image","schema":{"@context":"https:\/\/schema.org","@graph":[{"@type":"WebPage","@id":"https:\/\/holz-authentisch.de\/it\/produkt\/cedro-zeder-schnittholz-40-50-80mm","url":"https:\/\/holz-authentisch.de\/it\/produkt\/cedro-zeder-schnittholz-40-50-80mm","name":"Cedro (cedro) segato 40\/50\/80 mm - Holz Authentisch","isPartOf":{"@id":"https:\/\/holz-authentisch.de\/it#website"},"primaryImageOfPage":{"@id":"https:\/\/holz-authentisch.de\/it\/produkt\/cedro-zeder-schnittholz-40-50-80mm#primaryimage"},"image":{"@id":"https:\/\/holz-authentisch.de\/it\/produkt\/cedro-zeder-schnittholz-40-50-80mm#primaryimage"},"thumbnailUrl":"https:\/\/holz-authentisch.de\/wp-content\/uploads\/2021\/09\/Cedro-Zeder-Schnittholz.jpg","datePublished":"2021-09-06T12:19:11+00:00","dateModified":"2023-05-02T15:14:43+00:00","description":"Cedro (cedro) segato 40\/50\/80 mm","breadcrumb":{"@id":"https:\/\/holz-authentisch.de\/it\/produkt\/cedro-zeder-schnittholz-40-50-80mm#breadcrumb"},"inLanguage":"it-IT","potentialAction":[{"@type":"ReadAction","target":["https:\/\/holz-authentisch.de\/it\/produkt\/cedro-zeder-schnittholz-40-50-80mm"]}]},{"@type":"ImageObject","inLanguage":"it-IT","@id":"https:\/\/holz-authentisch.de\/it\/produkt\/cedro-zeder-schnittholz-40-50-80mm#primaryimage","url":"https:\/\/holz-authentisch.de\/wp-content\/uploads\/2021\/09\/Cedro-Zeder-Schnittholz.jpg","contentUrl":"https:\/\/holz-authentisch.de\/wp-content\/uploads\/2021\/09\/Cedro-Zeder-Schnittholz.jpg","width":1229,"height":814,"caption":"Cedro (Zeder) Schnittholz"},{"@type":"BreadcrumbList","@id":"https:\/\/holz-authentisch.de\/it\/produkt\/cedro-zeder-schnittholz-40-50-80mm#breadcrumb","itemListElement":[{"@type":"ListItem","position":1,"name":"Startseite","item":"https:\/\/holz-authentisch.de\/it"},{"@type":"ListItem","position":2,"name":"Negozio","item":"https:\/\/holz-authentisch.de\/it\/negozio"},{"@type":"ListItem","position":3,"name":"Cedro (cedro) segato 40\/50\/80 mm"}]},{"@type":"WebSite","@id":"https:\/\/holz-authentisch.de\/it#website","url":"https:\/\/holz-authentisch.de\/it","name":"Holz Authentisch","description":"Schnittholz \u00b7 M\u00f6bel \u00b7 B\u00f6den \u00b7 Verarbeitung &amp; mehr","potentialAction":[{"@type":"SearchAction","target":{"@type":"EntryPoint","urlTemplate":"https:\/\/holz-authentisch.de\/it?s={search_term_string}"},"query-input":{"@type":"PropertyValueSpecification","valueRequired":true,"valueName":"search_term_string"}}],"inLanguage":"it-IT"}]}},"_links":{"self":[{"href":"https:\/\/holz-authentisch.de\/it\/wp-json\/wp\/v2\/product\/27605","targetHints":{"allow":["GET"]}}],"collection":[{"href":"https:\/\/holz-authentisch.de\/it\/wp-json\/wp\/v2\/product"}],"about":[{"href":"https:\/\/holz-authentisch.de\/it\/wp-json\/wp\/v2\/types\/product"}],"wp:featuredmedia":[{"embeddable":true,"href":"https:\/\/holz-authentisch.de\/it\/wp-json\/wp\/v2\/media\/27377"}],"wp:attachment":[{"href":"https:\/\/holz-authentisch.de\/it\/wp-json\/wp\/v2\/media?parent=27605"}],"wp:term":[{"taxonomy":"product_brand","embeddable":true,"href":"https:\/\/holz-authentisch.de\/it\/wp-json\/wp\/v2\/product_brand?post=27605"},{"taxonomy":"product_cat","embeddable":true,"href":"https:\/\/holz-authentisch.de\/it\/wp-json\/wp\/v2\/product_cat?post=27605"},{"taxonomy":"product_tag","embeddable":true,"href":"https:\/\/holz-authentisch.de\/it\/wp-json\/wp\/v2\/product_tag?post=27605"}],"curies":[{"name":"wp","href":"https:\/\/api.w.org\/{rel}","templated":true}]}}