{"id":27585,"date":"2022-05-17T08:46:30","date_gmt":"2022-05-17T08:46:30","guid":{"rendered":"https:\/\/holz-authentisch.de\/produkt\/manico-di-coltello-in-ciliegio-grezzo-30x50x150-mm"},"modified":"2023-05-02T15:12:11","modified_gmt":"2023-05-02T15:12:11","slug":"kirsche-messergriff-30x50x150","status":"publish","type":"product","link":"https:\/\/holz-authentisch.de\/it\/produkt\/kirsche-messergriff-30x50x150","title":{"rendered":"Manico di coltello in ciliegio grezzo 30x50x150 mm"},"content":{"rendered":"<p><strong>Manico di coltello in ciliegio 30x50x150mm<\/strong><\/p>\n<p>Il pezzo di legno mostrato \u00e8 esemplare. Riceverete un pezzo simile per venatura e colore nella dimensione interessata. Nella foto qui sotto potete vedere il legno direttamente in forma piallata e oliata e in varie dimensioni e forme.<\/p>\n","protected":false},"excerpt":{"rendered":"<p>Il legno del ciliegio europeo ha una tonalit\u00e0 di base rossastra e varia dal giallo al marrone dorato, talvolta con aspetti verdi. Con il tempo si scurisce e perde parte del rossore. Il legno di ciliegio emana un ricco calore, leggerezza e profonda sensualit\u00e0. La resina della sua corteccia, nota anche come &#8220;oro degli sciocchi&#8221;, veniva usata in passato come calmante della tosse. \u00c8 un legno molto ricercato per i mobili e per la tornitura, perch\u00e9 pu\u00f2 essere lavorato e rifinito molto bene. Le loro strutture ricordano morbide forme d&#8217;onda che confluiscono l&#8217;una nell&#8217;altra ancora e ancora.<\/p>\n<p>Il legno \u00e8 un materiale naturale e vivo che cambia continuamente. Pertanto, \u00e8 possibile che si verifichino crepe o piccole deviazioni nel peso e nelle dimensioni.<\/p>\n","protected":false},"featured_media":27169,"template":"","meta":[],"product_brand":[],"product_cat":[749,750],"product_tag":[],"class_list":{"0":"post-27585","1":"product","2":"type-product","3":"status-publish","4":"has-post-thumbnail","6":"product_cat-ciliegio","7":"product_cat-manico-di-coltello-30x50x150-mm-in-bianco","9":"first","10":"outofstock","11":"taxable","12":"shipping-taxable","13":"purchasable","14":"product-type-simple","15":"add-to-wishlist-after_add_to_cart"},"yoast_head":"<!-- This site is optimized with the Yoast SEO plugin v27.5 - https:\/\/yoast.com\/product\/yoast-seo-wordpress\/ -->\n<title>Manico di coltello in ciliegio grezzo 30x50x150 mm - Holz Authentisch<\/title>\n<meta name=\"description\" content=\"Manico di coltello in ciliegio 30x50x150 mm. Legno di tornitura, legno segato, legno pregiato della Sardegna. Acquistate legni di tornitura esotici online su Holz Authentisch.\" \/>\n<meta name=\"robots\" content=\"index, follow, max-snippet:-1, max-image-preview:large, max-video-preview:-1\" \/>\n<link rel=\"canonical\" href=\"https:\/\/holz-authentisch.de\/it\/produkt\/kirsche-messergriff-30x50x150\" \/>\n<meta property=\"og:locale\" content=\"it_IT\" \/>\n<meta property=\"og:type\" content=\"article\" \/>\n<meta property=\"og:title\" content=\"Manico di coltello in ciliegio grezzo 30x50x150 mm - Holz Authentisch\" \/>\n<meta property=\"og:description\" content=\"Manico di coltello in ciliegio 30x50x150 mm. Legno di tornitura, legno segato, legno pregiato della Sardegna. Acquistate legni di tornitura esotici online su Holz Authentisch.\" \/>\n<meta property=\"og:url\" content=\"https:\/\/holz-authentisch.de\/it\/produkt\/kirsche-messergriff-30x50x150\" \/>\n<meta property=\"og:site_name\" content=\"Holz Authentisch\" \/>\n<meta property=\"article:modified_time\" content=\"2023-05-02T15:12:11+00:00\" \/>\n<meta property=\"og:image\" content=\"https:\/\/holz-authentisch.de\/wp-content\/uploads\/2020\/02\/Kirschbaum-Messergriff-30x40x120.jpg\" \/>\n\t<meta property=\"og:image:width\" content=\"700\" \/>\n\t<meta property=\"og:image:height\" content=\"700\" \/>\n\t<meta property=\"og:image:type\" content=\"image\/jpeg\" \/>\n<meta name=\"twitter:card\" content=\"summary_large_image\" \/>\n<script type=\"application\/ld+json\" class=\"yoast-schema-graph\">{\"@context\":\"https:\\\/\\\/schema.org\",\"@graph\":[{\"@type\":\"WebPage\",\"@id\":\"https:\\\/\\\/holz-authentisch.de\\\/it\\\/produkt\\\/kirsche-messergriff-30x50x150\",\"url\":\"https:\\\/\\\/holz-authentisch.de\\\/it\\\/produkt\\\/kirsche-messergriff-30x50x150\",\"name\":\"Manico di coltello in ciliegio grezzo 30x50x150 mm - Holz Authentisch\",\"isPartOf\":{\"@id\":\"https:\\\/\\\/holz-authentisch.de\\\/it#website\"},\"primaryImageOfPage\":{\"@id\":\"https:\\\/\\\/holz-authentisch.de\\\/it\\\/produkt\\\/kirsche-messergriff-30x50x150#primaryimage\"},\"image\":{\"@id\":\"https:\\\/\\\/holz-authentisch.de\\\/it\\\/produkt\\\/kirsche-messergriff-30x50x150#primaryimage\"},\"thumbnailUrl\":\"https:\\\/\\\/holz-authentisch.de\\\/wp-content\\\/uploads\\\/2020\\\/02\\\/Kirschbaum-Messergriff-30x40x120.jpg\",\"datePublished\":\"2022-05-17T08:46:30+00:00\",\"dateModified\":\"2023-05-02T15:12:11+00:00\",\"description\":\"Manico di coltello in ciliegio 30x50x150 mm. Legno di tornitura, legno segato, legno pregiato della Sardegna. Acquistate legni di tornitura esotici online su Holz Authentisch.\",\"breadcrumb\":{\"@id\":\"https:\\\/\\\/holz-authentisch.de\\\/it\\\/produkt\\\/kirsche-messergriff-30x50x150#breadcrumb\"},\"inLanguage\":\"it-IT\",\"potentialAction\":[{\"@type\":\"ReadAction\",\"target\":[\"https:\\\/\\\/holz-authentisch.de\\\/it\\\/produkt\\\/kirsche-messergriff-30x50x150\"]}]},{\"@type\":\"ImageObject\",\"inLanguage\":\"it-IT\",\"@id\":\"https:\\\/\\\/holz-authentisch.de\\\/it\\\/produkt\\\/kirsche-messergriff-30x50x150#primaryimage\",\"url\":\"https:\\\/\\\/holz-authentisch.de\\\/wp-content\\\/uploads\\\/2020\\\/02\\\/Kirschbaum-Messergriff-30x40x120.jpg\",\"contentUrl\":\"https:\\\/\\\/holz-authentisch.de\\\/wp-content\\\/uploads\\\/2020\\\/02\\\/Kirschbaum-Messergriff-30x40x120.jpg\",\"width\":700,\"height\":700,\"caption\":\"Kirschbaum Messergriff 30x40x120mm Drechselholz\"},{\"@type\":\"BreadcrumbList\",\"@id\":\"https:\\\/\\\/holz-authentisch.de\\\/it\\\/produkt\\\/kirsche-messergriff-30x50x150#breadcrumb\",\"itemListElement\":[{\"@type\":\"ListItem\",\"position\":1,\"name\":\"Startseite\",\"item\":\"https:\\\/\\\/holz-authentisch.de\\\/it\"},{\"@type\":\"ListItem\",\"position\":2,\"name\":\"Negozio\",\"item\":\"https:\\\/\\\/holz-authentisch.de\\\/it\\\/negozio\"},{\"@type\":\"ListItem\",\"position\":3,\"name\":\"Manico di coltello in ciliegio grezzo 30x50x150 mm\"}]},{\"@type\":\"WebSite\",\"@id\":\"https:\\\/\\\/holz-authentisch.de\\\/it#website\",\"url\":\"https:\\\/\\\/holz-authentisch.de\\\/it\",\"name\":\"Holz Authentisch\",\"description\":\"Schnittholz \u00b7 M\u00f6bel \u00b7 B\u00f6den \u00b7 Verarbeitung &amp; mehr\",\"potentialAction\":[{\"@type\":\"SearchAction\",\"target\":{\"@type\":\"EntryPoint\",\"urlTemplate\":\"https:\\\/\\\/holz-authentisch.de\\\/it?s={search_term_string}\"},\"query-input\":{\"@type\":\"PropertyValueSpecification\",\"valueRequired\":true,\"valueName\":\"search_term_string\"}}],\"inLanguage\":\"it-IT\"}]}<\/script>\n<!-- \/ Yoast SEO plugin. -->","yoast_head_json":{"title":"Manico di coltello in ciliegio grezzo 30x50x150 mm - Holz Authentisch","description":"Manico di coltello in ciliegio 30x50x150 mm. Legno di tornitura, legno segato, legno pregiato della Sardegna. Acquistate legni di tornitura esotici online su Holz Authentisch.","robots":{"index":"index","follow":"follow","max-snippet":"max-snippet:-1","max-image-preview":"max-image-preview:large","max-video-preview":"max-video-preview:-1"},"canonical":"https:\/\/holz-authentisch.de\/it\/produkt\/kirsche-messergriff-30x50x150","og_locale":"it_IT","og_type":"article","og_title":"Manico di coltello in ciliegio grezzo 30x50x150 mm - Holz Authentisch","og_description":"Manico di coltello in ciliegio 30x50x150 mm. Legno di tornitura, legno segato, legno pregiato della Sardegna. Acquistate legni di tornitura esotici online su Holz Authentisch.","og_url":"https:\/\/holz-authentisch.de\/it\/produkt\/kirsche-messergriff-30x50x150","og_site_name":"Holz Authentisch","article_modified_time":"2023-05-02T15:12:11+00:00","og_image":[{"width":700,"height":700,"url":"https:\/\/holz-authentisch.de\/wp-content\/uploads\/2020\/02\/Kirschbaum-Messergriff-30x40x120.jpg","type":"image\/jpeg"}],"twitter_card":"summary_large_image","schema":{"@context":"https:\/\/schema.org","@graph":[{"@type":"WebPage","@id":"https:\/\/holz-authentisch.de\/it\/produkt\/kirsche-messergriff-30x50x150","url":"https:\/\/holz-authentisch.de\/it\/produkt\/kirsche-messergriff-30x50x150","name":"Manico di coltello in ciliegio grezzo 30x50x150 mm - Holz Authentisch","isPartOf":{"@id":"https:\/\/holz-authentisch.de\/it#website"},"primaryImageOfPage":{"@id":"https:\/\/holz-authentisch.de\/it\/produkt\/kirsche-messergriff-30x50x150#primaryimage"},"image":{"@id":"https:\/\/holz-authentisch.de\/it\/produkt\/kirsche-messergriff-30x50x150#primaryimage"},"thumbnailUrl":"https:\/\/holz-authentisch.de\/wp-content\/uploads\/2020\/02\/Kirschbaum-Messergriff-30x40x120.jpg","datePublished":"2022-05-17T08:46:30+00:00","dateModified":"2023-05-02T15:12:11+00:00","description":"Manico di coltello in ciliegio 30x50x150 mm. Legno di tornitura, legno segato, legno pregiato della Sardegna. Acquistate legni di tornitura esotici online su Holz Authentisch.","breadcrumb":{"@id":"https:\/\/holz-authentisch.de\/it\/produkt\/kirsche-messergriff-30x50x150#breadcrumb"},"inLanguage":"it-IT","potentialAction":[{"@type":"ReadAction","target":["https:\/\/holz-authentisch.de\/it\/produkt\/kirsche-messergriff-30x50x150"]}]},{"@type":"ImageObject","inLanguage":"it-IT","@id":"https:\/\/holz-authentisch.de\/it\/produkt\/kirsche-messergriff-30x50x150#primaryimage","url":"https:\/\/holz-authentisch.de\/wp-content\/uploads\/2020\/02\/Kirschbaum-Messergriff-30x40x120.jpg","contentUrl":"https:\/\/holz-authentisch.de\/wp-content\/uploads\/2020\/02\/Kirschbaum-Messergriff-30x40x120.jpg","width":700,"height":700,"caption":"Kirschbaum Messergriff 30x40x120mm Drechselholz"},{"@type":"BreadcrumbList","@id":"https:\/\/holz-authentisch.de\/it\/produkt\/kirsche-messergriff-30x50x150#breadcrumb","itemListElement":[{"@type":"ListItem","position":1,"name":"Startseite","item":"https:\/\/holz-authentisch.de\/it"},{"@type":"ListItem","position":2,"name":"Negozio","item":"https:\/\/holz-authentisch.de\/it\/negozio"},{"@type":"ListItem","position":3,"name":"Manico di coltello in ciliegio grezzo 30x50x150 mm"}]},{"@type":"WebSite","@id":"https:\/\/holz-authentisch.de\/it#website","url":"https:\/\/holz-authentisch.de\/it","name":"Holz Authentisch","description":"Schnittholz \u00b7 M\u00f6bel \u00b7 B\u00f6den \u00b7 Verarbeitung &amp; mehr","potentialAction":[{"@type":"SearchAction","target":{"@type":"EntryPoint","urlTemplate":"https:\/\/holz-authentisch.de\/it?s={search_term_string}"},"query-input":{"@type":"PropertyValueSpecification","valueRequired":true,"valueName":"search_term_string"}}],"inLanguage":"it-IT"}]}},"_links":{"self":[{"href":"https:\/\/holz-authentisch.de\/it\/wp-json\/wp\/v2\/product\/27585","targetHints":{"allow":["GET"]}}],"collection":[{"href":"https:\/\/holz-authentisch.de\/it\/wp-json\/wp\/v2\/product"}],"about":[{"href":"https:\/\/holz-authentisch.de\/it\/wp-json\/wp\/v2\/types\/product"}],"wp:featuredmedia":[{"embeddable":true,"href":"https:\/\/holz-authentisch.de\/it\/wp-json\/wp\/v2\/media\/27169"}],"wp:attachment":[{"href":"https:\/\/holz-authentisch.de\/it\/wp-json\/wp\/v2\/media?parent=27585"}],"wp:term":[{"taxonomy":"product_brand","embeddable":true,"href":"https:\/\/holz-authentisch.de\/it\/wp-json\/wp\/v2\/product_brand?post=27585"},{"taxonomy":"product_cat","embeddable":true,"href":"https:\/\/holz-authentisch.de\/it\/wp-json\/wp\/v2\/product_cat?post=27585"},{"taxonomy":"product_tag","embeddable":true,"href":"https:\/\/holz-authentisch.de\/it\/wp-json\/wp\/v2\/product_tag?post=27585"}],"curies":[{"name":"wp","href":"https:\/\/api.w.org\/{rel}","templated":true}]}}