{"id":27583,"date":"2022-11-27T08:55:32","date_gmt":"2022-11-27T08:55:32","guid":{"rendered":"https:\/\/holz-authentisch.de\/produkt\/penna-amaranto-in-bianco-17x17x120-mm"},"modified":"2023-05-02T15:12:13","modified_gmt":"2023-05-02T15:12:13","slug":"amaranth-pen-blank-17x17x120","status":"publish","type":"product","link":"https:\/\/holz-authentisch.de\/it\/produkt\/amaranth-pen-blank-17x17x120","title":{"rendered":"Penna amaranto in bianco 17x17x120 mm"},"content":{"rendered":"<p><strong>Penna amaranto in bianco 17x17x120<\/strong><\/p>\n<p>Il pezzo di legno mostrato \u00e8 esemplare. Riceverete un pezzo simile per venatura e colore nella dimensione interessata. Nella foto qui sotto potete vedere il legno direttamente in forma piallata e oliata e in varie dimensioni e forme.<\/p>\n","protected":false},"excerpt":{"rendered":"<p>L&#8217;amaranto \u00e8 uno dei legni pi\u00f9 affascinanti in termini di colore, in quanto il durame raggiunge una tonalit\u00e0 viola-porpora unica che sembra quasi finta. Opportunamente, viene anche chiamato Purpleheart. Soprattutto se viene esposto ai raggi UV del sole senza essere trattato, il colore diventer\u00e0 ancora pi\u00f9 intenso. Il suo aspetto esotico lo rende un legno molto interessante per manici di coltelli, attrezzature da biliardo e altri pezzi speciali.<\/p>\n","protected":false},"featured_media":27139,"template":"","meta":[],"product_brand":[],"product_cat":[723,747],"product_tag":[],"class_list":{"0":"post-27583","1":"product","2":"type-product","3":"status-publish","4":"has-post-thumbnail","6":"product_cat-17x17x120-mm-penna-vuota","7":"product_cat-amaranto","9":"first","10":"instock","11":"taxable","12":"shipping-taxable","13":"purchasable","14":"product-type-simple","15":"add-to-wishlist-after_add_to_cart"},"yoast_head":"<!-- This site is optimized with the Yoast SEO plugin v27.5 - https:\/\/yoast.com\/product\/yoast-seo-wordpress\/ -->\n<title>Penna amaranto in bianco 17x17x120 mm - Holz Authentisch<\/title>\n<meta name=\"description\" content=\"Penna bianca amaranto 17x17x120mm. Acquista il legno di Amaranto per la tornitura online presso Holz Authentisch Holzhandel in Allg\u00e4u. Legno pregiato come segato, tronchi o scantling.\" \/>\n<meta name=\"robots\" content=\"index, follow, max-snippet:-1, max-image-preview:large, max-video-preview:-1\" \/>\n<link rel=\"canonical\" href=\"https:\/\/holz-authentisch.de\/it\/produkt\/amaranth-pen-blank-17x17x120\" \/>\n<meta property=\"og:locale\" content=\"it_IT\" \/>\n<meta property=\"og:type\" content=\"article\" \/>\n<meta property=\"og:title\" content=\"Penna amaranto in bianco 17x17x120 mm - Holz Authentisch\" \/>\n<meta property=\"og:description\" content=\"Penna bianca amaranto 17x17x120mm. Acquista il legno di Amaranto per la tornitura online presso Holz Authentisch Holzhandel in Allg\u00e4u. Legno pregiato come segato, tronchi o scantling.\" \/>\n<meta property=\"og:url\" content=\"https:\/\/holz-authentisch.de\/it\/produkt\/amaranth-pen-blank-17x17x120\" \/>\n<meta property=\"og:site_name\" content=\"Holz Authentisch\" \/>\n<meta property=\"article:modified_time\" content=\"2023-05-02T15:12:13+00:00\" \/>\n<meta property=\"og:image\" content=\"https:\/\/holz-authentisch.de\/wp-content\/uploads\/2017\/11\/Amaranth-Pen-Blank-20x20x150.jpg\" \/>\n\t<meta property=\"og:image:width\" content=\"700\" \/>\n\t<meta property=\"og:image:height\" content=\"700\" \/>\n\t<meta property=\"og:image:type\" content=\"image\/jpeg\" \/>\n<meta name=\"twitter:card\" content=\"summary_large_image\" \/>\n<script type=\"application\/ld+json\" class=\"yoast-schema-graph\">{\"@context\":\"https:\\\/\\\/schema.org\",\"@graph\":[{\"@type\":\"WebPage\",\"@id\":\"https:\\\/\\\/holz-authentisch.de\\\/it\\\/produkt\\\/amaranth-pen-blank-17x17x120\",\"url\":\"https:\\\/\\\/holz-authentisch.de\\\/it\\\/produkt\\\/amaranth-pen-blank-17x17x120\",\"name\":\"Penna amaranto in bianco 17x17x120 mm - Holz Authentisch\",\"isPartOf\":{\"@id\":\"https:\\\/\\\/holz-authentisch.de\\\/it#website\"},\"primaryImageOfPage\":{\"@id\":\"https:\\\/\\\/holz-authentisch.de\\\/it\\\/produkt\\\/amaranth-pen-blank-17x17x120#primaryimage\"},\"image\":{\"@id\":\"https:\\\/\\\/holz-authentisch.de\\\/it\\\/produkt\\\/amaranth-pen-blank-17x17x120#primaryimage\"},\"thumbnailUrl\":\"https:\\\/\\\/holz-authentisch.de\\\/wp-content\\\/uploads\\\/2017\\\/11\\\/Amaranth-Pen-Blank-20x20x150.jpg\",\"datePublished\":\"2022-11-27T08:55:32+00:00\",\"dateModified\":\"2023-05-02T15:12:13+00:00\",\"description\":\"Penna bianca amaranto 17x17x120mm. Acquista il legno di Amaranto per la tornitura online presso Holz Authentisch Holzhandel in Allg\u00e4u. Legno pregiato come segato, tronchi o scantling.\",\"breadcrumb\":{\"@id\":\"https:\\\/\\\/holz-authentisch.de\\\/it\\\/produkt\\\/amaranth-pen-blank-17x17x120#breadcrumb\"},\"inLanguage\":\"it-IT\",\"potentialAction\":[{\"@type\":\"ReadAction\",\"target\":[\"https:\\\/\\\/holz-authentisch.de\\\/it\\\/produkt\\\/amaranth-pen-blank-17x17x120\"]}]},{\"@type\":\"ImageObject\",\"inLanguage\":\"it-IT\",\"@id\":\"https:\\\/\\\/holz-authentisch.de\\\/it\\\/produkt\\\/amaranth-pen-blank-17x17x120#primaryimage\",\"url\":\"https:\\\/\\\/holz-authentisch.de\\\/wp-content\\\/uploads\\\/2017\\\/11\\\/Amaranth-Pen-Blank-20x20x150.jpg\",\"contentUrl\":\"https:\\\/\\\/holz-authentisch.de\\\/wp-content\\\/uploads\\\/2017\\\/11\\\/Amaranth-Pen-Blank-20x20x150.jpg\",\"width\":700,\"height\":700,\"caption\":\"Amaranth Pen Blank Drechselholz, Edelholz online kaufen\"},{\"@type\":\"BreadcrumbList\",\"@id\":\"https:\\\/\\\/holz-authentisch.de\\\/it\\\/produkt\\\/amaranth-pen-blank-17x17x120#breadcrumb\",\"itemListElement\":[{\"@type\":\"ListItem\",\"position\":1,\"name\":\"Startseite\",\"item\":\"https:\\\/\\\/holz-authentisch.de\\\/it\"},{\"@type\":\"ListItem\",\"position\":2,\"name\":\"Negozio\",\"item\":\"https:\\\/\\\/holz-authentisch.de\\\/it\\\/negozio\"},{\"@type\":\"ListItem\",\"position\":3,\"name\":\"Penna amaranto in bianco 17x17x120 mm\"}]},{\"@type\":\"WebSite\",\"@id\":\"https:\\\/\\\/holz-authentisch.de\\\/it#website\",\"url\":\"https:\\\/\\\/holz-authentisch.de\\\/it\",\"name\":\"Holz Authentisch\",\"description\":\"Schnittholz \u00b7 M\u00f6bel \u00b7 B\u00f6den \u00b7 Verarbeitung &amp; mehr\",\"potentialAction\":[{\"@type\":\"SearchAction\",\"target\":{\"@type\":\"EntryPoint\",\"urlTemplate\":\"https:\\\/\\\/holz-authentisch.de\\\/it?s={search_term_string}\"},\"query-input\":{\"@type\":\"PropertyValueSpecification\",\"valueRequired\":true,\"valueName\":\"search_term_string\"}}],\"inLanguage\":\"it-IT\"}]}<\/script>\n<!-- \/ Yoast SEO plugin. -->","yoast_head_json":{"title":"Penna amaranto in bianco 17x17x120 mm - Holz Authentisch","description":"Penna bianca amaranto 17x17x120mm. Acquista il legno di Amaranto per la tornitura online presso Holz Authentisch Holzhandel in Allg\u00e4u. Legno pregiato come segato, tronchi o scantling.","robots":{"index":"index","follow":"follow","max-snippet":"max-snippet:-1","max-image-preview":"max-image-preview:large","max-video-preview":"max-video-preview:-1"},"canonical":"https:\/\/holz-authentisch.de\/it\/produkt\/amaranth-pen-blank-17x17x120","og_locale":"it_IT","og_type":"article","og_title":"Penna amaranto in bianco 17x17x120 mm - Holz Authentisch","og_description":"Penna bianca amaranto 17x17x120mm. Acquista il legno di Amaranto per la tornitura online presso Holz Authentisch Holzhandel in Allg\u00e4u. Legno pregiato come segato, tronchi o scantling.","og_url":"https:\/\/holz-authentisch.de\/it\/produkt\/amaranth-pen-blank-17x17x120","og_site_name":"Holz Authentisch","article_modified_time":"2023-05-02T15:12:13+00:00","og_image":[{"width":700,"height":700,"url":"https:\/\/holz-authentisch.de\/wp-content\/uploads\/2017\/11\/Amaranth-Pen-Blank-20x20x150.jpg","type":"image\/jpeg"}],"twitter_card":"summary_large_image","schema":{"@context":"https:\/\/schema.org","@graph":[{"@type":"WebPage","@id":"https:\/\/holz-authentisch.de\/it\/produkt\/amaranth-pen-blank-17x17x120","url":"https:\/\/holz-authentisch.de\/it\/produkt\/amaranth-pen-blank-17x17x120","name":"Penna amaranto in bianco 17x17x120 mm - Holz Authentisch","isPartOf":{"@id":"https:\/\/holz-authentisch.de\/it#website"},"primaryImageOfPage":{"@id":"https:\/\/holz-authentisch.de\/it\/produkt\/amaranth-pen-blank-17x17x120#primaryimage"},"image":{"@id":"https:\/\/holz-authentisch.de\/it\/produkt\/amaranth-pen-blank-17x17x120#primaryimage"},"thumbnailUrl":"https:\/\/holz-authentisch.de\/wp-content\/uploads\/2017\/11\/Amaranth-Pen-Blank-20x20x150.jpg","datePublished":"2022-11-27T08:55:32+00:00","dateModified":"2023-05-02T15:12:13+00:00","description":"Penna bianca amaranto 17x17x120mm. Acquista il legno di Amaranto per la tornitura online presso Holz Authentisch Holzhandel in Allg\u00e4u. Legno pregiato come segato, tronchi o scantling.","breadcrumb":{"@id":"https:\/\/holz-authentisch.de\/it\/produkt\/amaranth-pen-blank-17x17x120#breadcrumb"},"inLanguage":"it-IT","potentialAction":[{"@type":"ReadAction","target":["https:\/\/holz-authentisch.de\/it\/produkt\/amaranth-pen-blank-17x17x120"]}]},{"@type":"ImageObject","inLanguage":"it-IT","@id":"https:\/\/holz-authentisch.de\/it\/produkt\/amaranth-pen-blank-17x17x120#primaryimage","url":"https:\/\/holz-authentisch.de\/wp-content\/uploads\/2017\/11\/Amaranth-Pen-Blank-20x20x150.jpg","contentUrl":"https:\/\/holz-authentisch.de\/wp-content\/uploads\/2017\/11\/Amaranth-Pen-Blank-20x20x150.jpg","width":700,"height":700,"caption":"Amaranth Pen Blank Drechselholz, Edelholz online kaufen"},{"@type":"BreadcrumbList","@id":"https:\/\/holz-authentisch.de\/it\/produkt\/amaranth-pen-blank-17x17x120#breadcrumb","itemListElement":[{"@type":"ListItem","position":1,"name":"Startseite","item":"https:\/\/holz-authentisch.de\/it"},{"@type":"ListItem","position":2,"name":"Negozio","item":"https:\/\/holz-authentisch.de\/it\/negozio"},{"@type":"ListItem","position":3,"name":"Penna amaranto in bianco 17x17x120 mm"}]},{"@type":"WebSite","@id":"https:\/\/holz-authentisch.de\/it#website","url":"https:\/\/holz-authentisch.de\/it","name":"Holz Authentisch","description":"Schnittholz \u00b7 M\u00f6bel \u00b7 B\u00f6den \u00b7 Verarbeitung &amp; mehr","potentialAction":[{"@type":"SearchAction","target":{"@type":"EntryPoint","urlTemplate":"https:\/\/holz-authentisch.de\/it?s={search_term_string}"},"query-input":{"@type":"PropertyValueSpecification","valueRequired":true,"valueName":"search_term_string"}}],"inLanguage":"it-IT"}]}},"_links":{"self":[{"href":"https:\/\/holz-authentisch.de\/it\/wp-json\/wp\/v2\/product\/27583","targetHints":{"allow":["GET"]}}],"collection":[{"href":"https:\/\/holz-authentisch.de\/it\/wp-json\/wp\/v2\/product"}],"about":[{"href":"https:\/\/holz-authentisch.de\/it\/wp-json\/wp\/v2\/types\/product"}],"wp:featuredmedia":[{"embeddable":true,"href":"https:\/\/holz-authentisch.de\/it\/wp-json\/wp\/v2\/media\/27139"}],"wp:attachment":[{"href":"https:\/\/holz-authentisch.de\/it\/wp-json\/wp\/v2\/media?parent=27583"}],"wp:term":[{"taxonomy":"product_brand","embeddable":true,"href":"https:\/\/holz-authentisch.de\/it\/wp-json\/wp\/v2\/product_brand?post=27583"},{"taxonomy":"product_cat","embeddable":true,"href":"https:\/\/holz-authentisch.de\/it\/wp-json\/wp\/v2\/product_cat?post=27583"},{"taxonomy":"product_tag","embeddable":true,"href":"https:\/\/holz-authentisch.de\/it\/wp-json\/wp\/v2\/product_tag?post=27583"}],"curies":[{"name":"wp","href":"https:\/\/api.w.org\/{rel}","templated":true}]}}