{"id":27577,"date":"2022-08-06T09:59:28","date_gmt":"2022-08-06T09:59:28","guid":{"rendered":"https:\/\/holz-authentisch.de\/produkt\/blocco-di-cedro-di-seconda-scelta-200x200x75-mm"},"modified":"2022-08-06T09:59:28","modified_gmt":"2022-08-06T09:59:28","slug":"zweite-wahl-zeder-klotz-200x200x75-mm","status":"publish","type":"product","link":"https:\/\/holz-authentisch.de\/it\/produkt\/zweite-wahl-zeder-klotz-200x200x75-mm","title":{"rendered":"Blocco di cedro di seconda scelta 200x200x75 mm"},"content":{"rendered":"<p><strong>Blocco di cedro di seconda scelta 200x200x75<\/strong><\/p>\n<p>Il pezzo di legno mostrato \u00e8 esemplare. Riceverete un pezzo simile per venatura e colore nella dimensione interessata. Nella foto qui sotto potete vedere il legno direttamente in forma piallata e oliata e in varie dimensioni e forme.<\/p>\n","protected":false},"excerpt":{"rendered":"<p>Il cedro \u00e8 uno dei legni con l&#8217;odore pi\u00f9 carismatico e speziato. La fragranza ha un effetto liberatorio e rende pi\u00f9 profondo il respiro. Gi\u00e0 gli Egizi utilizzavano il cedro per l&#8217;imbalsamazione o per scopi cosmetici. Oggi viene utilizzato contro il sudore nelle scarpe o per il controllo delle tarme. Il suo carattere \u00e8 divertente, adattabile e paziente. In termini di colore, il cedro mostra un giallo dorato, che in parte raggiunge un marrone rossastro. L&#8217;andamento delle strutture \u00e8 caratteristico e di bella portata.<\/p>\n<p>Il cedro \u00e8 molto adatto alla tornitura e all&#8217;intaglio, soprattutto per maniglie di ogni tipo o per attrezzature sportive.<\/p>\n<p>Il legno \u00e8 un materiale naturale e vivo che cambia continuamente. Pertanto, \u00e8 possibile che si verifichino piccole incrinature o lievi scostamenti nel peso e nelle dimensioni.<\/p>\n","protected":false},"featured_media":27396,"template":"","meta":[],"product_brand":[],"product_cat":[732],"product_tag":[],"class_list":{"0":"post-27577","1":"product","2":"type-product","3":"status-publish","4":"has-post-thumbnail","6":"product_cat-cedro","8":"first","9":"outofstock","10":"taxable","11":"shipping-taxable","12":"purchasable","13":"product-type-simple","14":"add-to-wishlist-after_add_to_cart"},"yoast_head":"<!-- This site is optimized with the Yoast SEO plugin v27.6 - https:\/\/yoast.com\/product\/yoast-seo-wordpress\/ -->\n<title>Blocco di cedro di seconda scelta 200x200x75 mm - Holz Authentisch<\/title>\n<meta name=\"description\" content=\"Acquista il blocco di cedro di seconda scelta 200x200x75mm da Holz Authentisch nel nostro negozio online. Legno pregiato, legno tornito, legno segato di specie domestiche, esotiche e mediterranee.\" \/>\n<meta name=\"robots\" content=\"index, follow, max-snippet:-1, max-image-preview:large, max-video-preview:-1\" \/>\n<link rel=\"canonical\" href=\"https:\/\/holz-authentisch.de\/it\/produkt\/zweite-wahl-zeder-klotz-200x200x75-mm\" \/>\n<meta property=\"og:locale\" content=\"it_IT\" \/>\n<meta property=\"og:type\" content=\"article\" \/>\n<meta property=\"og:title\" content=\"Blocco di cedro di seconda scelta 200x200x75 mm - Holz Authentisch\" \/>\n<meta property=\"og:description\" content=\"Acquista il blocco di cedro di seconda scelta 200x200x75mm da Holz Authentisch nel nostro negozio online. Legno pregiato, legno tornito, legno segato di specie domestiche, esotiche e mediterranee.\" \/>\n<meta property=\"og:url\" content=\"https:\/\/holz-authentisch.de\/it\/produkt\/zweite-wahl-zeder-klotz-200x200x75-mm\" \/>\n<meta property=\"og:site_name\" content=\"Holz Authentisch\" \/>\n<meta property=\"og:image\" content=\"https:\/\/holz-authentisch.de\/wp-content\/uploads\/2019\/10\/Zeder-Klotz-200x200x75-mm.jpg\" \/>\n\t<meta property=\"og:image:width\" content=\"1229\" \/>\n\t<meta property=\"og:image:height\" content=\"814\" \/>\n\t<meta property=\"og:image:type\" content=\"image\/jpeg\" \/>\n<meta name=\"twitter:card\" content=\"summary_large_image\" \/>\n<script type=\"application\/ld+json\" class=\"yoast-schema-graph\">{\"@context\":\"https:\\\/\\\/schema.org\",\"@graph\":[{\"@type\":\"WebPage\",\"@id\":\"https:\\\/\\\/holz-authentisch.de\\\/it\\\/produkt\\\/zweite-wahl-zeder-klotz-200x200x75-mm\",\"url\":\"https:\\\/\\\/holz-authentisch.de\\\/it\\\/produkt\\\/zweite-wahl-zeder-klotz-200x200x75-mm\",\"name\":\"Blocco di cedro di seconda scelta 200x200x75 mm - Holz Authentisch\",\"isPartOf\":{\"@id\":\"https:\\\/\\\/holz-authentisch.de\\\/it#website\"},\"primaryImageOfPage\":{\"@id\":\"https:\\\/\\\/holz-authentisch.de\\\/it\\\/produkt\\\/zweite-wahl-zeder-klotz-200x200x75-mm#primaryimage\"},\"image\":{\"@id\":\"https:\\\/\\\/holz-authentisch.de\\\/it\\\/produkt\\\/zweite-wahl-zeder-klotz-200x200x75-mm#primaryimage\"},\"thumbnailUrl\":\"https:\\\/\\\/holz-authentisch.de\\\/wp-content\\\/uploads\\\/2019\\\/10\\\/Zeder-Klotz-200x200x75-mm.jpg\",\"datePublished\":\"2022-08-06T09:59:28+00:00\",\"description\":\"Acquista il blocco di cedro di seconda scelta 200x200x75mm da Holz Authentisch nel nostro negozio online. Legno pregiato, legno tornito, legno segato di specie domestiche, esotiche e mediterranee.\",\"breadcrumb\":{\"@id\":\"https:\\\/\\\/holz-authentisch.de\\\/it\\\/produkt\\\/zweite-wahl-zeder-klotz-200x200x75-mm#breadcrumb\"},\"inLanguage\":\"it-IT\",\"potentialAction\":[{\"@type\":\"ReadAction\",\"target\":[\"https:\\\/\\\/holz-authentisch.de\\\/it\\\/produkt\\\/zweite-wahl-zeder-klotz-200x200x75-mm\"]}]},{\"@type\":\"ImageObject\",\"inLanguage\":\"it-IT\",\"@id\":\"https:\\\/\\\/holz-authentisch.de\\\/it\\\/produkt\\\/zweite-wahl-zeder-klotz-200x200x75-mm#primaryimage\",\"url\":\"https:\\\/\\\/holz-authentisch.de\\\/wp-content\\\/uploads\\\/2019\\\/10\\\/Zeder-Klotz-200x200x75-mm.jpg\",\"contentUrl\":\"https:\\\/\\\/holz-authentisch.de\\\/wp-content\\\/uploads\\\/2019\\\/10\\\/Zeder-Klotz-200x200x75-mm.jpg\",\"width\":1229,\"height\":814,\"caption\":\"Zeder Klotz 200x200x75 mm\"},{\"@type\":\"BreadcrumbList\",\"@id\":\"https:\\\/\\\/holz-authentisch.de\\\/it\\\/produkt\\\/zweite-wahl-zeder-klotz-200x200x75-mm#breadcrumb\",\"itemListElement\":[{\"@type\":\"ListItem\",\"position\":1,\"name\":\"Startseite\",\"item\":\"https:\\\/\\\/holz-authentisch.de\\\/it\"},{\"@type\":\"ListItem\",\"position\":2,\"name\":\"Negozio\",\"item\":\"https:\\\/\\\/holz-authentisch.de\\\/it\\\/negozio\"},{\"@type\":\"ListItem\",\"position\":3,\"name\":\"Blocco di cedro di seconda scelta 200x200x75 mm\"}]},{\"@type\":\"WebSite\",\"@id\":\"https:\\\/\\\/holz-authentisch.de\\\/it#website\",\"url\":\"https:\\\/\\\/holz-authentisch.de\\\/it\",\"name\":\"Holz Authentisch\",\"description\":\"Schnittholz \u00b7 M\u00f6bel \u00b7 B\u00f6den \u00b7 Verarbeitung &amp; mehr\",\"potentialAction\":[{\"@type\":\"SearchAction\",\"target\":{\"@type\":\"EntryPoint\",\"urlTemplate\":\"https:\\\/\\\/holz-authentisch.de\\\/it?s={search_term_string}\"},\"query-input\":{\"@type\":\"PropertyValueSpecification\",\"valueRequired\":true,\"valueName\":\"search_term_string\"}}],\"inLanguage\":\"it-IT\"}]}<\/script>\n<!-- \/ Yoast SEO plugin. -->","yoast_head_json":{"title":"Blocco di cedro di seconda scelta 200x200x75 mm - Holz Authentisch","description":"Acquista il blocco di cedro di seconda scelta 200x200x75mm da Holz Authentisch nel nostro negozio online. Legno pregiato, legno tornito, legno segato di specie domestiche, esotiche e mediterranee.","robots":{"index":"index","follow":"follow","max-snippet":"max-snippet:-1","max-image-preview":"max-image-preview:large","max-video-preview":"max-video-preview:-1"},"canonical":"https:\/\/holz-authentisch.de\/it\/produkt\/zweite-wahl-zeder-klotz-200x200x75-mm","og_locale":"it_IT","og_type":"article","og_title":"Blocco di cedro di seconda scelta 200x200x75 mm - Holz Authentisch","og_description":"Acquista il blocco di cedro di seconda scelta 200x200x75mm da Holz Authentisch nel nostro negozio online. Legno pregiato, legno tornito, legno segato di specie domestiche, esotiche e mediterranee.","og_url":"https:\/\/holz-authentisch.de\/it\/produkt\/zweite-wahl-zeder-klotz-200x200x75-mm","og_site_name":"Holz Authentisch","og_image":[{"width":1229,"height":814,"url":"https:\/\/holz-authentisch.de\/wp-content\/uploads\/2019\/10\/Zeder-Klotz-200x200x75-mm.jpg","type":"image\/jpeg"}],"twitter_card":"summary_large_image","schema":{"@context":"https:\/\/schema.org","@graph":[{"@type":"WebPage","@id":"https:\/\/holz-authentisch.de\/it\/produkt\/zweite-wahl-zeder-klotz-200x200x75-mm","url":"https:\/\/holz-authentisch.de\/it\/produkt\/zweite-wahl-zeder-klotz-200x200x75-mm","name":"Blocco di cedro di seconda scelta 200x200x75 mm - Holz Authentisch","isPartOf":{"@id":"https:\/\/holz-authentisch.de\/it#website"},"primaryImageOfPage":{"@id":"https:\/\/holz-authentisch.de\/it\/produkt\/zweite-wahl-zeder-klotz-200x200x75-mm#primaryimage"},"image":{"@id":"https:\/\/holz-authentisch.de\/it\/produkt\/zweite-wahl-zeder-klotz-200x200x75-mm#primaryimage"},"thumbnailUrl":"https:\/\/holz-authentisch.de\/wp-content\/uploads\/2019\/10\/Zeder-Klotz-200x200x75-mm.jpg","datePublished":"2022-08-06T09:59:28+00:00","description":"Acquista il blocco di cedro di seconda scelta 200x200x75mm da Holz Authentisch nel nostro negozio online. Legno pregiato, legno tornito, legno segato di specie domestiche, esotiche e mediterranee.","breadcrumb":{"@id":"https:\/\/holz-authentisch.de\/it\/produkt\/zweite-wahl-zeder-klotz-200x200x75-mm#breadcrumb"},"inLanguage":"it-IT","potentialAction":[{"@type":"ReadAction","target":["https:\/\/holz-authentisch.de\/it\/produkt\/zweite-wahl-zeder-klotz-200x200x75-mm"]}]},{"@type":"ImageObject","inLanguage":"it-IT","@id":"https:\/\/holz-authentisch.de\/it\/produkt\/zweite-wahl-zeder-klotz-200x200x75-mm#primaryimage","url":"https:\/\/holz-authentisch.de\/wp-content\/uploads\/2019\/10\/Zeder-Klotz-200x200x75-mm.jpg","contentUrl":"https:\/\/holz-authentisch.de\/wp-content\/uploads\/2019\/10\/Zeder-Klotz-200x200x75-mm.jpg","width":1229,"height":814,"caption":"Zeder Klotz 200x200x75 mm"},{"@type":"BreadcrumbList","@id":"https:\/\/holz-authentisch.de\/it\/produkt\/zweite-wahl-zeder-klotz-200x200x75-mm#breadcrumb","itemListElement":[{"@type":"ListItem","position":1,"name":"Startseite","item":"https:\/\/holz-authentisch.de\/it"},{"@type":"ListItem","position":2,"name":"Negozio","item":"https:\/\/holz-authentisch.de\/it\/negozio"},{"@type":"ListItem","position":3,"name":"Blocco di cedro di seconda scelta 200x200x75 mm"}]},{"@type":"WebSite","@id":"https:\/\/holz-authentisch.de\/it#website","url":"https:\/\/holz-authentisch.de\/it","name":"Holz Authentisch","description":"Schnittholz \u00b7 M\u00f6bel \u00b7 B\u00f6den \u00b7 Verarbeitung &amp; mehr","potentialAction":[{"@type":"SearchAction","target":{"@type":"EntryPoint","urlTemplate":"https:\/\/holz-authentisch.de\/it?s={search_term_string}"},"query-input":{"@type":"PropertyValueSpecification","valueRequired":true,"valueName":"search_term_string"}}],"inLanguage":"it-IT"}]}},"_links":{"self":[{"href":"https:\/\/holz-authentisch.de\/it\/wp-json\/wp\/v2\/product\/27577","targetHints":{"allow":["GET"]}}],"collection":[{"href":"https:\/\/holz-authentisch.de\/it\/wp-json\/wp\/v2\/product"}],"about":[{"href":"https:\/\/holz-authentisch.de\/it\/wp-json\/wp\/v2\/types\/product"}],"wp:featuredmedia":[{"embeddable":true,"href":"https:\/\/holz-authentisch.de\/it\/wp-json\/wp\/v2\/media\/27396"}],"wp:attachment":[{"href":"https:\/\/holz-authentisch.de\/it\/wp-json\/wp\/v2\/media?parent=27577"}],"wp:term":[{"taxonomy":"product_brand","embeddable":true,"href":"https:\/\/holz-authentisch.de\/it\/wp-json\/wp\/v2\/product_brand?post=27577"},{"taxonomy":"product_cat","embeddable":true,"href":"https:\/\/holz-authentisch.de\/it\/wp-json\/wp\/v2\/product_cat?post=27577"},{"taxonomy":"product_tag","embeddable":true,"href":"https:\/\/holz-authentisch.de\/it\/wp-json\/wp\/v2\/product_tag?post=27577"}],"curies":[{"name":"wp","href":"https:\/\/api.w.org\/{rel}","templated":true}]}}