{"id":27549,"date":"2021-01-31T10:00:12","date_gmt":"2021-01-31T10:00:12","guid":{"rendered":"https:\/\/holz-authentisch.de\/clienti-commerciali"},"modified":"2023-05-01T16:09:54","modified_gmt":"2023-05-01T16:09:54","slug":"clienti-commerciali","status":"publish","type":"page","link":"https:\/\/holz-authentisch.de\/it\/clienti-commerciali","title":{"rendered":"Clienti commerciali"},"content":{"rendered":"\n\n  <div class=\"banner has-hover has-parallax\" id=\"banner-2074947072\">\n          <div class=\"banner-inner fill\">\n        <div class=\"banner-bg fill\" data-parallax=\"-3\" data-parallax-container=\".banner\" data-parallax-background>\n            <img loading=\"lazy\" decoding=\"async\" width=\"1020\" height=\"679\" src=\"https:\/\/holz-authentisch.de\/wp-content\/uploads\/2018\/08\/Amolegno-Holz-Manufaktur-Holzhandel-Inspirationen-steingaden-Gewerbekunden-Holz-1024x682.jpg\" class=\"bg attachment-large size-large\" alt=\"\" \/>                        <div class=\"overlay\"><\/div>            \n                    <\/div>\n\t\t\n        <div class=\"banner-layers container\">\n            <div class=\"fill banner-link\"><\/div>            \n\n   <div id=\"text-box-859189477\" class=\"text-box banner-layer x50 md-x50 lg-x50 y30 md-y30 lg-y30 res-text\">\n       <div class=\"hover-bounce\">                         <div class=\"text-box-content text dark\">\n              \n              <div class=\"text-inner text-center\">\n                  \n\n<h2 class=\"uppercase\">Clienti commerciali<\/h2>\n\n              <\/div>\n           <\/div>\n                     <\/div>       \n<style>\n#text-box-859189477 {\n  width: 60%;\n}\n#text-box-859189477 .text-box-content {\n  font-size: 100%;\n}\n<\/style>\n    <\/div>\n \n\n        <\/div>\n      <\/div>\n\n            \n<style>\n#banner-2074947072 {\n  padding-top: 360px;\n}\n#banner-2074947072 .overlay {\n  background-color: rgba(0, 0, 0, 0.2);\n}\n#banner-2074947072 .banner-bg img {\n  object-position: 56% 97%;\n}\n<\/style>\n  <\/div>\n\n\n<div class=\"row\"  id=\"row-774309856\">\n\n\n\t<div id=\"col-1798144043\" class=\"col small-12 large-12\"  >\n\t\t\t\t<div class=\"col-inner\"  >\n\t\t\t\n\t\t\t\n\n<h2 class=\"uppercase\"><strong>La nostra offerta per gli artigiani<\/strong><\/h2>\n<div class=\"is-divider divider clearfix\" style=\"max-width:50px;\"><\/div>\n\n<p>Sei un trader? Inviateci una scansione o una copia della vostra registrazione aziendale per registrarvi e ricevere i nostri sconti per i clienti commerciali sull&#8217;intero assortimento di legname online e sui tagli speciali senza valore minimo d&#8217;ordine.<\/p>\n<p><strong>In qualit\u00e0 di partner competente nel commercio di legname, vi offriamo, in qualit\u00e0 di trasformatori, esclusivit\u00e0, qualit\u00e0 e prezzi interessanti su tutta la nostra gamma di legni pregiati.&nbsp;<\/strong><\/p>\n<p>A seconda della specie, i nostri legni pregiati mediterranei, domestici ed esotici sono ideali per:<\/p>\n<ul>\n<li>Costruzione esclusiva di mobili<\/li>\n<li>Arredamento interno di alta qualit\u00e0<\/li>\n<li>Costruzioni e finiture di facciata<\/li>\n<li>Pavimenti<\/li>\n<li>Costruzione di giardini e terrazze<\/li>\n<li>Sauna e area benessere<\/li>\n<\/ul>\n<p>Il contatto personale, lo scambio alla pari, la sostenibilit\u00e0 e l&#8217;approccio olistico nell&#8217;ambito dell&#8217;importazione e della rivendita di legni pregiati sono valori che ci contraddistinguono.<\/p>\n<p><strong>Integrate la vostra selezione di materiali con legni pregiati speciali e offrite ai vostri clienti una nuova variet\u00e0.<\/strong><\/p>\n\n\t\t<\/div>\n\t\t\t\t\t<\/div>\n\n\t\n\n<\/div>\n<div class=\"message-box relative dark\" style=\"padding-top:23px;padding-bottom:23px;\"><div class=\"message-box-bg-image bg-fill fill\" ><\/div><div class=\"message-box-bg-overlay bg-fill fill\" style=\"background-color:rgb(30, 30, 30);\"><\/div><div class=\"container relative\"><div class=\"inner last-reset\">\n\n<div class=\"row align-middle\"  id=\"row-646792826\">\n\n\n\t<div id=\"col-10441507\" class=\"col medium-7 small-12 large-7\"  >\n\t\t\t\t<div class=\"col-inner\"  >\n\t\t\t\n\t\t\t\n\n<h2 class=\"uppercase\">INTERESSE? CONTATTACI ORA&#8230;<\/h2>\n\n\t\t<\/div>\n\t\t\t\t\t<\/div>\n\n\t\n\n\t<div id=\"col-1989331702\" class=\"col medium-5 small-12 large-5\"  >\n\t\t\t\t<div class=\"col-inner text-right\"  >\n\t\t\t\n\t\t\t\n\n<a data-animate=\"flipInY\" href=\"https:\/\/holz-authentisch.de\/it\/contatto\" class=\"button white is-outline is-larger\" >\n\t\t<span>Contatto<\/span>\n\t<\/a>\n\n\n\n\t\t<\/div>\n\t\t\t\t\t<\/div>\n\n\t\n\n<\/div>\n\n<\/div><\/div><\/div>\n","protected":false},"excerpt":{"rendered":"","protected":false},"author":371,"featured_media":0,"parent":0,"menu_order":0,"comment_status":"closed","ping_status":"closed","template":"page-blank.php","meta":{"footnotes":""},"class_list":["post-27549","page","type-page","status-publish","hentry"],"yoast_head":"<!-- This site is optimized with the Yoast SEO plugin v27.5 - https:\/\/yoast.com\/product\/yoast-seo-wordpress\/ -->\n<title>Clienti commerciali \/ Clienti commerciali - Holz Authentisch Commercio di legname<\/title>\n<meta name=\"description\" content=\"Legno Autentico Commercio del legno. Vendita all&#039;ingrosso di legni pregiati, legni da tornitura e segati dalla Sardegna e molto altro ancora.\" \/>\n<meta name=\"robots\" content=\"index, follow, max-snippet:-1, max-image-preview:large, max-video-preview:-1\" \/>\n<link rel=\"canonical\" href=\"https:\/\/holz-authentisch.de\/it\/clienti-commerciali\" \/>\n<meta property=\"og:locale\" content=\"it_IT\" \/>\n<meta property=\"og:type\" content=\"article\" \/>\n<meta property=\"og:title\" content=\"Clienti commerciali \/ Clienti commerciali - Holz Authentisch Commercio di legname\" \/>\n<meta property=\"og:description\" content=\"Legno Autentico Commercio del legno. Vendita all&#039;ingrosso di legni pregiati, legni da tornitura e segati dalla Sardegna e molto altro ancora.\" \/>\n<meta property=\"og:url\" content=\"https:\/\/holz-authentisch.de\/it\/clienti-commerciali\" \/>\n<meta property=\"og:site_name\" content=\"Holz Authentisch\" \/>\n<meta property=\"article:modified_time\" content=\"2023-05-01T16:09:54+00:00\" \/>\n<meta name=\"twitter:card\" content=\"summary_large_image\" \/>\n<meta name=\"twitter:label1\" content=\"Tempo di lettura stimato\" \/>\n\t<meta name=\"twitter:data1\" content=\"1 minuto\" \/>\n<script type=\"application\/ld+json\" class=\"yoast-schema-graph\">{\"@context\":\"https:\\\/\\\/schema.org\",\"@graph\":[{\"@type\":\"WebPage\",\"@id\":\"https:\\\/\\\/holz-authentisch.de\\\/it\\\/clienti-commerciali\",\"url\":\"https:\\\/\\\/holz-authentisch.de\\\/it\\\/clienti-commerciali\",\"name\":\"Clienti commerciali \\\/ Clienti commerciali - Holz Authentisch Commercio di legname\",\"isPartOf\":{\"@id\":\"https:\\\/\\\/holz-authentisch.de\\\/it#website\"},\"datePublished\":\"2021-01-31T10:00:12+00:00\",\"dateModified\":\"2023-05-01T16:09:54+00:00\",\"description\":\"Legno Autentico Commercio del legno. Vendita all'ingrosso di legni pregiati, legni da tornitura e segati dalla Sardegna e molto altro ancora.\",\"breadcrumb\":{\"@id\":\"https:\\\/\\\/holz-authentisch.de\\\/it\\\/clienti-commerciali#breadcrumb\"},\"inLanguage\":\"it-IT\",\"potentialAction\":[{\"@type\":\"ReadAction\",\"target\":[\"https:\\\/\\\/holz-authentisch.de\\\/it\\\/clienti-commerciali\"]}]},{\"@type\":\"BreadcrumbList\",\"@id\":\"https:\\\/\\\/holz-authentisch.de\\\/it\\\/clienti-commerciali#breadcrumb\",\"itemListElement\":[{\"@type\":\"ListItem\",\"position\":1,\"name\":\"Startseite\",\"item\":\"https:\\\/\\\/holz-authentisch.de\\\/it\"},{\"@type\":\"ListItem\",\"position\":2,\"name\":\"Clienti commerciali\"}]},{\"@type\":\"WebSite\",\"@id\":\"https:\\\/\\\/holz-authentisch.de\\\/it#website\",\"url\":\"https:\\\/\\\/holz-authentisch.de\\\/it\",\"name\":\"Holz Authentisch\",\"description\":\"Schnittholz \u00b7 M\u00f6bel \u00b7 B\u00f6den \u00b7 Verarbeitung &amp; mehr\",\"potentialAction\":[{\"@type\":\"SearchAction\",\"target\":{\"@type\":\"EntryPoint\",\"urlTemplate\":\"https:\\\/\\\/holz-authentisch.de\\\/it?s={search_term_string}\"},\"query-input\":{\"@type\":\"PropertyValueSpecification\",\"valueRequired\":true,\"valueName\":\"search_term_string\"}}],\"inLanguage\":\"it-IT\"}]}<\/script>\n<!-- \/ Yoast SEO plugin. -->","yoast_head_json":{"title":"Clienti commerciali \/ Clienti commerciali - Holz Authentisch Commercio di legname","description":"Legno Autentico Commercio del legno. Vendita all'ingrosso di legni pregiati, legni da tornitura e segati dalla Sardegna e molto altro ancora.","robots":{"index":"index","follow":"follow","max-snippet":"max-snippet:-1","max-image-preview":"max-image-preview:large","max-video-preview":"max-video-preview:-1"},"canonical":"https:\/\/holz-authentisch.de\/it\/clienti-commerciali","og_locale":"it_IT","og_type":"article","og_title":"Clienti commerciali \/ Clienti commerciali - Holz Authentisch Commercio di legname","og_description":"Legno Autentico Commercio del legno. Vendita all'ingrosso di legni pregiati, legni da tornitura e segati dalla Sardegna e molto altro ancora.","og_url":"https:\/\/holz-authentisch.de\/it\/clienti-commerciali","og_site_name":"Holz Authentisch","article_modified_time":"2023-05-01T16:09:54+00:00","twitter_card":"summary_large_image","twitter_misc":{"Tempo di lettura stimato":"1 minuto"},"schema":{"@context":"https:\/\/schema.org","@graph":[{"@type":"WebPage","@id":"https:\/\/holz-authentisch.de\/it\/clienti-commerciali","url":"https:\/\/holz-authentisch.de\/it\/clienti-commerciali","name":"Clienti commerciali \/ Clienti commerciali - Holz Authentisch Commercio di legname","isPartOf":{"@id":"https:\/\/holz-authentisch.de\/it#website"},"datePublished":"2021-01-31T10:00:12+00:00","dateModified":"2023-05-01T16:09:54+00:00","description":"Legno Autentico Commercio del legno. Vendita all'ingrosso di legni pregiati, legni da tornitura e segati dalla Sardegna e molto altro ancora.","breadcrumb":{"@id":"https:\/\/holz-authentisch.de\/it\/clienti-commerciali#breadcrumb"},"inLanguage":"it-IT","potentialAction":[{"@type":"ReadAction","target":["https:\/\/holz-authentisch.de\/it\/clienti-commerciali"]}]},{"@type":"BreadcrumbList","@id":"https:\/\/holz-authentisch.de\/it\/clienti-commerciali#breadcrumb","itemListElement":[{"@type":"ListItem","position":1,"name":"Startseite","item":"https:\/\/holz-authentisch.de\/it"},{"@type":"ListItem","position":2,"name":"Clienti commerciali"}]},{"@type":"WebSite","@id":"https:\/\/holz-authentisch.de\/it#website","url":"https:\/\/holz-authentisch.de\/it","name":"Holz Authentisch","description":"Schnittholz \u00b7 M\u00f6bel \u00b7 B\u00f6den \u00b7 Verarbeitung &amp; mehr","potentialAction":[{"@type":"SearchAction","target":{"@type":"EntryPoint","urlTemplate":"https:\/\/holz-authentisch.de\/it?s={search_term_string}"},"query-input":{"@type":"PropertyValueSpecification","valueRequired":true,"valueName":"search_term_string"}}],"inLanguage":"it-IT"}]}},"_links":{"self":[{"href":"https:\/\/holz-authentisch.de\/it\/wp-json\/wp\/v2\/pages\/27549","targetHints":{"allow":["GET"]}}],"collection":[{"href":"https:\/\/holz-authentisch.de\/it\/wp-json\/wp\/v2\/pages"}],"about":[{"href":"https:\/\/holz-authentisch.de\/it\/wp-json\/wp\/v2\/types\/page"}],"author":[{"embeddable":true,"href":"https:\/\/holz-authentisch.de\/it\/wp-json\/wp\/v2\/users\/371"}],"replies":[{"embeddable":true,"href":"https:\/\/holz-authentisch.de\/it\/wp-json\/wp\/v2\/comments?post=27549"}],"version-history":[{"count":0,"href":"https:\/\/holz-authentisch.de\/it\/wp-json\/wp\/v2\/pages\/27549\/revisions"}],"wp:attachment":[{"href":"https:\/\/holz-authentisch.de\/it\/wp-json\/wp\/v2\/media?parent=27549"}],"curies":[{"name":"wp","href":"https:\/\/api.w.org\/{rel}","templated":true}]}}