{"id":27512,"date":"2021-11-12T14:26:22","date_gmt":"2021-11-12T14:26:22","guid":{"rendered":"https:\/\/holz-authentisch.de\/lavorazione-del-legno-tagli-singoli"},"modified":"2023-05-02T20:31:16","modified_gmt":"2023-05-02T20:31:16","slug":"lavorazione-del-legno-tagli-singoli","status":"publish","type":"page","link":"https:\/\/holz-authentisch.de\/it\/lavorazione-del-legno-tagli-singoli","title":{"rendered":"Lavorazione del legno\/tagli singoli"},"content":{"rendered":"\n\n  <div class=\"banner has-hover\" id=\"banner-94485340\">\n          <div class=\"banner-inner fill\">\n        <div class=\"banner-bg fill\" >\n                                                \n\t<div class=\"is-border\"\n\t\tstyle=\"border-width:0px 0px 0px -50px;margin:0px 0px 0px 0;\">\n\t<\/div>\n                    <\/div>\n\t\t\n        <div class=\"banner-layers container\">\n            <div class=\"fill banner-link\"><\/div>            \n\n   <div id=\"text-box-1043946740\" class=\"text-box banner-layer x0 md-x0 lg-x0 y50 md-y50 lg-y50 res-text\">\n                                <div class=\"text-box-content text dark\">\n              \n              <div class=\"text-inner text-center\">\n                  \n\n<h2 class=\"uppercase\" style=\"text-align: left;\">Selezione del legno<\/h2>\n<h3 class=\"thin-font\" style=\"text-align: left;\">Specie legnose mediterranee<\/h3>\n<p style=\"text-align: left;\">Le specie legnose mediterranee, prevalentemente provenienti dalla Sardegna, sono state la molla che ci ha spinto ad adottare un nuovo approccio al legno con Holz Authentisch. In Sardegna, isola soleggiata e secca, crescono alberi affascinanti. Individualisti duri e belli. Non ce ne sono due uguali. Soprattutto i colori intensi, anche di specie legnose apparentemente familiari come la betulla sarda o la quercia, sono spettacolari. I sardi hanno adattato il loro mestiere al legno della loro isola. Intercrescite, biforcazioni, torsioni, crepe, tutto viene lavorato nell&#8217;oggetto, sia esso un mobile o un arredo. Il carattere di ogni pezzo di legno deve essere messo in risalto in modo ottimale.<br>Questa individualit\u00e0 abbinata all&#8217;artigianato tedesco \u00e8 un campo di tensione creativa che produce oggetti di eccezionale bellezza. Partecipate!<\/p>\n<p style=\"text-align: left;\"><strong>Le nostre specie legnose mediterranee per voi:<\/strong><br>Olivo, sughera, leccio, quercia sarda, farnia, castagno, olmo sardo (olmo), cedro, cipresso, betulla sarda, eucalipto, noce sardo, arancio, limone, ciliegio sardo, ginepro sardo, sambuco sardo, corbezzolo, radica, pino, mandorlo, carrubo, campanula, bagolaro, pero selvatico, alloro, acacia argentata, olivo selvatico.<br>Altre specialit\u00e0 su richiesta.<\/p>\n\n              <\/div>\n           <\/div>\n                            \n<style>\n#text-box-1043946740 {\n  margin: 0 0px 0px 0px;\n  width: 57%;\n}\n#text-box-1043946740 .text-inner {\n  padding: 0 0px 0px 0px;\n}\n#text-box-1043946740 .text-box-content {\n  font-size: 101%;\n}\n<\/style>\n    <\/div>\n \n\t<div class=\"img has-hover x100 md-x100 lg-x100 y5 md-y5 lg-y5\" id=\"image_1094926388\">\n\t\t\t\t\t\t\t\t<div class=\"img-inner dark\" style=\"margin:0px -172px 0px 0px;\">\n\t\t\t<img loading=\"lazy\" decoding=\"async\" width=\"600\" height=\"400\" src=\"https:\/\/holz-authentisch.de\/wp-content\/uploads\/2018\/08\/Amolegno-Holz-Manufaktur-Holzhandel-Theke-Inspirationen-steingaden-fuessen.jpg\" class=\"attachment-large size-large\" alt=\"\" srcset=\"https:\/\/holz-authentisch.de\/wp-content\/uploads\/2018\/08\/Amolegno-Holz-Manufaktur-Holzhandel-Theke-Inspirationen-steingaden-fuessen.jpg 600w, https:\/\/holz-authentisch.de\/wp-content\/uploads\/2018\/08\/Amolegno-Holz-Manufaktur-Holzhandel-Theke-Inspirationen-steingaden-fuessen-300x200.jpg 300w, https:\/\/holz-authentisch.de\/wp-content\/uploads\/2018\/08\/Amolegno-Holz-Manufaktur-Holzhandel-Theke-Inspirationen-steingaden-fuessen-510x340.jpg 510w\" sizes=\"auto, (max-width: 600px) 100vw, 600px\" \/>\t\t\t\t\t\t\n\t\t\t\t\t<\/div>\n\t\t\t\t\t\t\t\t\n<style>\n#image_1094926388 {\n  width: 35%;\n}\n<\/style>\n\t<\/div>\n\t\n\n\t<div class=\"img has-hover x85 md-x85 lg-x85 y85 md-y85 lg-y85\" id=\"image_2035746143\">\n\t\t\t\t\t\t\t\t<div class=\"img-inner dark\" >\n\t\t\t\t\t\t\t\t\t\n\t\t\t\t\t<\/div>\n\t\t\t\t\t\t\t\t\n<style>\n#image_2035746143 {\n  width: 23%;\n}\n<\/style>\n\t<\/div>\n\t\n\n\t<div class=\"img has-hover x100 md-x100 lg-x100 y95 md-y95 lg-y95\" id=\"image_1416591\">\n\t\t\t\t\t\t\t\t<div class=\"img-inner dark\" style=\"margin:0px -172px 0px 0px;\">\n\t\t\t<img loading=\"lazy\" decoding=\"async\" width=\"1020\" height=\"1020\" src=\"https:\/\/holz-authentisch.de\/wp-content\/uploads\/2018\/01\/Eukalyptus-1024x1024.jpg\" class=\"attachment-large size-large\" alt=\"\" srcset=\"https:\/\/holz-authentisch.de\/wp-content\/uploads\/2018\/01\/Eukalyptus-1024x1024.jpg 1024w, https:\/\/holz-authentisch.de\/wp-content\/uploads\/2018\/01\/Eukalyptus-100x100.jpg 100w, https:\/\/holz-authentisch.de\/wp-content\/uploads\/2018\/01\/Eukalyptus-510x510.jpg 510w, https:\/\/holz-authentisch.de\/wp-content\/uploads\/2018\/01\/Eukalyptus-150x150.jpg 150w, https:\/\/holz-authentisch.de\/wp-content\/uploads\/2018\/01\/Eukalyptus-300x300.jpg 300w, https:\/\/holz-authentisch.de\/wp-content\/uploads\/2018\/01\/Eukalyptus-768x768.jpg 768w, https:\/\/holz-authentisch.de\/wp-content\/uploads\/2018\/01\/Eukalyptus-550x550.jpg 550w, https:\/\/holz-authentisch.de\/wp-content\/uploads\/2018\/01\/Eukalyptus-600x600.jpg 600w, https:\/\/holz-authentisch.de\/wp-content\/uploads\/2018\/01\/Eukalyptus.jpg 1200w\" sizes=\"auto, (max-width: 1020px) 100vw, 1020px\" \/>\t\t\t\t\t\t\n\t\t\t\t\t<\/div>\n\t\t\t\t\t\t\t\t\n<style>\n#image_1416591 {\n  width: 11%;\n}\n<\/style>\n\t<\/div>\n\t\n\n\n        <\/div>\n      <\/div>\n\n            \n<style>\n#banner-94485340 {\n  padding-top: 800px;\n}\n<\/style>\n  <\/div>\n\n\n\n  <div class=\"banner has-hover\" id=\"banner-1738854831\">\n          <div class=\"banner-inner fill\">\n        <div class=\"banner-bg fill\" >\n                                                \n\t<div class=\"is-border\"\n\t\tstyle=\"border-width:0 0px 0px 0px;\">\n\t<\/div>\n                    <\/div>\n\t\t\n        <div class=\"banner-layers container\">\n            <div class=\"fill banner-link\"><\/div>            \n\n   <div id=\"text-box-397589648\" class=\"text-box banner-layer x0 md-x0 lg-x0 y50 md-y50 lg-y50 res-text\">\n                                <div class=\"text-box-content text dark\">\n              \n              <div class=\"text-inner text-center\">\n                  \n\n<h3 class=\"thin-font\" style=\"text-align: left;\">Specie legnose autoctone<\/h3>\n<p style=\"text-align: left;\">Ci riforniamo di legni duri e dolci nazionali da segherie e partner selezionati in Germania, Austria e Alto Adige che annoverano tra i loro valori fondamentali la sostenibilit\u00e0, l&#8217;affidabilit\u00e0 e la qualit\u00e0. Grazie alla variet\u00e0 della nostra base di fornitori, siamo in grado di soddisfare quasi tutte le richieste speciali e di offrire sempre prezzi equi e indipendenti. Non abbiamo quantit\u00e0 minime di acquisto, per cui siete sempre flessibili nei vostri acquisti.<\/p>\n<p style=\"text-align: left;\"><strong>Legni duri:<\/strong><br>Acero (acero platano, acero riccio), melo, betulla, pero, castagno, quercia, frassino (anche frassino olivaceo), ciliegio, noce, olmo (olmo)<\/p>\n<p style=\"text-align: left;\"><strong>Conifere:<\/strong><br>Pino, Pino svizzero<\/p>\n<p style=\"text-align: left;\">Altre specie di legno domestico su richiesta<\/p>\n\n              <\/div>\n           <\/div>\n                            \n<style>\n#text-box-397589648 {\n  margin: 0 0px 0px 0px;\n  width: 57%;\n}\n#text-box-397589648 .text-box-content {\n  font-size: 101%;\n}\n<\/style>\n    <\/div>\n \n\t<div class=\"img has-hover x100 md-x100 lg-x100 y10 md-y10 lg-y10\" id=\"image_2090024697\">\n\t\t\t\t\t\t\t\t<div class=\"img-inner dark\" style=\"margin:-25px -175px 0px 0px;\">\n\t\t\t<img loading=\"lazy\" decoding=\"async\" width=\"600\" height=\"400\" src=\"https:\/\/holz-authentisch.de\/wp-content\/uploads\/2018\/08\/Amolegno-Wein-Weinhandel-Weinproben-Weingueter-Feinkost-Amolegno.jpg\" class=\"attachment-large size-large\" alt=\"\" srcset=\"https:\/\/holz-authentisch.de\/wp-content\/uploads\/2018\/08\/Amolegno-Wein-Weinhandel-Weinproben-Weingueter-Feinkost-Amolegno.jpg 600w, https:\/\/holz-authentisch.de\/wp-content\/uploads\/2018\/08\/Amolegno-Wein-Weinhandel-Weinproben-Weingueter-Feinkost-Amolegno-300x200.jpg 300w, https:\/\/holz-authentisch.de\/wp-content\/uploads\/2018\/08\/Amolegno-Wein-Weinhandel-Weinproben-Weingueter-Feinkost-Amolegno-510x340.jpg 510w\" sizes=\"auto, (max-width: 600px) 100vw, 600px\" \/>\t\t\t\t\t\t\n\t\t\t\t\t<\/div>\n\t\t\t\t\t\t\t\t\n<style>\n#image_2090024697 {\n  width: 21%;\n}\n<\/style>\n\t<\/div>\n\t\n\n\t<div class=\"img has-hover x100 md-x100 lg-x100 y95 md-y95 lg-y95\" id=\"image_1614552376\">\n\t\t\t\t\t\t\t\t<div class=\"img-inner dark\" style=\"margin:0px -20px 10px 0px;\">\n\t\t\t<img loading=\"lazy\" decoding=\"async\" width=\"600\" height=\"338\" src=\"https:\/\/holz-authentisch.de\/wp-content\/uploads\/2018\/08\/Amolegno-heimische-arten-wald-Holz-Manufaktur-Holzhandel-Schrank-Inspirationen.jpg\" class=\"attachment-large size-large\" alt=\"\" srcset=\"https:\/\/holz-authentisch.de\/wp-content\/uploads\/2018\/08\/Amolegno-heimische-arten-wald-Holz-Manufaktur-Holzhandel-Schrank-Inspirationen.jpg 600w, https:\/\/holz-authentisch.de\/wp-content\/uploads\/2018\/08\/Amolegno-heimische-arten-wald-Holz-Manufaktur-Holzhandel-Schrank-Inspirationen-300x169.jpg 300w, https:\/\/holz-authentisch.de\/wp-content\/uploads\/2018\/08\/Amolegno-heimische-arten-wald-Holz-Manufaktur-Holzhandel-Schrank-Inspirationen-510x287.jpg 510w\" sizes=\"auto, (max-width: 600px) 100vw, 600px\" \/>\t\t\t\t\t\t\n\t\t\t\t\t<\/div>\n\t\t\t\t\t\t\t\t\n<style>\n#image_1614552376 {\n  width: 37%;\n}\n<\/style>\n\t<\/div>\n\t\n\n\n        <\/div>\n      <\/div>\n\n            \n<style>\n#banner-1738854831 {\n  padding-top: 600px;\n  background-color: rgb(58, 58, 58);\n}\n<\/style>\n  <\/div>\n\n\n","protected":false},"excerpt":{"rendered":"","protected":false},"author":198,"featured_media":0,"parent":0,"menu_order":0,"comment_status":"closed","ping_status":"closed","template":"page-blank.php","meta":{"footnotes":""},"class_list":["post-27512","page","type-page","status-publish","hentry"],"yoast_head":"<!-- This site is optimized with the Yoast SEO plugin v27.5 - https:\/\/yoast.com\/product\/yoast-seo-wordpress\/ -->\n<title>Lavorazione del legno\/tagli singoli per legno pregiato - Holz Authentisch<\/title>\n<meta name=\"description\" content=\"Commercio di legno pregiato, segato e tornito in Allg\u00e4u. Negozio di legni speciali provenienti da tutto il mondo. Mediterraneo, locale, esotico...\" \/>\n<meta name=\"robots\" content=\"index, follow, max-snippet:-1, max-image-preview:large, max-video-preview:-1\" \/>\n<link rel=\"canonical\" href=\"https:\/\/holz-authentisch.de\/it\/lavorazione-del-legno-tagli-singoli\" \/>\n<meta property=\"og:locale\" content=\"it_IT\" \/>\n<meta property=\"og:type\" content=\"article\" \/>\n<meta property=\"og:title\" content=\"Lavorazione del legno\/tagli singoli per legno pregiato - Holz Authentisch\" \/>\n<meta property=\"og:description\" content=\"Commercio di legno pregiato, segato e tornito in Allg\u00e4u. Negozio di legni speciali provenienti da tutto il mondo. Mediterraneo, locale, esotico...\" \/>\n<meta property=\"og:url\" content=\"https:\/\/holz-authentisch.de\/it\/lavorazione-del-legno-tagli-singoli\" \/>\n<meta property=\"og:site_name\" content=\"Holz Authentisch\" \/>\n<meta property=\"article:modified_time\" content=\"2023-05-02T20:31:16+00:00\" \/>\n<meta name=\"twitter:card\" content=\"summary_large_image\" \/>\n<meta name=\"twitter:label1\" content=\"Tempo di lettura stimato\" \/>\n\t<meta name=\"twitter:data1\" content=\"2 minuti\" \/>\n<script type=\"application\/ld+json\" class=\"yoast-schema-graph\">{\"@context\":\"https:\\\/\\\/schema.org\",\"@graph\":[{\"@type\":\"WebPage\",\"@id\":\"https:\\\/\\\/holz-authentisch.de\\\/it\\\/lavorazione-del-legno-tagli-singoli\",\"url\":\"https:\\\/\\\/holz-authentisch.de\\\/it\\\/lavorazione-del-legno-tagli-singoli\",\"name\":\"Lavorazione del legno\\\/tagli singoli per legno pregiato - Holz Authentisch\",\"isPartOf\":{\"@id\":\"https:\\\/\\\/holz-authentisch.de\\\/it#website\"},\"datePublished\":\"2021-11-12T14:26:22+00:00\",\"dateModified\":\"2023-05-02T20:31:16+00:00\",\"description\":\"Commercio di legno pregiato, segato e tornito in Allg\u00e4u. Negozio di legni speciali provenienti da tutto il mondo. Mediterraneo, locale, esotico...\",\"breadcrumb\":{\"@id\":\"https:\\\/\\\/holz-authentisch.de\\\/it\\\/lavorazione-del-legno-tagli-singoli#breadcrumb\"},\"inLanguage\":\"it-IT\",\"potentialAction\":[{\"@type\":\"ReadAction\",\"target\":[\"https:\\\/\\\/holz-authentisch.de\\\/it\\\/lavorazione-del-legno-tagli-singoli\"]}]},{\"@type\":\"BreadcrumbList\",\"@id\":\"https:\\\/\\\/holz-authentisch.de\\\/it\\\/lavorazione-del-legno-tagli-singoli#breadcrumb\",\"itemListElement\":[{\"@type\":\"ListItem\",\"position\":1,\"name\":\"Startseite\",\"item\":\"https:\\\/\\\/holz-authentisch.de\\\/it\"},{\"@type\":\"ListItem\",\"position\":2,\"name\":\"Lavorazione del legno\\\/tagli singoli\"}]},{\"@type\":\"WebSite\",\"@id\":\"https:\\\/\\\/holz-authentisch.de\\\/it#website\",\"url\":\"https:\\\/\\\/holz-authentisch.de\\\/it\",\"name\":\"Holz Authentisch\",\"description\":\"Schnittholz \u00b7 M\u00f6bel \u00b7 B\u00f6den \u00b7 Verarbeitung &amp; mehr\",\"potentialAction\":[{\"@type\":\"SearchAction\",\"target\":{\"@type\":\"EntryPoint\",\"urlTemplate\":\"https:\\\/\\\/holz-authentisch.de\\\/it?s={search_term_string}\"},\"query-input\":{\"@type\":\"PropertyValueSpecification\",\"valueRequired\":true,\"valueName\":\"search_term_string\"}}],\"inLanguage\":\"it-IT\"}]}<\/script>\n<!-- \/ Yoast SEO plugin. -->","yoast_head_json":{"title":"Lavorazione del legno\/tagli singoli per legno pregiato - Holz Authentisch","description":"Commercio di legno pregiato, segato e tornito in Allg\u00e4u. Negozio di legni speciali provenienti da tutto il mondo. Mediterraneo, locale, esotico...","robots":{"index":"index","follow":"follow","max-snippet":"max-snippet:-1","max-image-preview":"max-image-preview:large","max-video-preview":"max-video-preview:-1"},"canonical":"https:\/\/holz-authentisch.de\/it\/lavorazione-del-legno-tagli-singoli","og_locale":"it_IT","og_type":"article","og_title":"Lavorazione del legno\/tagli singoli per legno pregiato - Holz Authentisch","og_description":"Commercio di legno pregiato, segato e tornito in Allg\u00e4u. Negozio di legni speciali provenienti da tutto il mondo. Mediterraneo, locale, esotico...","og_url":"https:\/\/holz-authentisch.de\/it\/lavorazione-del-legno-tagli-singoli","og_site_name":"Holz Authentisch","article_modified_time":"2023-05-02T20:31:16+00:00","twitter_card":"summary_large_image","twitter_misc":{"Tempo di lettura stimato":"2 minuti"},"schema":{"@context":"https:\/\/schema.org","@graph":[{"@type":"WebPage","@id":"https:\/\/holz-authentisch.de\/it\/lavorazione-del-legno-tagli-singoli","url":"https:\/\/holz-authentisch.de\/it\/lavorazione-del-legno-tagli-singoli","name":"Lavorazione del legno\/tagli singoli per legno pregiato - Holz Authentisch","isPartOf":{"@id":"https:\/\/holz-authentisch.de\/it#website"},"datePublished":"2021-11-12T14:26:22+00:00","dateModified":"2023-05-02T20:31:16+00:00","description":"Commercio di legno pregiato, segato e tornito in Allg\u00e4u. Negozio di legni speciali provenienti da tutto il mondo. Mediterraneo, locale, esotico...","breadcrumb":{"@id":"https:\/\/holz-authentisch.de\/it\/lavorazione-del-legno-tagli-singoli#breadcrumb"},"inLanguage":"it-IT","potentialAction":[{"@type":"ReadAction","target":["https:\/\/holz-authentisch.de\/it\/lavorazione-del-legno-tagli-singoli"]}]},{"@type":"BreadcrumbList","@id":"https:\/\/holz-authentisch.de\/it\/lavorazione-del-legno-tagli-singoli#breadcrumb","itemListElement":[{"@type":"ListItem","position":1,"name":"Startseite","item":"https:\/\/holz-authentisch.de\/it"},{"@type":"ListItem","position":2,"name":"Lavorazione del legno\/tagli singoli"}]},{"@type":"WebSite","@id":"https:\/\/holz-authentisch.de\/it#website","url":"https:\/\/holz-authentisch.de\/it","name":"Holz Authentisch","description":"Schnittholz \u00b7 M\u00f6bel \u00b7 B\u00f6den \u00b7 Verarbeitung &amp; mehr","potentialAction":[{"@type":"SearchAction","target":{"@type":"EntryPoint","urlTemplate":"https:\/\/holz-authentisch.de\/it?s={search_term_string}"},"query-input":{"@type":"PropertyValueSpecification","valueRequired":true,"valueName":"search_term_string"}}],"inLanguage":"it-IT"}]}},"_links":{"self":[{"href":"https:\/\/holz-authentisch.de\/it\/wp-json\/wp\/v2\/pages\/27512","targetHints":{"allow":["GET"]}}],"collection":[{"href":"https:\/\/holz-authentisch.de\/it\/wp-json\/wp\/v2\/pages"}],"about":[{"href":"https:\/\/holz-authentisch.de\/it\/wp-json\/wp\/v2\/types\/page"}],"author":[{"embeddable":true,"href":"https:\/\/holz-authentisch.de\/it\/wp-json\/wp\/v2\/users\/198"}],"replies":[{"embeddable":true,"href":"https:\/\/holz-authentisch.de\/it\/wp-json\/wp\/v2\/comments?post=27512"}],"version-history":[{"count":0,"href":"https:\/\/holz-authentisch.de\/it\/wp-json\/wp\/v2\/pages\/27512\/revisions"}],"wp:attachment":[{"href":"https:\/\/holz-authentisch.de\/it\/wp-json\/wp\/v2\/media?parent=27512"}],"curies":[{"name":"wp","href":"https:\/\/api.w.org\/{rel}","templated":true}]}}