{"id":27497,"date":"2023-01-30T11:58:47","date_gmt":"2023-01-30T11:58:47","guid":{"rendered":"https:\/\/holz-authentisch.de\/partner"},"modified":"2024-07-10T13:39:36","modified_gmt":"2024-07-10T13:39:36","slug":"partner","status":"publish","type":"page","link":"https:\/\/holz-authentisch.de\/it\/partner","title":{"rendered":"Partner"},"content":{"rendered":"\n<div class=\"row\"  id=\"row-998908674\">\n\n\n\t<div id=\"col-1525307029\" class=\"col small-12 large-12\"  >\n\t\t\t\t<div class=\"col-inner\"  >\n\t\t\t\n\t\t\t\n\n<div class=\"text-center\"><div class=\"is-divider divider clearfix\" style=\"max-width:10000px;background-color:rgb(57, 15, 15);\"><\/div><\/div>\n\n\t<div id=\"text-3541347787\" class=\"text\">\n\t\t\n\n<h4 style=\"text-align: center;\"><strong>Unsere Partner<\/strong><\/h4>\n\t\t\n<style>\n#text-3541347787 {\n  font-size: 3.1rem;\n  line-height: 2.1;\n  text-align: left;\n  color: rgb(81, 54, 40);\n}\n#text-3541347787 > * {\n  color: rgb(81, 54, 40);\n}\n<\/style>\n\t<\/div>\n\t\n\n\t\t<\/div>\n\t\t\t\t\t<\/div>\n\n\t\n\n<\/div>\n<div class=\"row\"  id=\"row-1866424219\">\n\n\n\t<div id=\"col-357036974\" class=\"col medium-4 small-12 large-4\"  >\n\t\t\t\t<div class=\"col-inner\"  >\n\t\t\t\n\t\t\t\n\n\t<div class=\"img has-hover x md-x lg-x y md-y lg-y\" id=\"image_1674144498\">\n\t\t<a class=\"\" href=\"https:\/\/www.sardische-hoelzer.de\" target=\"_blank\" rel=\"noopener\" >\t\t\t\t\t\t<div class=\"img-inner dark\" >\n\t\t\t<img loading=\"lazy\" decoding=\"async\" width=\"306\" height=\"264\" src=\"https:\/\/holz-authentisch.de\/wp-content\/uploads\/2023\/01\/Logo-Sardische-Hoelzer.png\" class=\"attachment-large size-large\" alt=\"\" srcset=\"https:\/\/holz-authentisch.de\/wp-content\/uploads\/2023\/01\/Logo-Sardische-Hoelzer.png 306w, https:\/\/holz-authentisch.de\/wp-content\/uploads\/2023\/01\/Logo-Sardische-Hoelzer-300x259.png 300w\" sizes=\"auto, (max-width: 306px) 100vw, 306px\" \/>\t\t\t\t\t\t\n\t\t\t\t\t<\/div>\n\t\t\t\t\t\t<\/a>\t\t\n<style>\n#image_1674144498 {\n  width: 62%;\n}\n<\/style>\n\t<\/div>\n\t\n\n<p><strong>Partner f\u00fcr die Beschaffung unserer mediterranen H\u00f6lzer aus Sardinien mit tiefergehenden Beschreibungen der einzelnen Holzarten<\/strong><\/p>\n\n\t\t<\/div>\n\t\t\t\t\t<\/div>\n\n\t\n\n\t<div id=\"col-295980749\" class=\"col medium-4 small-12 large-4\"  >\n\t\t\t\t<div class=\"col-inner\"  >\n\t\t\t\n\t\t\t\n\n\t<div class=\"img has-hover x md-x lg-x y md-y lg-y\" id=\"image_614671272\">\n\t\t<a class=\"\" href=\"https:\/\/www.sieber-holzmanufaktur.de\" target=\"_blank\" rel=\"noopener\" >\t\t\t\t\t\t<div class=\"img-inner dark\" >\n\t\t\t<img loading=\"lazy\" decoding=\"async\" width=\"1020\" height=\"377\" src=\"https:\/\/holz-authentisch.de\/wp-content\/uploads\/2023\/01\/eeeee-1024x378.png\" class=\"attachment-large size-large\" alt=\"\" srcset=\"https:\/\/holz-authentisch.de\/wp-content\/uploads\/2023\/01\/eeeee-1024x378.png 1024w, https:\/\/holz-authentisch.de\/wp-content\/uploads\/2023\/01\/eeeee-300x111.png 300w, https:\/\/holz-authentisch.de\/wp-content\/uploads\/2023\/01\/eeeee-768x283.png 768w, https:\/\/holz-authentisch.de\/wp-content\/uploads\/2023\/01\/eeeee-510x188.png 510w, https:\/\/holz-authentisch.de\/wp-content\/uploads\/2023\/01\/eeeee.png 1512w\" sizes=\"auto, (max-width: 1020px) 100vw, 1020px\" \/>\t\t\t\t\t\t\n\t\t\t\t\t<\/div>\n\t\t\t\t\t\t<\/a>\t\t\n<style>\n#image_614671272 {\n  width: 79%;\n}\n<\/style>\n\t<\/div>\n\t\n\n\n<p><strong>Partner f\u00fcr die Herstellung unserer mediterranen Landhausdielen<\/strong><\/p>\n\n\t\t<\/div>\n\t\t\t\t\t<\/div>\n\n\t\n\n\t<div id=\"col-1255245028\" class=\"col medium-4 small-12 large-4\"  >\n\t\t\t\t<div class=\"col-inner\"  >\n\t\t\t\n\t\t\t\n\n\t<div class=\"img has-hover x md-x lg-x y md-y lg-y\" id=\"image_2141344186\">\n\t\t<a class=\"\" href=\"https:\/\/www.schreinerei-bernbeuren.de\" >\t\t\t\t\t\t<div class=\"img-inner dark\" >\n\t\t\t<img loading=\"lazy\" decoding=\"async\" width=\"1020\" height=\"412\" src=\"https:\/\/holz-authentisch.de\/wp-content\/uploads\/2023\/11\/logo-1024x414.png\" class=\"attachment-large size-large\" alt=\"Logo Schreinerei Rudi Fischer\" srcset=\"https:\/\/holz-authentisch.de\/wp-content\/uploads\/2023\/11\/logo-1024x414.png 1024w, https:\/\/holz-authentisch.de\/wp-content\/uploads\/2023\/11\/logo-300x121.png 300w, https:\/\/holz-authentisch.de\/wp-content\/uploads\/2023\/11\/logo-768x311.png 768w, https:\/\/holz-authentisch.de\/wp-content\/uploads\/2023\/11\/logo-510x206.png 510w, https:\/\/holz-authentisch.de\/wp-content\/uploads\/2023\/11\/logo.png 1532w\" sizes=\"auto, (max-width: 1020px) 100vw, 1020px\" \/>\t\t\t\t\t\t\n\t\t\t\t\t<\/div>\n\t\t\t\t\t\t<\/a>\t\t\n<style>\n#image_2141344186 {\n  width: 100%;\n}\n<\/style>\n\t<\/div>\n\t\n\n<p><strong>Partnerschreinerei mit professionellem CNC-Bearbeitungszentrum und Lohnfr\u00e4sungen\u00a0<\/strong><\/p>\n<p>\u00a0<\/p>\n\n\t\t<\/div>\n\t\t\t\t\t<\/div>\n\n\t\n\n<\/div>\n<div class=\"is-divider divider clearfix\" ><\/div>\n\n<div class=\"row\"  id=\"row-684904187\">\n\n\n\t<div id=\"col-1183163761\" class=\"col medium-4 small-12 large-4\"  >\n\t\t\t\t<div class=\"col-inner\"  >\n\t\t\t\n\t\t\t\n\n\t<div class=\"img has-hover x md-x lg-x y md-y lg-y\" id=\"image_338873943\">\n\t\t<a class=\"\" href=\"https:\/\/naturholzmoebel-lindl.de\" target=\"_blank\" rel=\"noopener\" >\t\t\t\t\t\t<div class=\"img-inner dark\" >\n\t\t\t<img loading=\"lazy\" decoding=\"async\" width=\"1020\" height=\"321\" src=\"https:\/\/holz-authentisch.de\/wp-content\/uploads\/2023\/01\/Image-1-1024x322.png\" class=\"attachment-large size-large\" alt=\"\" srcset=\"https:\/\/holz-authentisch.de\/wp-content\/uploads\/2023\/01\/Image-1-1024x322.png 1024w, https:\/\/holz-authentisch.de\/wp-content\/uploads\/2023\/01\/Image-1-300x94.png 300w, https:\/\/holz-authentisch.de\/wp-content\/uploads\/2023\/01\/Image-1-768x242.png 768w, https:\/\/holz-authentisch.de\/wp-content\/uploads\/2023\/01\/Image-1-1536x483.png 1536w, https:\/\/holz-authentisch.de\/wp-content\/uploads\/2023\/01\/Image-1-510x160.png 510w, https:\/\/holz-authentisch.de\/wp-content\/uploads\/2023\/01\/Image-1.png 1755w\" sizes=\"auto, (max-width: 1020px) 100vw, 1020px\" \/>\t\t\t\t\t\t\n\t\t\t\t\t<\/div>\n\t\t\t\t\t\t<\/a>\t\t\n<style>\n#image_338873943 {\n  width: 89%;\n}\n<\/style>\n\t<\/div>\n\t\n\n\n\t\t<\/div>\n\t\t\t\t\t<\/div>\n\n\t\n\n\t<div id=\"col-1957507984\" class=\"col medium-4 small-12 large-4\"  >\n\t\t\t\t<div class=\"col-inner\"  >\n\t\t\t\n\t\t\t\n\n\t<div class=\"img has-hover x md-x lg-x y md-y lg-y\" id=\"image_1312063944\">\n\t\t<a class=\"\" href=\"https:\/\/www.drechslerei-adomat.de\" target=\"_blank\" rel=\"noopener\" >\t\t\t\t\t\t<div class=\"img-inner dark\" >\n\t\t\t<img loading=\"lazy\" decoding=\"async\" width=\"292\" height=\"197\" src=\"https:\/\/holz-authentisch.de\/wp-content\/uploads\/2023\/01\/Logo-Martin-Adomat.png\" class=\"attachment-large size-large\" alt=\"\" \/>\t\t\t\t\t\t\n\t\t\t\t\t<\/div>\n\t\t\t\t\t\t<\/a>\t\t\n<style>\n#image_1312063944 {\n  width: 81%;\n}\n<\/style>\n\t<\/div>\n\t\n\n\n\t\t<\/div>\n\t\t\t\t\t<\/div>\n\n\t\n\n\t<div id=\"col-1487452260\" class=\"col medium-4 small-12 large-4\"  >\n\t\t\t\t<div class=\"col-inner\"  >\n\t\t\t\n\t\t\t\n\n\t<div class=\"img has-hover x md-x lg-x y md-y lg-y\" id=\"image_86626067\">\n\t\t<a class=\"\" href=\"https:\/\/weinnatur.de\" target=\"_blank\" rel=\"noopener\" >\t\t\t\t\t\t<div class=\"img-inner dark\" >\n\t\t\t<img loading=\"lazy\" decoding=\"async\" width=\"225\" height=\"225\" src=\"https:\/\/holz-authentisch.de\/wp-content\/uploads\/2023\/01\/Download.png\" class=\"attachment-medium size-medium\" alt=\"\" srcset=\"https:\/\/holz-authentisch.de\/wp-content\/uploads\/2023\/01\/Download.png 225w, https:\/\/holz-authentisch.de\/wp-content\/uploads\/2023\/01\/Download-150x150.png 150w, https:\/\/holz-authentisch.de\/wp-content\/uploads\/2023\/01\/Download-100x100.png 100w\" sizes=\"auto, (max-width: 225px) 100vw, 225px\" \/>\t\t\t\t\t\t\n\t\t\t\t\t<\/div>\n\t\t\t\t\t\t<\/a>\t\t\n<style>\n#image_86626067 {\n  width: 45%;\n}\n<\/style>\n\t<\/div>\n\t\n\n\n\t\t<\/div>\n\t\t\t\t\t<\/div>\n\n\t\n\n<\/div>\n<div class=\"row\"  id=\"row-762727906\">\n\n\n\t<div id=\"col-1472461882\" class=\"col medium-4 small-12 large-4\"  >\n\t\t\t\t<div class=\"col-inner\"  >\n\t\t\t\n\t\t\t\n\n<p><strong>Partner f\u00fcr die Herstellung hochwertiger M\u00f6bel aus unseren H\u00f6lzern. <\/strong><strong>Naturholzm\u00f6bel &amp; Monochorde<\/strong><br \/><strong>in Ihrem Design Auftrag &amp; Selbstbau von Wohn- und Klangm\u00f6beln<\/strong><\/p>\n\n\t\t<\/div>\n\t\t\t\t\t<\/div>\n\n\t\n\n\t<div id=\"col-1538562069\" class=\"col medium-4 small-12 large-4\"  >\n\t\t\t\t<div class=\"col-inner\"  >\n\t\t\t\n\t\t\t\n\n<p style=\"text-align: center;\"><strong>Drechselkurse im Allg\u00e4u bei einer echten Drechslerkoryph\u00e4e&nbsp; <\/strong><b><\/b><\/p>\n\n\t\t<\/div>\n\t\t\t\t\t<\/div>\n\n\t\n\n\t<div id=\"col-1080066927\" class=\"col medium-4 small-12 large-4\"  >\n\t\t\t\t<div class=\"col-inner\"  >\n\t\t\t\n\t\t\t\n\n<p><strong>Weinladen mit Onlineshop f\u00fcr besondere Weine aus Slowenien und Sardinien<\/strong><\/p>\n\n\t\t<\/div>\n\t\t\t\t\t<\/div>\n\n\t\n\n<\/div>\n<div class=\"row\"  id=\"row-2060119248\">\n\n\n\t<div id=\"col-395022654\" class=\"col medium-4 small-12 large-4\"  >\n\t\t\t\t<div class=\"col-inner\"  >\n\t\t\t\n\t\t\t\n\n\t<div class=\"img has-hover x md-x lg-x y md-y lg-y\" id=\"image_310481212\">\n\t\t<a class=\"\" href=\"https:\/\/www.holzsammlung.at\" target=\"_blank\" rel=\"noopener\" >\t\t\t\t\t\t<div class=\"img-inner dark\" >\n\t\t\t<img loading=\"lazy\" decoding=\"async\" width=\"1020\" height=\"434\" src=\"https:\/\/holz-authentisch.de\/wp-content\/uploads\/2023\/01\/holzsammlung-logo-1920w-1024x436.webp\" class=\"attachment-large size-large\" alt=\"\" srcset=\"https:\/\/holz-authentisch.de\/wp-content\/uploads\/2023\/01\/holzsammlung-logo-1920w-1024x436.webp 1024w, https:\/\/holz-authentisch.de\/wp-content\/uploads\/2023\/01\/holzsammlung-logo-1920w-300x128.webp 300w, https:\/\/holz-authentisch.de\/wp-content\/uploads\/2023\/01\/holzsammlung-logo-1920w-768x327.webp 768w, https:\/\/holz-authentisch.de\/wp-content\/uploads\/2023\/01\/holzsammlung-logo-1920w-1536x654.webp 1536w, https:\/\/holz-authentisch.de\/wp-content\/uploads\/2023\/01\/holzsammlung-logo-1920w-510x217.webp 510w, https:\/\/holz-authentisch.de\/wp-content\/uploads\/2023\/01\/holzsammlung-logo-1920w.webp 1920w\" sizes=\"auto, (max-width: 1020px) 100vw, 1020px\" \/>\t\t\t\t\t\t\n\t\t\t\t\t<\/div>\n\t\t\t\t\t\t<\/a>\t\t\n<style>\n#image_310481212 {\n  width: 82%;\n}\n<\/style>\n\t<\/div>\n\t\n\n\n\t\t<\/div>\n\t\t\t\t\t<\/div>\n\n\t\n\n\t<div id=\"col-1862672737\" class=\"col medium-4 small-12 large-4\"  >\n\t\t\t\t<div class=\"col-inner\"  >\n\t\t\t\n\t\t\t\n\n\n\t\t<\/div>\n\t\t\t\t\t<\/div>\n\n\t\n\n\t<div id=\"col-1104386381\" class=\"col medium-4 small-12 large-4\"  >\n\t\t\t\t<div class=\"col-inner\"  >\n\t\t\t\n\t\t\t\n\n\n\t\t<\/div>\n\t\t\t\t\t<\/div>\n\n\t\n\n<\/div>\n<div class=\"row\"  id=\"row-162481357\">\n\n\n\t<div id=\"col-2124350824\" class=\"col medium-4 small-12 large-4\"  >\n\t\t\t\t<div class=\"col-inner\"  >\n\t\t\t\n\t\t\t\n\n<p><strong>Die Holzartenbox f\u00fcr Holzsammler, mit Ratespiel zur Holzartenbestimmung. Auch f\u00fcr p\u00e4dagogische Zwecke geeignet<\/strong><\/p>\n\n\t\t<\/div>\n\t\t\t\t\t<\/div>\n\n\t\n\n\t<div id=\"col-1293245579\" class=\"col medium-4 small-12 large-4\"  >\n\t\t\t\t<div class=\"col-inner\"  >\n\t\t\t\n\t\t\t\n\n\n\t\t<\/div>\n\t\t\t\t\t<\/div>\n\n\t\n\n\t<div id=\"col-155400443\" class=\"col medium-4 small-12 large-4\"  >\n\t\t\t\t<div class=\"col-inner\"  >\n\t\t\t\n\t\t\t\n\n\n\t\t<\/div>\n\t\t\t\t\t<\/div>\n\n\t\n\n<\/div>\n<div class=\"text-center\"><div class=\"is-divider divider clearfix\" style=\"max-width:10000px;background-color:rgb(57, 15, 15);\"><\/div><\/div>\n\n\n","protected":false},"excerpt":{"rendered":"","protected":false},"author":372,"featured_media":0,"parent":0,"menu_order":0,"comment_status":"closed","ping_status":"closed","template":"page-blank.php","meta":{"footnotes":""},"class_list":["post-27497","page","type-page","status-publish","hentry"],"yoast_head":"<!-- This site is optimized with the Yoast SEO plugin v27.5 - https:\/\/yoast.com\/product\/yoast-seo-wordpress\/ -->\n<title>Partner | Legno Autentico<\/title>\n<meta name=\"description\" content=\"Partner del commercio di legno nobile Holz Authentisch, produzione di tavole per pavimenti di case di campagna mediterranee di alta qualit\u00e0, commercio di legno nobile\" \/>\n<meta name=\"robots\" content=\"index, follow, max-snippet:-1, max-image-preview:large, max-video-preview:-1\" \/>\n<link rel=\"canonical\" href=\"https:\/\/holz-authentisch.de\/it\/partner\" \/>\n<meta property=\"og:locale\" content=\"it_IT\" \/>\n<meta property=\"og:type\" content=\"article\" \/>\n<meta property=\"og:title\" content=\"Partner | Legno Autentico\" \/>\n<meta property=\"og:description\" content=\"Partner del commercio di legno nobile Holz Authentisch, produzione di tavole per pavimenti di case di campagna mediterranee di alta qualit\u00e0, commercio di legno nobile\" \/>\n<meta property=\"og:url\" content=\"https:\/\/holz-authentisch.de\/it\/partner\" \/>\n<meta property=\"og:site_name\" content=\"Holz Authentisch\" \/>\n<meta property=\"article:modified_time\" content=\"2024-07-10T13:39:36+00:00\" \/>\n<meta name=\"twitter:card\" content=\"summary_large_image\" \/>\n<meta name=\"twitter:label1\" content=\"Tempo di lettura stimato\" \/>\n\t<meta name=\"twitter:data1\" content=\"1 minuto\" \/>\n<script type=\"application\/ld+json\" class=\"yoast-schema-graph\">{\"@context\":\"https:\\\/\\\/schema.org\",\"@graph\":[{\"@type\":\"WebPage\",\"@id\":\"https:\\\/\\\/holz-authentisch.de\\\/it\\\/partner\",\"url\":\"https:\\\/\\\/holz-authentisch.de\\\/it\\\/partner\",\"name\":\"Partner | Legno Autentico\",\"isPartOf\":{\"@id\":\"https:\\\/\\\/holz-authentisch.de\\\/it#website\"},\"datePublished\":\"2023-01-30T11:58:47+00:00\",\"dateModified\":\"2024-07-10T13:39:36+00:00\",\"description\":\"Partner del commercio di legno nobile Holz Authentisch, produzione di tavole per pavimenti di case di campagna mediterranee di alta qualit\u00e0, commercio di legno nobile\",\"breadcrumb\":{\"@id\":\"https:\\\/\\\/holz-authentisch.de\\\/it\\\/partner#breadcrumb\"},\"inLanguage\":\"it-IT\",\"potentialAction\":[{\"@type\":\"ReadAction\",\"target\":[\"https:\\\/\\\/holz-authentisch.de\\\/it\\\/partner\"]}]},{\"@type\":\"BreadcrumbList\",\"@id\":\"https:\\\/\\\/holz-authentisch.de\\\/it\\\/partner#breadcrumb\",\"itemListElement\":[{\"@type\":\"ListItem\",\"position\":1,\"name\":\"Startseite\",\"item\":\"https:\\\/\\\/holz-authentisch.de\\\/it\"},{\"@type\":\"ListItem\",\"position\":2,\"name\":\"Partner\"}]},{\"@type\":\"WebSite\",\"@id\":\"https:\\\/\\\/holz-authentisch.de\\\/it#website\",\"url\":\"https:\\\/\\\/holz-authentisch.de\\\/it\",\"name\":\"Holz Authentisch\",\"description\":\"Schnittholz \u00b7 M\u00f6bel \u00b7 B\u00f6den \u00b7 Verarbeitung &amp; mehr\",\"potentialAction\":[{\"@type\":\"SearchAction\",\"target\":{\"@type\":\"EntryPoint\",\"urlTemplate\":\"https:\\\/\\\/holz-authentisch.de\\\/it?s={search_term_string}\"},\"query-input\":{\"@type\":\"PropertyValueSpecification\",\"valueRequired\":true,\"valueName\":\"search_term_string\"}}],\"inLanguage\":\"it-IT\"}]}<\/script>\n<!-- \/ Yoast SEO plugin. -->","yoast_head_json":{"title":"Partner | Legno Autentico","description":"Partner del commercio di legno nobile Holz Authentisch, produzione di tavole per pavimenti di case di campagna mediterranee di alta qualit\u00e0, commercio di legno nobile","robots":{"index":"index","follow":"follow","max-snippet":"max-snippet:-1","max-image-preview":"max-image-preview:large","max-video-preview":"max-video-preview:-1"},"canonical":"https:\/\/holz-authentisch.de\/it\/partner","og_locale":"it_IT","og_type":"article","og_title":"Partner | Legno Autentico","og_description":"Partner del commercio di legno nobile Holz Authentisch, produzione di tavole per pavimenti di case di campagna mediterranee di alta qualit\u00e0, commercio di legno nobile","og_url":"https:\/\/holz-authentisch.de\/it\/partner","og_site_name":"Holz Authentisch","article_modified_time":"2024-07-10T13:39:36+00:00","twitter_card":"summary_large_image","twitter_misc":{"Tempo di lettura stimato":"1 minuto"},"schema":{"@context":"https:\/\/schema.org","@graph":[{"@type":"WebPage","@id":"https:\/\/holz-authentisch.de\/it\/partner","url":"https:\/\/holz-authentisch.de\/it\/partner","name":"Partner | Legno Autentico","isPartOf":{"@id":"https:\/\/holz-authentisch.de\/it#website"},"datePublished":"2023-01-30T11:58:47+00:00","dateModified":"2024-07-10T13:39:36+00:00","description":"Partner del commercio di legno nobile Holz Authentisch, produzione di tavole per pavimenti di case di campagna mediterranee di alta qualit\u00e0, commercio di legno nobile","breadcrumb":{"@id":"https:\/\/holz-authentisch.de\/it\/partner#breadcrumb"},"inLanguage":"it-IT","potentialAction":[{"@type":"ReadAction","target":["https:\/\/holz-authentisch.de\/it\/partner"]}]},{"@type":"BreadcrumbList","@id":"https:\/\/holz-authentisch.de\/it\/partner#breadcrumb","itemListElement":[{"@type":"ListItem","position":1,"name":"Startseite","item":"https:\/\/holz-authentisch.de\/it"},{"@type":"ListItem","position":2,"name":"Partner"}]},{"@type":"WebSite","@id":"https:\/\/holz-authentisch.de\/it#website","url":"https:\/\/holz-authentisch.de\/it","name":"Holz Authentisch","description":"Schnittholz \u00b7 M\u00f6bel \u00b7 B\u00f6den \u00b7 Verarbeitung &amp; mehr","potentialAction":[{"@type":"SearchAction","target":{"@type":"EntryPoint","urlTemplate":"https:\/\/holz-authentisch.de\/it?s={search_term_string}"},"query-input":{"@type":"PropertyValueSpecification","valueRequired":true,"valueName":"search_term_string"}}],"inLanguage":"it-IT"}]}},"_links":{"self":[{"href":"https:\/\/holz-authentisch.de\/it\/wp-json\/wp\/v2\/pages\/27497","targetHints":{"allow":["GET"]}}],"collection":[{"href":"https:\/\/holz-authentisch.de\/it\/wp-json\/wp\/v2\/pages"}],"about":[{"href":"https:\/\/holz-authentisch.de\/it\/wp-json\/wp\/v2\/types\/page"}],"author":[{"embeddable":true,"href":"https:\/\/holz-authentisch.de\/it\/wp-json\/wp\/v2\/users\/372"}],"replies":[{"embeddable":true,"href":"https:\/\/holz-authentisch.de\/it\/wp-json\/wp\/v2\/comments?post=27497"}],"version-history":[{"count":11,"href":"https:\/\/holz-authentisch.de\/it\/wp-json\/wp\/v2\/pages\/27497\/revisions"}],"predecessor-version":[{"id":28222,"href":"https:\/\/holz-authentisch.de\/it\/wp-json\/wp\/v2\/pages\/27497\/revisions\/28222"}],"wp:attachment":[{"href":"https:\/\/holz-authentisch.de\/it\/wp-json\/wp\/v2\/media?parent=27497"}],"curies":[{"name":"wp","href":"https:\/\/api.w.org\/{rel}","templated":true}]}}